{"id":117522,"date":"2024-07-18T08:13:46","date_gmt":"2024-07-18T06:13:46","guid":{"rendered":"https:\/\/autostil.ba\/maloprodaja\/?post_type=product&#038;p=117522"},"modified":"2026-04-08T11:45:07","modified_gmt":"2026-04-08T09:45:07","slug":"tecnost-za-ciscenje-koze-150ml-foamer","status":"publish","type":"product","link":"https:\/\/autostil.ba\/maloprodaja\/proizvod\/12440\/tecnost-za-ciscenje-koze-150ml-foamer\/","title":{"rendered":"TE\u010cNOST ZA \u010cI\u0160\u0106ENJE KO\u017dE 150ml + FOAMER"},"content":{"rendered":"","protected":false},"excerpt":{"rendered":"<p>RRCustoms BadBoys Sredstvo za \u010di\u0161\u0107enje ko\u017ee<br \/>\nSna\u017ean je i efikasan proizvod za \u010di\u0161\u0107enje. Uklanja prljav\u0161tinu i mrlje sa glatke ko\u017ee. Zahvaljuju\u0107i svojoj jakoj formuli, u stanju je da se nosi sa zapu\u0161tenom ko\u017eom i bezbedno vrati njenu originalnu boju. Neutralizira neugodne mirise kao \u0161to su dim cigarete, ljudski znoj, kuhinjski mirisi itd. Proizvod s mirisom ko\u017ee.<\/p>\n<p>Karakteristike proizvoda:<br \/>\nSpecijalisti\u010dki preparat za \u010di\u0161\u0107enje glatke auto ko\u017ee (tako\u0111e ventilirane), namje\u0161taja i ko\u017ene galanterije<br \/>\nPosebno se preporu\u010duje za jako zaprljane, svijetle presvlake<br \/>\nSpreman za upotrebu<br \/>\nBlago alkalni pH<br \/>\nPrijatnog mirisa<br \/>\nSiguran za \u010di\u0161\u0107enje<br \/>\nPovr\u0161ine ako se koriste prema preporuci<br \/>\nProizvod se ne smije koristiti za grubu ko\u017eu: nubuk, antilop, velur, anilinsku ko\u017eu<br \/>\nUpotreba:<br \/>\nNe\u017eno i temeljno usisajte povr\u0161inu<br \/>\nProtresti prije upotrebe<br \/>\nNanesite \u010detkom ili sun\u0111erom<br \/>\n\u010cistite kru\u017enim ili popre\u010dnim pokretima, ovisno o povr\u0161ini<br \/>\n\u010cistiti ve\u0107e elemente u nekoliko faza, preko manjih fragmenata<br \/>\nKontrolirajte proces \u010di\u0161\u0107enja, ovisno o stepenu zaprljanosti, isperite \u010detku\/spu\u017evu u \u010distoj vodi<br \/>\nUklonite ostatak proizvoda vla\u017enom krpom od mikrovlakana<br \/>\nOsu\u0161ite \u010distom krpom od mikrovlakana<br \/>\nNakon \u010di\u0161\u0107enja povr\u0161ine sredstvom za \u010di\u0161\u0107enje ko\u017ee, preporu\u010dujemo nano\u0161enje regeneratora za ko\u017eu (mat ili satenski) za o\u010duvanje i davanje elasti\u010dnosti ko\u017ee<br \/>\nPreporuke:<br \/>\nPrije prve upotrebe, testirajte proizvod na manje vidljivom mjestu za\u0161titite ko\u017eu ruku tokom nano\u0161enja; proizvod mo\u017ee izazvati iritaciju ko\u017ee; koristiti za\u0161titne rukavice\/odje\u0107u\/za\u0161titu za o\u010di\/za\u0161titu za lice temeljito oprati ruke nakon upotrebe \u010duvati na suhom i hladnom mjestu na 5-25\u00b0C ne izlagati smrzavanju ili pregrijavanju ne ostaviti da se osu\u0161i na povr\u0161ini dr\u017eati van doma\u0161aja dje\u010djih proizvoda za profesionalnu upotrebu<\/p>\n","protected":false},"featured_media":117523,"comment_status":"open","ping_status":"closed","template":"","meta":{"_acf_changed":false,"inline_featured_image":false},"product_brand":[],"product_cat":[164],"product_tag":[],"class_list":{"0":"post-117522","1":"product","2":"type-product","3":"status-publish","4":"has-post-thumbnail","6":"product_cat-car-detailing","8":"first","9":"instock","10":"taxable","11":"shipping-taxable","12":"purchasable","13":"product-type-simple"},"acf":[],"custom_product_id":"12440","_links":{"self":[{"href":"https:\/\/autostil.ba\/maloprodaja\/wp-json\/wp\/v2\/product\/117522","targetHints":{"allow":["GET"]}}],"collection":[{"href":"https:\/\/autostil.ba\/maloprodaja\/wp-json\/wp\/v2\/product"}],"about":[{"href":"https:\/\/autostil.ba\/maloprodaja\/wp-json\/wp\/v2\/types\/product"}],"replies":[{"embeddable":true,"href":"https:\/\/autostil.ba\/maloprodaja\/wp-json\/wp\/v2\/comments?post=117522"}],"version-history":[{"count":2,"href":"https:\/\/autostil.ba\/maloprodaja\/wp-json\/wp\/v2\/product\/117522\/revisions"}],"predecessor-version":[{"id":793050629,"href":"https:\/\/autostil.ba\/maloprodaja\/wp-json\/wp\/v2\/product\/117522\/revisions\/793050629"}],"wp:featuredmedia":[{"embeddable":true,"href":"https:\/\/autostil.ba\/maloprodaja\/wp-json\/wp\/v2\/media\/117523"}],"wp:attachment":[{"href":"https:\/\/autostil.ba\/maloprodaja\/wp-json\/wp\/v2\/media?parent=117522"}],"wp:term":[{"taxonomy":"product_brand","embeddable":true,"href":"https:\/\/autostil.ba\/maloprodaja\/wp-json\/wp\/v2\/product_brand?post=117522"},{"taxonomy":"product_cat","embeddable":true,"href":"https:\/\/autostil.ba\/maloprodaja\/wp-json\/wp\/v2\/product_cat?post=117522"},{"taxonomy":"product_tag","embeddable":true,"href":"https:\/\/autostil.ba\/maloprodaja\/wp-json\/wp\/v2\/product_tag?post=117522"}],"curies":[{"name":"wp","href":"https:\/\/api.w.org\/{rel}","templated":true}]}}