{"id":117492,"date":"2025-12-17T09:45:45","date_gmt":"2025-12-17T07:45:45","guid":{"rendered":"https:\/\/autostil.ba\/maloprodaja\/?post_type=product&#038;p=117492"},"modified":"2026-04-08T11:45:06","modified_gmt":"2026-04-08T09:45:06","slug":"sampon-alkalni-500ml-profesionalni","status":"publish","type":"product","link":"https:\/\/autostil.ba\/maloprodaja\/proizvod\/12602\/sampon-alkalni-500ml-profesionalni\/","title":{"rendered":"\u0160AMPON ALKALNI 500ml PROFESIONALNI"},"content":{"rendered":"","protected":false},"excerpt":{"rendered":"<p>Alkalni \u0161ampon, sa pobolj\u0161anom formulom, ima mnogo bolja svojstva \u010di\u0161\u0107enja od neutralnog \u0161ampona.<br \/>\nDizajniran za uklanjanje te\u0161ke prljav\u0161tine sa karoserije automobila.<br \/>\nBezbedan za tvrde voskove i kerami\u010dke premaze.<br \/>\nPotpuno siguran za auto farbe, felge, zaptivke i prozore.<\/p>\n<p>Upotreba:<br \/>\nObavite beskontaktno pretpranje koriste\u0107i aktivnu pjenu ili pretpranje (TFR),<br \/>\npripremite otopinu mije\u0161anjem \u0161ampona sa vodom, koristite 25 ml \u0161ampona na 10 l vode, preporu\u010dujemo pranje u &#8216;dvije kante&#8217;, po\u010dev\u0161i od krova, prema dolje koriste\u0107i RRC vunenu rukavicu i kante sa separatorom,<br \/>\nisperite vozilo vodom (po mogu\u0107nosti crijevo pod pritiskom) kako biste uklonili preostalu prljav\u0161tinu i ostatke.<br \/>\nEfekat &#8216;kremaste pjene&#8217; \u0161ampona mo\u017ee se posti\u0107i samo mije\u0161anjem s vodom pomo\u0107u pera\u010da pod pritiskom (\u0161ampon sipajte u kantu, a zatim vodu pod pritiskom), prije nano\u0161enja provjerite da li je o\u010di\u0161\u0107ena povr\u0161ina hladna, nemojte prati automobil u direktnoj sun\u010devoj svetlosti i kada je izlo\u017een vetru \u010duvati na suvom i hladnom mestu na 5-25C, ne izlagati smrzavanju ili pregrevanju, ne ostavljati da se osu\u0161i, \u010duvati van doma\u0161aja dece.<\/p>\n","protected":false},"featured_media":117493,"comment_status":"open","ping_status":"closed","template":"","meta":{"_acf_changed":false,"inline_featured_image":false},"product_brand":[],"product_cat":[164],"product_tag":[],"class_list":{"0":"post-117492","1":"product","2":"type-product","3":"status-publish","4":"has-post-thumbnail","6":"product_cat-car-detailing","8":"first","9":"instock","10":"taxable","11":"shipping-taxable","12":"purchasable","13":"product-type-simple"},"acf":[],"custom_product_id":"12602","_links":{"self":[{"href":"https:\/\/autostil.ba\/maloprodaja\/wp-json\/wp\/v2\/product\/117492","targetHints":{"allow":["GET"]}}],"collection":[{"href":"https:\/\/autostil.ba\/maloprodaja\/wp-json\/wp\/v2\/product"}],"about":[{"href":"https:\/\/autostil.ba\/maloprodaja\/wp-json\/wp\/v2\/types\/product"}],"replies":[{"embeddable":true,"href":"https:\/\/autostil.ba\/maloprodaja\/wp-json\/wp\/v2\/comments?post=117492"}],"version-history":[{"count":2,"href":"https:\/\/autostil.ba\/maloprodaja\/wp-json\/wp\/v2\/product\/117492\/revisions"}],"predecessor-version":[{"id":793055969,"href":"https:\/\/autostil.ba\/maloprodaja\/wp-json\/wp\/v2\/product\/117492\/revisions\/793055969"}],"wp:featuredmedia":[{"embeddable":true,"href":"https:\/\/autostil.ba\/maloprodaja\/wp-json\/wp\/v2\/media\/117493"}],"wp:attachment":[{"href":"https:\/\/autostil.ba\/maloprodaja\/wp-json\/wp\/v2\/media?parent=117492"}],"wp:term":[{"taxonomy":"product_brand","embeddable":true,"href":"https:\/\/autostil.ba\/maloprodaja\/wp-json\/wp\/v2\/product_brand?post=117492"},{"taxonomy":"product_cat","embeddable":true,"href":"https:\/\/autostil.ba\/maloprodaja\/wp-json\/wp\/v2\/product_cat?post=117492"},{"taxonomy":"product_tag","embeddable":true,"href":"https:\/\/autostil.ba\/maloprodaja\/wp-json\/wp\/v2\/product_tag?post=117492"}],"curies":[{"name":"wp","href":"https:\/\/api.w.org\/{rel}","templated":true}]}}