{"id":117472,"date":"2024-07-18T08:13:44","date_gmt":"2024-07-18T08:13:44","guid":{"rendered":"https:\/\/autostil.ba\/maloprodaja\/?post_type=product&#038;p=117472"},"modified":"2026-04-08T11:45:06","modified_gmt":"2026-04-08T09:45:06","slug":"aktivna-pjena-u-boji-set-9-1","status":"publish","type":"product","link":"https:\/\/autostil.ba\/maloprodaja\/proizvod\/12609\/aktivna-pjena-u-boji-set-9-1\/","title":{"rendered":"AKTIVNA PJENA U BOJI SET 9\/1"},"content":{"rendered":"","protected":false},"excerpt":{"rendered":"<p>Njihova glavna namjena je da se koriste za izlog i marketing.<br \/>\n Neki od njih se trajno zaprljaju, ostavljaju\u0107i boju na mat povr\u0161inama nekoliko sedmica. Set uklju\u010duje devet pakovanja od 100 ml i 9 pari nitrilnih rukavica. Pjena sa prekrasnim intenzivnim mirisom.<\/p>\n<p> Upotreba:<br \/>\nProtresite bocu prije upotrebe<br \/>\nPripremite otopinu mije\u0161anjem pjene s vodom, obi\u010dno 1:10 za generator pjene spojen na pera\u010d pod pritiskom<br \/>\nPokrijte suv auto aktivnom pjenom, nanesite odozdo prema gore<br \/>\nOstavite pjenu nekoliko minuta da omek\u0161a i otpusti prljav\u0161tinu, ne dozvolite da se osu\u0161i<br \/>\nIsperite automobil vodom, najbolje pod pritiskom<br \/>\nImajte na umu da neutralna aktivna pjena ne\u0107e oprati automobil, ona slu\u017ei kao pretpranje za pripremu povr\u0161ine za pravilno pranje<\/p>\n<p>Preporuke:<br \/>\n\u010cuvati na suvom i hladnom mestu na 5-25?<br \/>\nnemojte izlagati smrzavanju ili pregrijavanju<br \/>\nne ostavljajte da se osu\u0161i<br \/>\nprije nano\u0161enja provjerite je li povr\u0161ina koju \u010distite hladna<br \/>\nne perite auto na direktnom suncu<br \/>\n\u010duvati izvan dohvata djece<br \/>\nboca se mo\u017ee deformirati, promjena oblika boce ne utje\u010de na kvalitetu proizvoda;<br \/>\nisperite bocu vodom prije bacanja;<br \/>\nproizvod mo\u017ee uzrokovati trajno obojenje povr\u0161ine!<br \/>\nda bi se ovaj efekat minimizirao, prvo premjestite osjetljivu povr\u0161inu.<\/p>\n","protected":false},"featured_media":117473,"comment_status":"open","ping_status":"closed","template":"","meta":{"_acf_changed":false,"inline_featured_image":false},"product_brand":[],"product_cat":[164],"product_tag":[],"class_list":{"0":"post-117472","1":"product","2":"type-product","3":"status-publish","4":"has-post-thumbnail","6":"product_cat-car-detailing","8":"first","9":"instock","10":"taxable","11":"shipping-taxable","12":"purchasable","13":"product-type-simple"},"acf":[],"custom_product_id":"12609","_links":{"self":[{"href":"https:\/\/autostil.ba\/maloprodaja\/wp-json\/wp\/v2\/product\/117472","targetHints":{"allow":["GET"]}}],"collection":[{"href":"https:\/\/autostil.ba\/maloprodaja\/wp-json\/wp\/v2\/product"}],"about":[{"href":"https:\/\/autostil.ba\/maloprodaja\/wp-json\/wp\/v2\/types\/product"}],"replies":[{"embeddable":true,"href":"https:\/\/autostil.ba\/maloprodaja\/wp-json\/wp\/v2\/comments?post=117472"}],"version-history":[{"count":1,"href":"https:\/\/autostil.ba\/maloprodaja\/wp-json\/wp\/v2\/product\/117472\/revisions"}],"predecessor-version":[{"id":117474,"href":"https:\/\/autostil.ba\/maloprodaja\/wp-json\/wp\/v2\/product\/117472\/revisions\/117474"}],"wp:featuredmedia":[{"embeddable":true,"href":"https:\/\/autostil.ba\/maloprodaja\/wp-json\/wp\/v2\/media\/117473"}],"wp:attachment":[{"href":"https:\/\/autostil.ba\/maloprodaja\/wp-json\/wp\/v2\/media?parent=117472"}],"wp:term":[{"taxonomy":"product_brand","embeddable":true,"href":"https:\/\/autostil.ba\/maloprodaja\/wp-json\/wp\/v2\/product_brand?post=117472"},{"taxonomy":"product_cat","embeddable":true,"href":"https:\/\/autostil.ba\/maloprodaja\/wp-json\/wp\/v2\/product_cat?post=117472"},{"taxonomy":"product_tag","embeddable":true,"href":"https:\/\/autostil.ba\/maloprodaja\/wp-json\/wp\/v2\/product_tag?post=117472"}],"curies":[{"name":"wp","href":"https:\/\/api.w.org\/{rel}","templated":true}]}}