{"id":117462,"date":"2024-07-18T08:13:44","date_gmt":"2024-07-18T06:13:44","guid":{"rendered":"https:\/\/autostil.ba\/maloprodaja\/?post_type=product&#038;p=117462"},"modified":"2026-04-08T11:45:02","modified_gmt":"2026-04-08T09:45:02","slug":"sredstvo-za-uklanjanje-kamenca-500ml","status":"publish","type":"product","link":"https:\/\/autostil.ba\/maloprodaja\/proizvod\/12610\/sredstvo-za-uklanjanje-kamenca-500ml\/","title":{"rendered":"SREDSTVO ZA UKLANJANJE KAMENCA 500ml"},"content":{"rendered":"","protected":false},"excerpt":{"rendered":"<p>Proizvod za sigurno uklanjanje lakih mineralnih naslaga sa farbe automobila. Namjenjen odr\u017eavanju kerami\u010dkih premaza i tvrdih premaza (ne utje\u010de \u0161tetno na trajnost takve vrste za\u0161tite)<\/p>\n<p>Upotreba:<\/p>\n<p>Nanesite proizvod pomo\u0107u raspr\u0161iva\u010da, mikrovlakana ili aplikatora.<br \/>\nObri\u0161ite povr\u0161inu nje\u017eno unakrsnim pokretima dok se kamenac ne ukloni.<br \/>\nNakon toga povr\u0161inu isperite vodom pod visokim pritiskom ili obri\u0161ite mokrom krpom kako biste sprije\u010dili rekristalizaciju mineralnih naslaga.<br \/>\nU slu\u010daju tvr\u0111eg taloga ponoviti tretman.<\/p>\n<p>Preporuke:<\/p>\n<p>Ne nanositi na vru\u0107u povr\u0161inu, ne dozvoliti da se proizvod osu\u0161i na o\u010di\u0161\u0107enoj povr\u0161ini.<\/p>\n","protected":false},"featured_media":117463,"comment_status":"open","ping_status":"closed","template":"","meta":{"_acf_changed":false,"inline_featured_image":false},"product_brand":[],"product_cat":[164],"product_tag":[],"class_list":{"0":"post-117462","1":"product","2":"type-product","3":"status-publish","4":"has-post-thumbnail","6":"product_cat-car-detailing","8":"first","9":"instock","10":"taxable","11":"shipping-taxable","12":"purchasable","13":"product-type-simple"},"acf":[],"custom_product_id":"12610","_links":{"self":[{"href":"https:\/\/autostil.ba\/maloprodaja\/wp-json\/wp\/v2\/product\/117462","targetHints":{"allow":["GET"]}}],"collection":[{"href":"https:\/\/autostil.ba\/maloprodaja\/wp-json\/wp\/v2\/product"}],"about":[{"href":"https:\/\/autostil.ba\/maloprodaja\/wp-json\/wp\/v2\/types\/product"}],"replies":[{"embeddable":true,"href":"https:\/\/autostil.ba\/maloprodaja\/wp-json\/wp\/v2\/comments?post=117462"}],"version-history":[{"count":2,"href":"https:\/\/autostil.ba\/maloprodaja\/wp-json\/wp\/v2\/product\/117462\/revisions"}],"predecessor-version":[{"id":793050631,"href":"https:\/\/autostil.ba\/maloprodaja\/wp-json\/wp\/v2\/product\/117462\/revisions\/793050631"}],"wp:featuredmedia":[{"embeddable":true,"href":"https:\/\/autostil.ba\/maloprodaja\/wp-json\/wp\/v2\/media\/117463"}],"wp:attachment":[{"href":"https:\/\/autostil.ba\/maloprodaja\/wp-json\/wp\/v2\/media?parent=117462"}],"wp:term":[{"taxonomy":"product_brand","embeddable":true,"href":"https:\/\/autostil.ba\/maloprodaja\/wp-json\/wp\/v2\/product_brand?post=117462"},{"taxonomy":"product_cat","embeddable":true,"href":"https:\/\/autostil.ba\/maloprodaja\/wp-json\/wp\/v2\/product_cat?post=117462"},{"taxonomy":"product_tag","embeddable":true,"href":"https:\/\/autostil.ba\/maloprodaja\/wp-json\/wp\/v2\/product_tag?post=117462"}],"curies":[{"name":"wp","href":"https:\/\/api.w.org\/{rel}","templated":true}]}}