{"id":117452,"date":"2024-07-18T08:13:43","date_gmt":"2024-07-18T06:13:43","guid":{"rendered":"https:\/\/autostil.ba\/maloprodaja\/?post_type=product&#038;p=117452"},"modified":"2026-04-08T11:45:02","modified_gmt":"2026-04-08T09:45:02","slug":"tecnost-za-odmascivanje-i-pripremu-laka-za-keramicki-premaz","status":"publish","type":"product","link":"https:\/\/autostil.ba\/maloprodaja\/proizvod\/12419\/tecnost-za-odmascivanje-i-pripremu-laka-za-keramicki-premaz\/","title":{"rendered":"TE\u010cNOST ZA ODMA\u0160\u0106IVANJE I PRIPREMU LAKA ZA KERAMI\u010cKI PREMAZ"},"content":{"rendered":"","protected":false},"excerpt":{"rendered":"<p>RRCustoms BadBoys Panel Wipe<br \/>\nProfesionalni proizvod namijenjen pripremi povr\u0161ina za nano\u0161enje kerami\u010dkih premaza. Lako uklanja ostatke paste za poliranje, kao i ostatke ljepila sa maskirnih traka. Uravnote\u017eeno vrijeme isparavanja omogu\u0107ava du\u017ei rad na povr\u0161ini premaza boje. Ostavlja povr\u0161inu odma\u0161\u0107enom i sterilnom. Omogu\u0107ava bolje prianjanje premaza. Proizvod ne sadr\u017ei izopropil alkohol.<\/p>\n<p>Upotreba:<br \/>\nProtresite bo\u010dicu prije upotrebe nanesite Wipe Panel na povr\u0161inu aplikatorom ili mikrovlaknom, temeljito obri\u0161ite o\u010di\u0161\u0107eni element, s drugim mikrovlaknom, uklanjaju\u0107i ostatke proizvoda zajedno sa prljav\u0161tinom, ponovite ove korake ako je potrebno<br \/>\nPreporuke:<br \/>\nPrije prve upotrebe testirajte ga na neupadljivom podru\u010dju prilikom nano\u0161enja, za\u0161titite ko\u017eu ovaj proizvod iritira koristiti za\u0161titne rukavice \/ za\u0161titnu odje\u0107u \/ za\u0161titu za o\u010di \/ za\u0161titu za lice; \u010duvati na hladnom i suvom mestu na 5 \u2013 25 \u00b0C ne dozvoliti da se ovaj proizvod smrzava i ne izlagati UV zra\u010denju ili dozvoliti da se pregreje ne dozvoliti da se osu\u0161i na povr\u0161ini pre nano\u0161enja, proverite da li je povr\u0161ina koja se \u010disti hladna na dodir ne koristiti na direktnoj sun\u010devoj svjetlosti ili na vjetru zapaljivi proizvod dr\u017eati van doma\u0161aja djece<\/p>\n","protected":false},"featured_media":117453,"comment_status":"open","ping_status":"closed","template":"","meta":{"_acf_changed":false,"inline_featured_image":false},"product_brand":[],"product_cat":[164],"product_tag":[],"class_list":{"0":"post-117452","1":"product","2":"type-product","3":"status-publish","4":"has-post-thumbnail","6":"product_cat-car-detailing","8":"first","9":"instock","10":"taxable","11":"shipping-taxable","12":"purchasable","13":"product-type-simple"},"acf":[],"custom_product_id":"12419","_links":{"self":[{"href":"https:\/\/autostil.ba\/maloprodaja\/wp-json\/wp\/v2\/product\/117452","targetHints":{"allow":["GET"]}}],"collection":[{"href":"https:\/\/autostil.ba\/maloprodaja\/wp-json\/wp\/v2\/product"}],"about":[{"href":"https:\/\/autostil.ba\/maloprodaja\/wp-json\/wp\/v2\/types\/product"}],"replies":[{"embeddable":true,"href":"https:\/\/autostil.ba\/maloprodaja\/wp-json\/wp\/v2\/comments?post=117452"}],"version-history":[{"count":2,"href":"https:\/\/autostil.ba\/maloprodaja\/wp-json\/wp\/v2\/product\/117452\/revisions"}],"predecessor-version":[{"id":793050625,"href":"https:\/\/autostil.ba\/maloprodaja\/wp-json\/wp\/v2\/product\/117452\/revisions\/793050625"}],"wp:featuredmedia":[{"embeddable":true,"href":"https:\/\/autostil.ba\/maloprodaja\/wp-json\/wp\/v2\/media\/117453"}],"wp:attachment":[{"href":"https:\/\/autostil.ba\/maloprodaja\/wp-json\/wp\/v2\/media?parent=117452"}],"wp:term":[{"taxonomy":"product_brand","embeddable":true,"href":"https:\/\/autostil.ba\/maloprodaja\/wp-json\/wp\/v2\/product_brand?post=117452"},{"taxonomy":"product_cat","embeddable":true,"href":"https:\/\/autostil.ba\/maloprodaja\/wp-json\/wp\/v2\/product_cat?post=117452"},{"taxonomy":"product_tag","embeddable":true,"href":"https:\/\/autostil.ba\/maloprodaja\/wp-json\/wp\/v2\/product_tag?post=117452"}],"curies":[{"name":"wp","href":"https:\/\/api.w.org\/{rel}","templated":true}]}}