{"id":117432,"date":"2025-12-17T09:49:43","date_gmt":"2025-12-17T07:49:43","guid":{"rendered":"https:\/\/autostil.ba\/maloprodaja\/?post_type=product&#038;p=117432"},"modified":"2026-04-08T11:45:02","modified_gmt":"2026-04-08T09:45:02","slug":"lubrikant-za-glinu-500ml-sa-mirisom-manga","status":"publish","type":"product","link":"https:\/\/autostil.ba\/maloprodaja\/proizvod\/12414\/lubrikant-za-glinu-500ml-sa-mirisom-manga\/","title":{"rendered":"LUBRIKANT ZA GLINU 500ml SA MIRISOM MANGA"},"content":{"rendered":"","protected":false},"excerpt":{"rendered":"<p>RRCustoms BadBoys Clay Lube<\/p>\n<p>Proizvod namijenjen upotrebi kao lubrikant pri radu sa glinenom kockom.<br \/>\nOlak\u0161ava i ubrzava proces glinovanja.<br \/>\nPru\u017ea hidrataciju i klizanje pri radu s glinom, a da je ne o\u0161te\u0107uje.<br \/>\nSmanjuje trenje izme\u0111u gline i farbe automobila, smanjuju\u0107i stvaranje holograma.<br \/>\nProizvod prijatnog mirisa manga.<\/p>\n","protected":false},"featured_media":117433,"comment_status":"open","ping_status":"closed","template":"","meta":{"_acf_changed":false,"inline_featured_image":false},"product_brand":[],"product_cat":[164],"product_tag":[],"class_list":{"0":"post-117432","1":"product","2":"type-product","3":"status-publish","4":"has-post-thumbnail","6":"product_cat-car-detailing","8":"first","9":"instock","10":"taxable","11":"shipping-taxable","12":"purchasable","13":"product-type-simple"},"acf":[],"custom_product_id":"12414","_links":{"self":[{"href":"https:\/\/autostil.ba\/maloprodaja\/wp-json\/wp\/v2\/product\/117432","targetHints":{"allow":["GET"]}}],"collection":[{"href":"https:\/\/autostil.ba\/maloprodaja\/wp-json\/wp\/v2\/product"}],"about":[{"href":"https:\/\/autostil.ba\/maloprodaja\/wp-json\/wp\/v2\/types\/product"}],"replies":[{"embeddable":true,"href":"https:\/\/autostil.ba\/maloprodaja\/wp-json\/wp\/v2\/comments?post=117432"}],"version-history":[{"count":2,"href":"https:\/\/autostil.ba\/maloprodaja\/wp-json\/wp\/v2\/product\/117432\/revisions"}],"predecessor-version":[{"id":793055968,"href":"https:\/\/autostil.ba\/maloprodaja\/wp-json\/wp\/v2\/product\/117432\/revisions\/793055968"}],"wp:featuredmedia":[{"embeddable":true,"href":"https:\/\/autostil.ba\/maloprodaja\/wp-json\/wp\/v2\/media\/117433"}],"wp:attachment":[{"href":"https:\/\/autostil.ba\/maloprodaja\/wp-json\/wp\/v2\/media?parent=117432"}],"wp:term":[{"taxonomy":"product_brand","embeddable":true,"href":"https:\/\/autostil.ba\/maloprodaja\/wp-json\/wp\/v2\/product_brand?post=117432"},{"taxonomy":"product_cat","embeddable":true,"href":"https:\/\/autostil.ba\/maloprodaja\/wp-json\/wp\/v2\/product_cat?post=117432"},{"taxonomy":"product_tag","embeddable":true,"href":"https:\/\/autostil.ba\/maloprodaja\/wp-json\/wp\/v2\/product_tag?post=117432"}],"curies":[{"name":"wp","href":"https:\/\/api.w.org\/{rel}","templated":true}]}}