{"id":117412,"date":"2024-07-18T08:13:42","date_gmt":"2024-07-18T06:13:42","guid":{"rendered":"https:\/\/autostil.ba\/maloprodaja\/?post_type=product&#038;p=117412"},"modified":"2026-04-08T11:45:01","modified_gmt":"2026-04-08T09:45:01","slug":"tecnost-za-odrzavanje-unutrasnjih-plastika-sa-mirisom-kole-500ml","status":"publish","type":"product","link":"https:\/\/autostil.ba\/maloprodaja\/proizvod\/12612\/tecnost-za-odrzavanje-unutrasnjih-plastika-sa-mirisom-kole-500ml\/","title":{"rendered":"TE\u010cNOST ZA ODR\u017dAVANJE UNUTRA\u0160NJIH PLASTIKA SA MIRISOM KOLE 500ml"},"content":{"rendered":"","protected":false},"excerpt":{"rendered":"<p>Obloga za unutra\u0161nju plastiku, \u0161titi i pobolj\u0161ava dubinu boje plasti\u010dnih, gumenih i vinilnih elemenata. Savr\u0161eno za mat i sjajne povr\u0161ine. Proizvod sa fantasti\u010dnim mirisom kole.<\/p>\n<p>Karakteristike:<br \/>\nblagi proizvod za osvje\u017eavanje i za\u0161titu unutra\u0161nje plastike<br \/>\nformira antistati\u010dki sloj<br \/>\nostavlja UV filter da spre\u010di izbledenje elemenata<br \/>\ncola miris<br \/>\nguste teksture<br \/>\nsiguran za povr\u0161inu koju treba \u010distiti<br \/>\npreparat je spreman za upotrebu<\/p>\n<p>Upotreba:<br \/>\nprije nano\u0161enja Interior Dressing-a, o\u010distite povr\u0161inu sa Interior Detailer BadBoys ili u slu\u010daju ve\u0107eg zaprljanja \u2014 Plastic Cleaner BadBoys<br \/>\nprotresti prije upotrebe<br \/>\nnanesite malu koli\u010dinu proizvoda aplikatorom ili mikrovlaknom<br \/>\nuklonite vi\u0161ak proizvoda krpom od mikrovlakana<br \/>\nza pobolj\u0161anje efekta, ponovite akciju i nanesite drugi sloj<\/p>\n<p>Preporuke:<br \/>\nizbjegavajte prskanje po presvlakama i prozorima<br \/>\n\u010cuvati na suvom i hladnom mestu na 5-25?<br \/>\nprije nano\u0161enja provjerite je li povr\u0161ina koju \u010distite hladna<br \/>\nnemojte izlagati smrzavanju ili pregrijavanju<br \/>\nne ostavljajte da se osu\u0161i na povr\u0161ini<br \/>\n\u010duvati izvan dohvata djece.<\/p>\n","protected":false},"featured_media":117413,"comment_status":"open","ping_status":"closed","template":"","meta":{"_acf_changed":false,"inline_featured_image":false},"product_brand":[],"product_cat":[164],"product_tag":[],"class_list":{"0":"post-117412","1":"product","2":"type-product","3":"status-publish","4":"has-post-thumbnail","6":"product_cat-car-detailing","8":"first","9":"instock","10":"taxable","11":"shipping-taxable","12":"purchasable","13":"product-type-simple"},"acf":[],"custom_product_id":"12612","_links":{"self":[{"href":"https:\/\/autostil.ba\/maloprodaja\/wp-json\/wp\/v2\/product\/117412","targetHints":{"allow":["GET"]}}],"collection":[{"href":"https:\/\/autostil.ba\/maloprodaja\/wp-json\/wp\/v2\/product"}],"about":[{"href":"https:\/\/autostil.ba\/maloprodaja\/wp-json\/wp\/v2\/types\/product"}],"replies":[{"embeddable":true,"href":"https:\/\/autostil.ba\/maloprodaja\/wp-json\/wp\/v2\/comments?post=117412"}],"version-history":[{"count":1,"href":"https:\/\/autostil.ba\/maloprodaja\/wp-json\/wp\/v2\/product\/117412\/revisions"}],"predecessor-version":[{"id":117414,"href":"https:\/\/autostil.ba\/maloprodaja\/wp-json\/wp\/v2\/product\/117412\/revisions\/117414"}],"wp:featuredmedia":[{"embeddable":true,"href":"https:\/\/autostil.ba\/maloprodaja\/wp-json\/wp\/v2\/media\/117413"}],"wp:attachment":[{"href":"https:\/\/autostil.ba\/maloprodaja\/wp-json\/wp\/v2\/media?parent=117412"}],"wp:term":[{"taxonomy":"product_brand","embeddable":true,"href":"https:\/\/autostil.ba\/maloprodaja\/wp-json\/wp\/v2\/product_brand?post=117412"},{"taxonomy":"product_cat","embeddable":true,"href":"https:\/\/autostil.ba\/maloprodaja\/wp-json\/wp\/v2\/product_cat?post=117412"},{"taxonomy":"product_tag","embeddable":true,"href":"https:\/\/autostil.ba\/maloprodaja\/wp-json\/wp\/v2\/product_tag?post=117412"}],"curies":[{"name":"wp","href":"https:\/\/api.w.org\/{rel}","templated":true}]}}