{"id":117382,"date":"2025-12-17T09:43:40","date_gmt":"2025-12-17T07:43:40","guid":{"rendered":"https:\/\/autostil.ba\/maloprodaja\/?post_type=product&#038;p=117382"},"modified":"2026-04-09T16:01:51","modified_gmt":"2026-04-09T14:01:51","slug":"ipa-izopropil-alkohol-za-profesionalno-ciscenje-lakiranih-povrsina-5l","status":"publish","type":"product","link":"https:\/\/autostil.ba\/maloprodaja\/proizvod\/12613\/ipa-izopropil-alkohol-za-profesionalno-ciscenje-lakiranih-povrsina-5l\/","title":{"rendered":"IPA IZOPROPIL ALKOHOL ZA PROFESIONALNO \u010cI\u0160\u0106ENJE LAKIRANIH POVR\u0160INA 5l"},"content":{"rendered":"","protected":false},"excerpt":{"rendered":"<p>Isopropyl Alcohol IPA je profesionalno sredstvo za \u010di\u0161\u0107enje lakiranih povr\u0161ina. Otapa ulja i masti, uklanja ne\u010disto\u0107e. Ostavlja povr\u0161inu \u010distom i odma\u0161\u0107enom. Brzo isparava.<\/p>\n<p>Karakteristike:<br \/>\nSredstvo za \u010di\u0161\u0107enje lakiranih povr\u0161ina na bazi alkohola;<br \/>\notapa ulja, masti i druge ne\u010disto\u0107e;<br \/>\nproizvod se preporu\u010duje za odma\u0161\u0107ivanje povr\u0161ine tokom renoviranja boje, kako bi se uklonili ostaci paste za poliranje ili prije nano\u0161enja voska ili drugih premaza;<br \/>\npreparat spreman za upotrebu; kada se koristi kako je preporu\u010deno, bezbedno je za povr\u0161inu koju treba o\u010distiti;<br \/>\nRRC IPA je napravljen od devi\u010danskog izopropil alkohola. Na tr\u017ei\u0161tu postoje 2 klase rastvara\u010da<\/p>\n<p>Devi\u010danski (novi) rastvara\u010di, koji se ranije nisu koristili za bilo koji proces;<br \/>\nsekundarni (regenerisani) rastvara\u010di, oni koji su se prethodno koristili u tehnolo\u0161kim procesima. Nakon \u010di\u0161\u0107enja, takvi rastvara\u010di se prodaju na sekundarnom tr\u017ei\u0161tu kao rastvara\u010di slabije \u010disto\u0107e i mogu sadr\u017eavati nepo\u017eeljne spojeve (aldehide, ketone, kiseline itd.) koji mogu o\u0161tetiti lak ili drugu povr\u0161inu.<\/p>\n<p>Kako koristiti:<br \/>\nnanesite proizvod na \u010dista mikrovlakana;<br \/>\ntemeljno o\u010distite povr\u0161inu;<br \/>\nobri\u0161ite suhom;<\/p>\n<p>Preporuke:<br \/>\nproizvod za profesionalnu upotrebu;<br \/>\n\u010duvati van doma\u0161aja djece;<br \/>\nzapaljivi proizvod;<br \/>\nne izla\u017eite sredstvo smrzavanju ili pregrijavanju;<br \/>\nprije nano\u0161enja uvjerite se da je povr\u0161ina koju \u0107ete \u010distiti hladna, ne nanositi na direktnom suncu;<br \/>\n\u010duvati na suvom i hladnom mestu na 5-25 ?;<br \/>\n\u0161titi ko\u017eu tokom nano\u0161enja, sredstvo iritira;<br \/>\nNemojte koristiti na neobojenoj plastici, mo\u017ee uzrokovati promjenu boje.<\/p>\n","protected":false},"featured_media":793047178,"comment_status":"open","ping_status":"closed","template":"","meta":{"_acf_changed":false,"inline_featured_image":false},"product_brand":[],"product_cat":[164],"product_tag":[],"class_list":{"0":"post-117382","1":"product","2":"type-product","3":"status-publish","4":"has-post-thumbnail","6":"product_cat-car-detailing","8":"first","9":"instock","10":"taxable","11":"shipping-taxable","12":"purchasable","13":"product-type-simple"},"acf":[],"custom_product_id":"12613","_links":{"self":[{"href":"https:\/\/autostil.ba\/maloprodaja\/wp-json\/wp\/v2\/product\/117382","targetHints":{"allow":["GET"]}}],"collection":[{"href":"https:\/\/autostil.ba\/maloprodaja\/wp-json\/wp\/v2\/product"}],"about":[{"href":"https:\/\/autostil.ba\/maloprodaja\/wp-json\/wp\/v2\/types\/product"}],"replies":[{"embeddable":true,"href":"https:\/\/autostil.ba\/maloprodaja\/wp-json\/wp\/v2\/comments?post=117382"}],"version-history":[{"count":2,"href":"https:\/\/autostil.ba\/maloprodaja\/wp-json\/wp\/v2\/product\/117382\/revisions"}],"predecessor-version":[{"id":793047066,"href":"https:\/\/autostil.ba\/maloprodaja\/wp-json\/wp\/v2\/product\/117382\/revisions\/793047066"}],"wp:featuredmedia":[{"embeddable":true,"href":"https:\/\/autostil.ba\/maloprodaja\/wp-json\/wp\/v2\/media\/793047178"}],"wp:attachment":[{"href":"https:\/\/autostil.ba\/maloprodaja\/wp-json\/wp\/v2\/media?parent=117382"}],"wp:term":[{"taxonomy":"product_brand","embeddable":true,"href":"https:\/\/autostil.ba\/maloprodaja\/wp-json\/wp\/v2\/product_brand?post=117382"},{"taxonomy":"product_cat","embeddable":true,"href":"https:\/\/autostil.ba\/maloprodaja\/wp-json\/wp\/v2\/product_cat?post=117382"},{"taxonomy":"product_tag","embeddable":true,"href":"https:\/\/autostil.ba\/maloprodaja\/wp-json\/wp\/v2\/product_tag?post=117382"}],"curies":[{"name":"wp","href":"https:\/\/api.w.org\/{rel}","templated":true}]}}