{"id":117362,"date":"2024-07-18T08:13:40","date_gmt":"2024-07-18T08:13:40","guid":{"rendered":"https:\/\/autostil.ba\/maloprodaja\/?post_type=product&#038;p=117362"},"modified":"2026-04-08T11:44:56","modified_gmt":"2026-04-08T09:44:56","slug":"pad-heavy-cut-za-duboke-grebnice-90-75mm","status":"publish","type":"product","link":"https:\/\/autostil.ba\/maloprodaja\/proizvod\/12457\/pad-heavy-cut-za-duboke-grebnice-90-75mm\/","title":{"rendered":"PAD HEAVY CUT ZA DUBOKE GREBNICE 90\/75mm"},"content":{"rendered":"","protected":false},"excerpt":{"rendered":"<p>Univerzalni jastu\u010di\u0107 za poliranje 90\/75 mm<br \/>\nVeoma visoka tvrdo\u0107a jastu\u010di\u0107a, karakteri\u0161e ga konstantna sila rezanja tokom rada i visoka otpornost na toplotu. Otvorenu \u0107elijsku strukturu pjene karakterizira visok protok zraka, koji pove\u0107ava hla\u0111enje i olak\u0161ava \u010di\u0161\u0107enje jastu\u010di\u0107a. Trapezni profil jastu\u010di\u0107a obezbe\u0111uje maksimalnu stabilnost vo\u0111enja, a ugao ivice jastu\u010di\u0107a omogu\u0107ava ma\u0161ini da do\u0111e do te\u0161ko dostupnih mesta. Centralno smje\u0161tena rupa, osigurava bolju ventilaciju potisnog jastu\u010di\u0107a i sprje\u010dava nakupljanje i kristalizaciju \u010destica paste u sredi\u0161tu jastu\u010di\u0107a uzrokovane orbitalnim kretanjem. Jastu\u010di\u0107 je dizajniran za rad sa takozvanim pastama za &#8220;prvi rez&#8221;, idealnim za pripremu povr\u0161ine za sljede\u0107i korak poliranja. Dizajniran za upotrebu sa Bad Boys Heavy Cut pastom za poliranje. Podloga je kompatibilna sa DA i rotacionim ma\u0161inama.<\/p>\n","protected":false},"featured_media":117363,"comment_status":"open","ping_status":"closed","template":"","meta":{"_acf_changed":false,"inline_featured_image":false},"product_brand":[],"product_cat":[164],"product_tag":[],"class_list":{"0":"post-117362","1":"product","2":"type-product","3":"status-publish","4":"has-post-thumbnail","6":"product_cat-car-detailing","8":"first","9":"instock","10":"taxable","11":"shipping-taxable","12":"purchasable","13":"product-type-simple"},"acf":[],"custom_product_id":"12457","_links":{"self":[{"href":"https:\/\/autostil.ba\/maloprodaja\/wp-json\/wp\/v2\/product\/117362","targetHints":{"allow":["GET"]}}],"collection":[{"href":"https:\/\/autostil.ba\/maloprodaja\/wp-json\/wp\/v2\/product"}],"about":[{"href":"https:\/\/autostil.ba\/maloprodaja\/wp-json\/wp\/v2\/types\/product"}],"replies":[{"embeddable":true,"href":"https:\/\/autostil.ba\/maloprodaja\/wp-json\/wp\/v2\/comments?post=117362"}],"version-history":[{"count":1,"href":"https:\/\/autostil.ba\/maloprodaja\/wp-json\/wp\/v2\/product\/117362\/revisions"}],"predecessor-version":[{"id":117364,"href":"https:\/\/autostil.ba\/maloprodaja\/wp-json\/wp\/v2\/product\/117362\/revisions\/117364"}],"wp:featuredmedia":[{"embeddable":true,"href":"https:\/\/autostil.ba\/maloprodaja\/wp-json\/wp\/v2\/media\/117363"}],"wp:attachment":[{"href":"https:\/\/autostil.ba\/maloprodaja\/wp-json\/wp\/v2\/media?parent=117362"}],"wp:term":[{"taxonomy":"product_brand","embeddable":true,"href":"https:\/\/autostil.ba\/maloprodaja\/wp-json\/wp\/v2\/product_brand?post=117362"},{"taxonomy":"product_cat","embeddable":true,"href":"https:\/\/autostil.ba\/maloprodaja\/wp-json\/wp\/v2\/product_cat?post=117362"},{"taxonomy":"product_tag","embeddable":true,"href":"https:\/\/autostil.ba\/maloprodaja\/wp-json\/wp\/v2\/product_tag?post=117362"}],"curies":[{"name":"wp","href":"https:\/\/api.w.org\/{rel}","templated":true}]}}