{"id":117322,"date":"2024-07-18T08:13:38","date_gmt":"2024-07-18T08:13:38","guid":{"rendered":"https:\/\/autostil.ba\/maloprodaja\/?post_type=product&#038;p=117322"},"modified":"2026-04-08T11:44:56","modified_gmt":"2026-04-08T09:44:56","slug":"pad-za-poliranje-univerzalni-90-75mm","status":"publish","type":"product","link":"https:\/\/autostil.ba\/maloprodaja\/proizvod\/12461\/pad-za-poliranje-univerzalni-90-75mm\/","title":{"rendered":"PAD ZA POLIRANJE UNIVERZALNI 90\/75mm"},"content":{"rendered":"","protected":false},"excerpt":{"rendered":"<p>Poliranje &#8211; tvrdi jastu\u010di\u0107 za poliranje, dizajniran za uklanjanje ogrebotina i mrlja na mekim lakovima i plastici, te za poliranje tvrdih lakova. Njegova glavna svrha je dati povr\u0161ini visoki sjaj. Otvorenu \u0107elijsku strukturu pene karakteri\u0161e visok protok vazduha, \u0161to pove\u0107ava hla\u0111enje i olak\u0161ava \u010di\u0161\u0107enje jastu\u010di\u0107a. Trapezni profil jastu\u010di\u0107a osigurava maksimalnu stabilnost u vo\u017enji, a ugao nagiba ruba jastu\u010di\u0107a omogu\u0107ava ma\u0161ini da do\u0111e do te\u0161ko dostupnih mjesta. Centralno smje\u0161tena rupa osigurava bolju ventilaciju nose\u0107e plo\u010de i sprje\u010dava zgru\u0161avanje i kristalizaciju \u010destica paste u sredi\u0161njem dijelu podloge uzrokovane orbitalnim pomicanjem. Jastu\u010di\u0107 savr\u0161eno radi sa pastama prve i druge faze, daju\u0107i mogu\u0107nost pode\u0161avanja sile rezanja. Pad kompatibilan sa DA i rotacionim ma\u0161inama.<\/p>\n","protected":false},"featured_media":117323,"comment_status":"open","ping_status":"closed","template":"","meta":{"_acf_changed":false,"inline_featured_image":false},"product_brand":[],"product_cat":[164],"product_tag":[],"class_list":{"0":"post-117322","1":"product","2":"type-product","3":"status-publish","4":"has-post-thumbnail","6":"product_cat-car-detailing","8":"first","9":"instock","10":"taxable","11":"shipping-taxable","12":"purchasable","13":"product-type-simple"},"acf":[],"custom_product_id":"12461","_links":{"self":[{"href":"https:\/\/autostil.ba\/maloprodaja\/wp-json\/wp\/v2\/product\/117322","targetHints":{"allow":["GET"]}}],"collection":[{"href":"https:\/\/autostil.ba\/maloprodaja\/wp-json\/wp\/v2\/product"}],"about":[{"href":"https:\/\/autostil.ba\/maloprodaja\/wp-json\/wp\/v2\/types\/product"}],"replies":[{"embeddable":true,"href":"https:\/\/autostil.ba\/maloprodaja\/wp-json\/wp\/v2\/comments?post=117322"}],"version-history":[{"count":1,"href":"https:\/\/autostil.ba\/maloprodaja\/wp-json\/wp\/v2\/product\/117322\/revisions"}],"predecessor-version":[{"id":117324,"href":"https:\/\/autostil.ba\/maloprodaja\/wp-json\/wp\/v2\/product\/117322\/revisions\/117324"}],"wp:featuredmedia":[{"embeddable":true,"href":"https:\/\/autostil.ba\/maloprodaja\/wp-json\/wp\/v2\/media\/117323"}],"wp:attachment":[{"href":"https:\/\/autostil.ba\/maloprodaja\/wp-json\/wp\/v2\/media?parent=117322"}],"wp:term":[{"taxonomy":"product_brand","embeddable":true,"href":"https:\/\/autostil.ba\/maloprodaja\/wp-json\/wp\/v2\/product_brand?post=117322"},{"taxonomy":"product_cat","embeddable":true,"href":"https:\/\/autostil.ba\/maloprodaja\/wp-json\/wp\/v2\/product_cat?post=117322"},{"taxonomy":"product_tag","embeddable":true,"href":"https:\/\/autostil.ba\/maloprodaja\/wp-json\/wp\/v2\/product_tag?post=117322"}],"curies":[{"name":"wp","href":"https:\/\/api.w.org\/{rel}","templated":true}]}}