{"id":117302,"date":"2024-07-18T08:13:37","date_gmt":"2024-07-18T08:13:37","guid":{"rendered":"https:\/\/autostil.ba\/maloprodaja\/?post_type=product&#038;p=117302"},"modified":"2026-04-08T11:44:56","modified_gmt":"2026-04-08T09:44:56","slug":"pad-one-step-90-75mm","status":"publish","type":"product","link":"https:\/\/autostil.ba\/maloprodaja\/proizvod\/12463\/pad-one-step-90-75mm\/","title":{"rendered":"PAD ONE STEP 90\/75mm"},"content":{"rendered":"","protected":false},"excerpt":{"rendered":"<p>One Step &#8211; blazinica namijenjena za poliranje srednje tvrdih i mekih lakova i plastike. Ima najoptimalniju strukturu \u0107elija sa pove\u0107anom gustinom, \u0161to omogu\u0107ava savr\u0161en rad sa metodom korekcije u jednom koraku &#8220;ONE STEP&#8221; ili za rad u fazi poliranja. Struktura pjene savr\u0161eno dr\u017ei pastu na povr\u0161ini jastu\u010di\u0107a, omogu\u0107avaju\u0107i joj da u potpunosti djeluje. Trapezni profil jastu\u010di\u0107a osigurava maksimalnu stabilnost u vo\u017enji, a ugao nagiba ruba jastu\u010di\u0107a omogu\u0107ava ma\u0161ini da do\u0111e do te\u0161ko dostupnih mjesta. Centralno smje\u0161tena rupa osigurava bolju ventilaciju nose\u0107e plo\u010de i sprje\u010dava zgru\u0161avanje i kristalizaciju \u010destica paste u sredi\u0161njem dijelu jastu\u010di\u0107a uzrokovane orbitalnim pomicanjem. Savr\u0161eno za rad sa pastama za poliranje i zavr\u0161nu obradu.<\/p>\n","protected":false},"featured_media":117303,"comment_status":"open","ping_status":"closed","template":"","meta":{"_acf_changed":false,"inline_featured_image":false},"product_brand":[],"product_cat":[164],"product_tag":[],"class_list":{"0":"post-117302","1":"product","2":"type-product","3":"status-publish","4":"has-post-thumbnail","6":"product_cat-car-detailing","8":"first","9":"instock","10":"taxable","11":"shipping-taxable","12":"purchasable","13":"product-type-simple"},"acf":[],"custom_product_id":"12463","_links":{"self":[{"href":"https:\/\/autostil.ba\/maloprodaja\/wp-json\/wp\/v2\/product\/117302","targetHints":{"allow":["GET"]}}],"collection":[{"href":"https:\/\/autostil.ba\/maloprodaja\/wp-json\/wp\/v2\/product"}],"about":[{"href":"https:\/\/autostil.ba\/maloprodaja\/wp-json\/wp\/v2\/types\/product"}],"replies":[{"embeddable":true,"href":"https:\/\/autostil.ba\/maloprodaja\/wp-json\/wp\/v2\/comments?post=117302"}],"version-history":[{"count":1,"href":"https:\/\/autostil.ba\/maloprodaja\/wp-json\/wp\/v2\/product\/117302\/revisions"}],"predecessor-version":[{"id":117304,"href":"https:\/\/autostil.ba\/maloprodaja\/wp-json\/wp\/v2\/product\/117302\/revisions\/117304"}],"wp:featuredmedia":[{"embeddable":true,"href":"https:\/\/autostil.ba\/maloprodaja\/wp-json\/wp\/v2\/media\/117303"}],"wp:attachment":[{"href":"https:\/\/autostil.ba\/maloprodaja\/wp-json\/wp\/v2\/media?parent=117302"}],"wp:term":[{"taxonomy":"product_brand","embeddable":true,"href":"https:\/\/autostil.ba\/maloprodaja\/wp-json\/wp\/v2\/product_brand?post=117302"},{"taxonomy":"product_cat","embeddable":true,"href":"https:\/\/autostil.ba\/maloprodaja\/wp-json\/wp\/v2\/product_cat?post=117302"},{"taxonomy":"product_tag","embeddable":true,"href":"https:\/\/autostil.ba\/maloprodaja\/wp-json\/wp\/v2\/product_tag?post=117302"}],"curies":[{"name":"wp","href":"https:\/\/api.w.org\/{rel}","templated":true}]}}