{"id":117282,"date":"2024-07-18T08:13:37","date_gmt":"2024-07-18T06:13:37","guid":{"rendered":"https:\/\/autostil.ba\/maloprodaja\/?post_type=product&#038;p=117282"},"modified":"2026-04-08T11:44:56","modified_gmt":"2026-04-08T09:44:56","slug":"pad-za-fino-poliranje-90-75mm","status":"publish","type":"product","link":"https:\/\/autostil.ba\/maloprodaja\/proizvod\/12465\/pad-za-fino-poliranje-90-75mm\/","title":{"rendered":"PAD ZA FINO POLIRANJE 90\/75mm"},"content":{"rendered":"","protected":false},"excerpt":{"rendered":"<p>Finish &#8211; je najmek\u0161i jastu\u010di\u0107 iz serije BadBoys. Dizajniran za zavr\u0161nu obradu povr\u0161ina anti-hologram pastama i Super Finish-om. Prvenstveno se koristi za brzo uklanjanje tragova vrtloga, odnosno holograma na laku i plastici. Super mekana struktura spu\u017eve sa otvorenim \u0107elijama tako\u0111er omogu\u0107ava upotrebu glazure, sredstava za \u010di\u0161\u0107enje voska i mehani\u010dku primjenu voskova. Dizajniran za postizanje &#8220;efekta ogledala&#8221; u zavr\u0161noj fazi. Trapezni profil jastu\u010di\u0107a osigurava maksimalnu stabilnost u vo\u017enji, a ugao nagiba ruba jastu\u010di\u0107a omogu\u0107ava ma\u0161ini da do\u0111e do te\u0161ko dostupnih mjesta. Centralno smje\u0161tena rupa osigurava bolju ventilaciju nose\u0107e plo\u010de i sprje\u010dava zgru\u0161avanje i kristalizaciju \u010destica paste u sredi\u0161njem dijelu jastu\u010di\u0107a uzrokovane orbitalnim pomicanjem. Pad kompatibilan sa DA i rotacionim ma\u0161inama.<\/p>\n","protected":false},"featured_media":117283,"comment_status":"open","ping_status":"closed","template":"","meta":{"_acf_changed":false,"inline_featured_image":false},"product_brand":[],"product_cat":[164],"product_tag":[],"class_list":{"0":"post-117282","1":"product","2":"type-product","3":"status-publish","4":"has-post-thumbnail","6":"product_cat-car-detailing","8":"first","9":"instock","10":"taxable","11":"shipping-taxable","12":"purchasable","13":"product-type-simple"},"acf":[],"custom_product_id":"12465","_links":{"self":[{"href":"https:\/\/autostil.ba\/maloprodaja\/wp-json\/wp\/v2\/product\/117282","targetHints":{"allow":["GET"]}}],"collection":[{"href":"https:\/\/autostil.ba\/maloprodaja\/wp-json\/wp\/v2\/product"}],"about":[{"href":"https:\/\/autostil.ba\/maloprodaja\/wp-json\/wp\/v2\/types\/product"}],"replies":[{"embeddable":true,"href":"https:\/\/autostil.ba\/maloprodaja\/wp-json\/wp\/v2\/comments?post=117282"}],"version-history":[{"count":1,"href":"https:\/\/autostil.ba\/maloprodaja\/wp-json\/wp\/v2\/product\/117282\/revisions"}],"predecessor-version":[{"id":117284,"href":"https:\/\/autostil.ba\/maloprodaja\/wp-json\/wp\/v2\/product\/117282\/revisions\/117284"}],"wp:featuredmedia":[{"embeddable":true,"href":"https:\/\/autostil.ba\/maloprodaja\/wp-json\/wp\/v2\/media\/117283"}],"wp:attachment":[{"href":"https:\/\/autostil.ba\/maloprodaja\/wp-json\/wp\/v2\/media?parent=117282"}],"wp:term":[{"taxonomy":"product_brand","embeddable":true,"href":"https:\/\/autostil.ba\/maloprodaja\/wp-json\/wp\/v2\/product_brand?post=117282"},{"taxonomy":"product_cat","embeddable":true,"href":"https:\/\/autostil.ba\/maloprodaja\/wp-json\/wp\/v2\/product_cat?post=117282"},{"taxonomy":"product_tag","embeddable":true,"href":"https:\/\/autostil.ba\/maloprodaja\/wp-json\/wp\/v2\/product_tag?post=117282"}],"curies":[{"name":"wp","href":"https:\/\/api.w.org\/{rel}","templated":true}]}}