{"id":117272,"date":"2025-12-17T10:00:36","date_gmt":"2025-12-17T08:00:36","guid":{"rendered":"https:\/\/autostil.ba\/maloprodaja\/?post_type=product&#038;p=117272"},"modified":"2026-04-08T11:44:56","modified_gmt":"2026-04-08T09:44:56","slug":"polir-pasta-heavy-cut-250g","status":"publish","type":"product","link":"https:\/\/autostil.ba\/maloprodaja\/proizvod\/12454\/polir-pasta-heavy-cut-250g\/","title":{"rendered":"POLIR PASTA HEAVY CUT 250g"},"content":{"rendered":"","protected":false},"excerpt":{"rendered":"<p>Efikasno smanjuje defekte boje kao \u0161to su ogrebotine, mrlje, hologrami. Pasta je inovativna kombinacija zrna sa abrazivnim i zavr\u0161nim svojstvima, zahvaljuju\u0107i kojima uklanja \u010dak i duboke nedostatke boje i zavr\u0161ava povr\u0161inu na najvi\u0161em mogu\u0107em nivou sjaja. Pasta radi sa bilo kojom vrstom jastu\u010di\u0107a, od vunenih, mikrofibernih, do spu\u017evastih jastu\u010di\u0107a, zahvaljuju\u0107i \u010demu daje \u0161iroku mogu\u0107nost pode\u0161avanja sile rezanja i zavr\u0161ne obrade povr\u0161ine. Proizvod je oboga\u0107en mirisnom kompozicijom koja \u0107e Va\u0161 rad u\u010diniti jo\u0161 ugodnijim. Ne sadr\u017ei silikone i punila, a pra\u0161ina prilikom ma\u0161inskog poliranja svedena je na minimum.<br \/>\nUpotreba:<\/p>\n<p>\u2022 Ru\u010dno-nanesite pastu na aplikator, polirajte dok se efekat ne po\u0161kropi. Ostatke pa\u0161tete uklonite mikrovlaknom.<br \/>\n\u2022 Ma\u0161insko poliranje orbitalnim ili rotacionim polira\u010dem sa odgovaraju\u0107im tvrdim jastu\u010di\u0107ima za poliranje. Optimalni opseg brzine za rotacioni polir 600 &#8211; 1800 o\/min. Optimalni raspon oscilacija za orbitalni polir 3000-4500 o\/min. Uklonite ostatke paste mikrovlaknom.<br \/>\nPreporuke:<\/p>\n<p>\u2022 protresti prije upotrebe<br \/>\n\u2022 nemojte izlagati smrzavanju, pregrijavanju ili UV zra\u010denju<br \/>\n\u2022 \u010duvati na suvom, hladnom mestu na 15-25\u00b0C\/59-77\u00b0F<br \/>\n\u2022 za rad sa pastom preporu\u010dujemo nove, suhe sun\u0111ere<br \/>\n\u2022 provjerite prikladnost prije upotrebe proizvoda (24 mjeseca)<br \/>\n\u2022 proizvod za profesionalnu upotrebu; \u010duvati izvan dohvata djece<br \/>\n\u2022 proizvod mo\u017ee biti iritantan za ko\u017eu<br \/>\n\u2022 koristiti za\u0161titne rukavice\/odje\u0107u\/za\u0161titu za o\u010di\/za\u0161titu za lice<br \/>\n\u2022 pobrinite se da je povr\u0161ina hladna<br \/>\n\u2022 nakon rada \u010duvajte zatvorenu bocu<br \/>\n\u2022 pro\u010ditajte upute prije upotrebe<\/p>\n","protected":false},"featured_media":117273,"comment_status":"open","ping_status":"closed","template":"","meta":{"_acf_changed":false,"inline_featured_image":false},"product_brand":[],"product_cat":[164],"product_tag":[],"class_list":{"0":"post-117272","1":"product","2":"type-product","3":"status-publish","4":"has-post-thumbnail","6":"product_cat-car-detailing","8":"first","9":"instock","10":"taxable","11":"shipping-taxable","12":"purchasable","13":"product-type-simple"},"acf":[],"custom_product_id":"12454","_links":{"self":[{"href":"https:\/\/autostil.ba\/maloprodaja\/wp-json\/wp\/v2\/product\/117272","targetHints":{"allow":["GET"]}}],"collection":[{"href":"https:\/\/autostil.ba\/maloprodaja\/wp-json\/wp\/v2\/product"}],"about":[{"href":"https:\/\/autostil.ba\/maloprodaja\/wp-json\/wp\/v2\/types\/product"}],"replies":[{"embeddable":true,"href":"https:\/\/autostil.ba\/maloprodaja\/wp-json\/wp\/v2\/comments?post=117272"}],"version-history":[{"count":1,"href":"https:\/\/autostil.ba\/maloprodaja\/wp-json\/wp\/v2\/product\/117272\/revisions"}],"predecessor-version":[{"id":117274,"href":"https:\/\/autostil.ba\/maloprodaja\/wp-json\/wp\/v2\/product\/117272\/revisions\/117274"}],"wp:featuredmedia":[{"embeddable":true,"href":"https:\/\/autostil.ba\/maloprodaja\/wp-json\/wp\/v2\/media\/117273"}],"wp:attachment":[{"href":"https:\/\/autostil.ba\/maloprodaja\/wp-json\/wp\/v2\/media?parent=117272"}],"wp:term":[{"taxonomy":"product_brand","embeddable":true,"href":"https:\/\/autostil.ba\/maloprodaja\/wp-json\/wp\/v2\/product_brand?post=117272"},{"taxonomy":"product_cat","embeddable":true,"href":"https:\/\/autostil.ba\/maloprodaja\/wp-json\/wp\/v2\/product_cat?post=117272"},{"taxonomy":"product_tag","embeddable":true,"href":"https:\/\/autostil.ba\/maloprodaja\/wp-json\/wp\/v2\/product_tag?post=117272"}],"curies":[{"name":"wp","href":"https:\/\/api.w.org\/{rel}","templated":true}]}}