{"id":117252,"date":"2024-07-18T08:13:35","date_gmt":"2024-07-18T06:13:35","guid":{"rendered":"https:\/\/autostil.ba\/maloprodaja\/?post_type=product&#038;p=117252"},"modified":"2026-04-08T11:44:50","modified_gmt":"2026-04-08T09:44:50","slug":"losion-za-njegu-gume-500ml","status":"publish","type":"product","link":"https:\/\/autostil.ba\/maloprodaja\/proizvod\/12431\/losion-za-njegu-gume-500ml\/","title":{"rendered":"LOSION ZA NJEGU GUME 500ml"},"content":{"rendered":"","protected":false},"excerpt":{"rendered":"<p>RRCustoms BadBoys Colored Tire Dressing<br \/>\ndaje gumama svje\u017e, prirodan, crni izgled. Daje gumi novi, \u010dist izgled i pokriva svaku promjenu boje. Proizvod se veoma lako nanosi, brzo se su\u0161i. Proizvod se mo\u017ee koristiti u razrje\u0111ivanju 1:1.<br \/>\nUpotreba:<br \/>\nO\u010distite povr\u0161inu gume suvim mikrovlaknom ili \u010detkom.<br \/>\nDobro protresite bo\u010dicu prije upotrebe. Razrijediti vodom u omjeru 1:1 ili koristiti nerazrije\u0111en preparat za bolji rezultat.<br \/>\nNanesite tanak sloj na suhu povr\u0161inu koriste\u0107i kist, spu\u017evasti aplikator ili ure\u0111aj za prskanje.<br \/>\nUklonite vi\u0161ak boje suhom krpom nakon 1 minute od nano\u0161enja.<br \/>\nZa \u010di\u0161\u0107enje jo\u0161 mokre boje koristite sapun i mlaku vodu.<br \/>\nSa\u010dekajte 15 minuta dok se potpuno ne osu\u0161i.<br \/>\nPonovite farbanje gume ako je potrebno<br \/>\nPreporuke:<br \/>\nPerformanse farbanja zavise od vrste gume koja se koristi u gumama i na\u010dina na koji se gume koriste. Koristiti samo za gume, ne koristiti za druge gumene elemente. \u010cuvati na hladnom i suvom mestu na temperaturi od 5 \u2013 25 \u00b0C. Nemojte zamrzavati ili pregrijati. Izbjegavajte nano\u0161enje na direktnom suncu, provjerite da su gume hladne. \u010cuvati izvan dohvata djece. Proizvod na bazi vode, ne sadr\u017ei isparljive organske spojeve<\/p>\n","protected":false},"featured_media":117253,"comment_status":"open","ping_status":"closed","template":"","meta":{"_acf_changed":false,"inline_featured_image":false},"product_brand":[],"product_cat":[164],"product_tag":[],"class_list":{"0":"post-117252","1":"product","2":"type-product","3":"status-publish","4":"has-post-thumbnail","6":"product_cat-car-detailing","8":"first","9":"instock","10":"taxable","11":"shipping-taxable","12":"purchasable","13":"product-type-simple"},"acf":[],"custom_product_id":"12431","_links":{"self":[{"href":"https:\/\/autostil.ba\/maloprodaja\/wp-json\/wp\/v2\/product\/117252","targetHints":{"allow":["GET"]}}],"collection":[{"href":"https:\/\/autostil.ba\/maloprodaja\/wp-json\/wp\/v2\/product"}],"about":[{"href":"https:\/\/autostil.ba\/maloprodaja\/wp-json\/wp\/v2\/types\/product"}],"replies":[{"embeddable":true,"href":"https:\/\/autostil.ba\/maloprodaja\/wp-json\/wp\/v2\/comments?post=117252"}],"version-history":[{"count":2,"href":"https:\/\/autostil.ba\/maloprodaja\/wp-json\/wp\/v2\/product\/117252\/revisions"}],"predecessor-version":[{"id":793050636,"href":"https:\/\/autostil.ba\/maloprodaja\/wp-json\/wp\/v2\/product\/117252\/revisions\/793050636"}],"wp:featuredmedia":[{"embeddable":true,"href":"https:\/\/autostil.ba\/maloprodaja\/wp-json\/wp\/v2\/media\/117253"}],"wp:attachment":[{"href":"https:\/\/autostil.ba\/maloprodaja\/wp-json\/wp\/v2\/media?parent=117252"}],"wp:term":[{"taxonomy":"product_brand","embeddable":true,"href":"https:\/\/autostil.ba\/maloprodaja\/wp-json\/wp\/v2\/product_brand?post=117252"},{"taxonomy":"product_cat","embeddable":true,"href":"https:\/\/autostil.ba\/maloprodaja\/wp-json\/wp\/v2\/product_cat?post=117252"},{"taxonomy":"product_tag","embeddable":true,"href":"https:\/\/autostil.ba\/maloprodaja\/wp-json\/wp\/v2\/product_tag?post=117252"}],"curies":[{"name":"wp","href":"https:\/\/api.w.org\/{rel}","templated":true}]}}