{"id":117242,"date":"2024-07-18T08:13:35","date_gmt":"2024-07-18T08:13:35","guid":{"rendered":"https:\/\/autostil.ba\/maloprodaja\/?post_type=product&#038;p=117242"},"modified":"2026-04-08T11:44:50","modified_gmt":"2026-04-08T09:44:50","slug":"tecnost-za-odstranjivanje-ljepila-500ml","status":"publish","type":"product","link":"https:\/\/autostil.ba\/maloprodaja\/proizvod\/12445\/tecnost-za-odstranjivanje-ljepila-500ml\/","title":{"rendered":"TE\u010cNOST ZA ODSTRANJIVANJE LJEPILA 500ml"},"content":{"rendered":"","protected":false},"excerpt":{"rendered":"<p>BadBoys sredstvo za uklanjanje ljepila 500 ml<br \/>\nProizvod spreman za upotrebu, za uklanjanje ostataka ljepila nakon skidanja vinila, samoljepljivih folija, naljepnica i etiketa. \u010cisti i priprema povr\u0161inu prije farbanja, omatanja ili druge obrade.<\/p>\n<p>Upotreba: poprskati povr\u0161inu. Pri\u010dekajte nekoliko minuta da priprema po\u010dne djelovati. Obri\u0161ite povr\u0161inu mikrovlaknom ili papirom bez pra\u0161ine. Ako je potrebno, ponovite gore navedene korake.<\/p>\n<p>Preporuke: Prije prve upotrebe testirajte proizvod na manje vidljivom mjestu. Za\u0161titite ko\u017eu tokom nano\u0161enja; proizvod mo\u017ee biti iritantan za ko\u017eu; koristiti za\u0161titne rukavice\/odje\u0107u\/za\u0161titu za o\u010di\/za\u0161titu za lice. Nakon upotrebe temeljito operite ruke. \u010cuvati na suvom i hladnom mestu na 5-25\u00b0C. Ne izlagati smrzavanju ilipregrijavanje. Ne ostavljati da se osu\u0161i. Prije nano\u0161enja provjerite da li je povr\u0161ina hladna. Ne nanositi na direktnom suncu i kada je izlo\u017een vjetru. \u010cuvati izvan dohvata djece. Proizvod za profesionalnu upotrebu.<\/p>\n","protected":false},"featured_media":117243,"comment_status":"open","ping_status":"closed","template":"","meta":{"_acf_changed":false,"inline_featured_image":false},"product_brand":[],"product_cat":[164],"product_tag":[],"class_list":{"0":"post-117242","1":"product","2":"type-product","3":"status-publish","4":"has-post-thumbnail","6":"product_cat-car-detailing","8":"first","9":"instock","10":"taxable","11":"shipping-taxable","12":"purchasable","13":"product-type-simple"},"acf":[],"custom_product_id":"12445","_links":{"self":[{"href":"https:\/\/autostil.ba\/maloprodaja\/wp-json\/wp\/v2\/product\/117242","targetHints":{"allow":["GET"]}}],"collection":[{"href":"https:\/\/autostil.ba\/maloprodaja\/wp-json\/wp\/v2\/product"}],"about":[{"href":"https:\/\/autostil.ba\/maloprodaja\/wp-json\/wp\/v2\/types\/product"}],"replies":[{"embeddable":true,"href":"https:\/\/autostil.ba\/maloprodaja\/wp-json\/wp\/v2\/comments?post=117242"}],"version-history":[{"count":1,"href":"https:\/\/autostil.ba\/maloprodaja\/wp-json\/wp\/v2\/product\/117242\/revisions"}],"predecessor-version":[{"id":117244,"href":"https:\/\/autostil.ba\/maloprodaja\/wp-json\/wp\/v2\/product\/117242\/revisions\/117244"}],"wp:featuredmedia":[{"embeddable":true,"href":"https:\/\/autostil.ba\/maloprodaja\/wp-json\/wp\/v2\/media\/117243"}],"wp:attachment":[{"href":"https:\/\/autostil.ba\/maloprodaja\/wp-json\/wp\/v2\/media?parent=117242"}],"wp:term":[{"taxonomy":"product_brand","embeddable":true,"href":"https:\/\/autostil.ba\/maloprodaja\/wp-json\/wp\/v2\/product_brand?post=117242"},{"taxonomy":"product_cat","embeddable":true,"href":"https:\/\/autostil.ba\/maloprodaja\/wp-json\/wp\/v2\/product_cat?post=117242"},{"taxonomy":"product_tag","embeddable":true,"href":"https:\/\/autostil.ba\/maloprodaja\/wp-json\/wp\/v2\/product_tag?post=117242"}],"curies":[{"name":"wp","href":"https:\/\/api.w.org\/{rel}","templated":true}]}}