{"id":117232,"date":"2024-07-18T08:13:35","date_gmt":"2024-07-18T06:13:35","guid":{"rendered":"https:\/\/autostil.ba\/maloprodaja\/?post_type=product&#038;p=117232"},"modified":"2026-04-08T11:44:50","modified_gmt":"2026-04-08T09:44:50","slug":"tint-gel-za-postavljanje-folija-500ml","status":"publish","type":"product","link":"https:\/\/autostil.ba\/maloprodaja\/proizvod\/12618\/tint-gel-za-postavljanje-folija-500ml\/","title":{"rendered":"TINT GEL ZA POSTAVLJANJE FOLIJA 500ml"},"content":{"rendered":"","protected":false},"excerpt":{"rendered":"<p>Visoko efikasan koncentrat za profesionalnu ugradnju &#8220;mokre&#8221; folije. Ne ostavlja tragove i masnu prljav\u0161tinu izme\u0111u folije i stakla. Brzo isparava nakon<br \/>\nnano\u0161enja. Ima vrlo dobra klizna svojstva, olak\u0161avaju\u0107i ponovno postavljanje filma na staklo. Ne sadr\u017ei rastvara\u010de i \u0161tetne deterd\u017eente koji reaguju sa ljepilom. Tint Gel je posve\u0107en zatamnjivanju auto stakala, postavljanju za\u0161titnih folija, zamotavanju gradili\u0161ta i reklamnoj grafiki.<\/p>\n<p>Upotreba:<br \/>\nSipati 6-10 ml Tint Gela u 1 litar vode.<br \/>\nPrije upotrebe smjesu dobro promu\u0107kati. Nanesite proizvod na povr\u0161inu raspr\u0161iva\u010dem. Nakon nano\u0161enja filma, uklonite vi\u0161ak te\u010dnosti. Preostala te\u010dnost ispod filma \u0107e automatski ispariti u roku od nekoliko sati.<\/p>\n<p>Preporuke:<br \/>\nSmjesu vode i proizvoda dobro promu\u0107kati prije upotrebe. Prije nano\u0161enja provjerite je li o\u010di\u0161\u0107ena povr\u0161ina hladna. Nemojte koristiti proizvod na<br \/>\ndirektnoj sun\u010devoj svjetlosti. \u010cuvati na suvom i hladnom mestu na temperaturi od 5 &#8211; 25 \u00b0C. Ne izla\u017eite sredstvo smrzavanju ili pregrijavanju. \u010cuvati van dohvata djece.<\/p>\n","protected":false},"featured_media":117233,"comment_status":"open","ping_status":"closed","template":"","meta":{"_acf_changed":false,"inline_featured_image":false},"product_brand":[],"product_cat":[164],"product_tag":[],"class_list":{"0":"post-117232","1":"product","2":"type-product","3":"status-publish","4":"has-post-thumbnail","6":"product_cat-car-detailing","8":"first","9":"instock","10":"taxable","11":"shipping-taxable","12":"purchasable","13":"product-type-simple"},"acf":[],"custom_product_id":"12618","_links":{"self":[{"href":"https:\/\/autostil.ba\/maloprodaja\/wp-json\/wp\/v2\/product\/117232","targetHints":{"allow":["GET"]}}],"collection":[{"href":"https:\/\/autostil.ba\/maloprodaja\/wp-json\/wp\/v2\/product"}],"about":[{"href":"https:\/\/autostil.ba\/maloprodaja\/wp-json\/wp\/v2\/types\/product"}],"replies":[{"embeddable":true,"href":"https:\/\/autostil.ba\/maloprodaja\/wp-json\/wp\/v2\/comments?post=117232"}],"version-history":[{"count":1,"href":"https:\/\/autostil.ba\/maloprodaja\/wp-json\/wp\/v2\/product\/117232\/revisions"}],"predecessor-version":[{"id":117234,"href":"https:\/\/autostil.ba\/maloprodaja\/wp-json\/wp\/v2\/product\/117232\/revisions\/117234"}],"wp:featuredmedia":[{"embeddable":true,"href":"https:\/\/autostil.ba\/maloprodaja\/wp-json\/wp\/v2\/media\/117233"}],"wp:attachment":[{"href":"https:\/\/autostil.ba\/maloprodaja\/wp-json\/wp\/v2\/media?parent=117232"}],"wp:term":[{"taxonomy":"product_brand","embeddable":true,"href":"https:\/\/autostil.ba\/maloprodaja\/wp-json\/wp\/v2\/product_brand?post=117232"},{"taxonomy":"product_cat","embeddable":true,"href":"https:\/\/autostil.ba\/maloprodaja\/wp-json\/wp\/v2\/product_cat?post=117232"},{"taxonomy":"product_tag","embeddable":true,"href":"https:\/\/autostil.ba\/maloprodaja\/wp-json\/wp\/v2\/product_tag?post=117232"}],"curies":[{"name":"wp","href":"https:\/\/api.w.org\/{rel}","templated":true}]}}