{"id":117202,"date":"2025-12-17T10:03:33","date_gmt":"2025-12-17T08:03:33","guid":{"rendered":"https:\/\/autostil.ba\/maloprodaja\/?post_type=product&#038;p=117202"},"modified":"2026-04-08T11:44:50","modified_gmt":"2026-04-08T09:44:50","slug":"keramicki-vosak-za-auto-lak-100ml","status":"publish","type":"product","link":"https:\/\/autostil.ba\/maloprodaja\/proizvod\/12430\/keramicki-vosak-za-auto-lak-100ml\/","title":{"rendered":"KERAMI\u010cKI VOSAK ZA AUTO LAK 100ml"},"content":{"rendered":"","protected":false},"excerpt":{"rendered":"<p>RRCustoms BadBoys Ceramic Wax PRO<br \/>\nPredstavljamo proizvod pod nazivom Kerami\u010dki vosak, jer sadr\u017ei oko 30% kerami\u010dkih sastojaka. (Zapamtite, to ne zna\u010di da vosak ima postojanost kerami\u010dkih premaza!) Kada smo kreirali proizvod, fokusirali smo se na to da vam pru\u017eimo zadovoljstvo nano\u0161enja. Vosak se veoma lako nanosi. Zahvaljuju\u0107i na\u0161oj inovativnoj formuli, mo\u017eete sebi priu\u0161titi nano\u0161enje debljeg sloja bez straha od pote\u0161ko\u0107a s preklapanjem. Jo\u0161 jedna pogodnost je mogu\u0107nost lakog i ugodnog rada, bez straha od su\u0161enja proizvoda na povr\u0161ini (iskakanje voska mo\u017eete ostaviti do sljede\u0107eg dana). Da bi va\u0161 rad bio zaista ugodan, vosak ima fantasti\u010dan miris. Kerami\u010dki vosak je pogodan za nano\u0161enje slojeva, \u0161to zna\u010di da 24 sata nakon nano\u0161enja prvog sloja mo\u017eemo nanijeti jo\u0161 jedan ili vi\u0161e. Dodatna karakteristika kerami\u010dkog voska je nano\u0161enje bez problema na razli\u010ditim temperaturama. Ako su vam karakteristike koje smo naveli va\u017ene, u\u017eivat \u0107ete u kori\u0161tenju na\u0161eg kerami\u010dkog voska. Nakon nano\u0161enja i nano\u0161enja voska, dobi\u0107ete dobru za\u0161titu boje, fantasti\u010dan hidrofobni efekat, popunjavanje mikro ogrebotina i klizanje za lak\u0161e pranje vozila. Dubina boje koju \u0107e Ceramic Wax ostaviti na laku \u0107e vas impresionirati. Trajnost proizvoda u velikoj meri zavisi od pripreme podloge, intenziteta upotrebe i na\u010dina pranja automobila. Na testovima smo pokazali da dobro pripremljena povr\u0161ina produ\u017eava \u017eivotni vijek desetine puta. U slu\u010daju profesionalne pripreme boje (potpuna dekontaminacija + korekcija) i nano\u0161enja dva sloja, omogu\u0107ava vam da mjesecima u\u017eivate u za\u0161titi boje. Me\u0111utim, naneseno na standardni na\u010din (dobro opran, odma\u0161\u0107en lak) &#8211; trajnost do nekoliko mjeseci.<\/p>\n","protected":false},"featured_media":117203,"comment_status":"open","ping_status":"closed","template":"","meta":{"_acf_changed":false,"inline_featured_image":false},"product_brand":[],"product_cat":[164],"product_tag":[],"class_list":{"0":"post-117202","1":"product","2":"type-product","3":"status-publish","4":"has-post-thumbnail","6":"product_cat-car-detailing","8":"first","9":"instock","10":"taxable","11":"shipping-taxable","12":"purchasable","13":"product-type-simple"},"acf":[],"custom_product_id":"12430","_links":{"self":[{"href":"https:\/\/autostil.ba\/maloprodaja\/wp-json\/wp\/v2\/product\/117202","targetHints":{"allow":["GET"]}}],"collection":[{"href":"https:\/\/autostil.ba\/maloprodaja\/wp-json\/wp\/v2\/product"}],"about":[{"href":"https:\/\/autostil.ba\/maloprodaja\/wp-json\/wp\/v2\/types\/product"}],"replies":[{"embeddable":true,"href":"https:\/\/autostil.ba\/maloprodaja\/wp-json\/wp\/v2\/comments?post=117202"}],"version-history":[{"count":1,"href":"https:\/\/autostil.ba\/maloprodaja\/wp-json\/wp\/v2\/product\/117202\/revisions"}],"predecessor-version":[{"id":117204,"href":"https:\/\/autostil.ba\/maloprodaja\/wp-json\/wp\/v2\/product\/117202\/revisions\/117204"}],"wp:featuredmedia":[{"embeddable":true,"href":"https:\/\/autostil.ba\/maloprodaja\/wp-json\/wp\/v2\/media\/117203"}],"wp:attachment":[{"href":"https:\/\/autostil.ba\/maloprodaja\/wp-json\/wp\/v2\/media?parent=117202"}],"wp:term":[{"taxonomy":"product_brand","embeddable":true,"href":"https:\/\/autostil.ba\/maloprodaja\/wp-json\/wp\/v2\/product_brand?post=117202"},{"taxonomy":"product_cat","embeddable":true,"href":"https:\/\/autostil.ba\/maloprodaja\/wp-json\/wp\/v2\/product_cat?post=117202"},{"taxonomy":"product_tag","embeddable":true,"href":"https:\/\/autostil.ba\/maloprodaja\/wp-json\/wp\/v2\/product_tag?post=117202"}],"curies":[{"name":"wp","href":"https:\/\/api.w.org\/{rel}","templated":true}]}}