{"id":117192,"date":"2024-07-18T08:13:33","date_gmt":"2024-07-18T06:13:33","guid":{"rendered":"https:\/\/autostil.ba\/maloprodaja\/?post_type=product&#038;p=117192"},"modified":"2026-04-08T11:44:50","modified_gmt":"2026-04-08T09:44:50","slug":"tecnost-za-ciscenje-feluga-neon-150ml","status":"publish","type":"product","link":"https:\/\/autostil.ba\/maloprodaja\/proizvod\/12482\/tecnost-za-ciscenje-feluga-neon-150ml\/","title":{"rendered":"TE\u010cNOST ZA \u010cI\u0160\u0106ENJE FELUGA NEON 150ml"},"content":{"rendered":"","protected":false},"excerpt":{"rendered":"<p>RRCustoms BadBoys \u010cISTA\u010c FELUGA Neon<br \/>\nProizvodi za dnevnu njegu felgi ne sadr\u017ee kiseline odgovorne za krvarenje (deironizaciju). Zahvaljuju\u0107i upotrebi jake zelene boje mo\u017eete ta\u010dno videti gde je proizvod nanet. Konzistencija gela produ\u017eava u\u010dinak proizvoda. Proizvod sa briljantnim mirisom gro\u017e\u0111a. Osnovni proizvod, siguran za farbane felge.<br \/>\nKarakteristike proizvoda:<br \/>\nProizvod namijenjen \u010di\u0161\u0107enju naplataka pobolj\u0161ana formula gela omogu\u0107ava du\u017ee prodiranje prljav\u0161tine i sporije isparavanje, proizvod prianja na povr\u0161inu kota\u010da u obliku ravnomjerne gel glazure, \u0161to \u010dini da du\u017ee oti\u010de s povr\u0161ine. alkalni pH proizvod spreman za upotrebu siguran za o\u010di\u0161\u0107ene povr\u0161ine, ako se nanosi prema preporuci proizvod ne sadr\u017ei kiselinu odgovornu za efekat krvarenja<br \/>\nUpotreba:<br \/>\nProtresti bocu prije upotrebe<br \/>\nObilno poprskajte felge gelom<br \/>\nZa bolji efekat, \u010detkom odvojite prljav\u0161tinu<br \/>\nZa prljav\u0161tinu koju je te\u0161ko ukloniti, ostavite sredstvo da djeluje na povr\u0161ini nekoliko minuta<br \/>\nIsprati vodom, najbolje pod pritiskom<br \/>\nOsu\u0161ite povr\u0161inu komprimiranim zrakom ili \u010distim mikrovlaknima za savr\u0161enu zavr\u0161nu obradu<br \/>\nAko je potrebno, ponovite gore navedene korake<\/p>\n","protected":false},"featured_media":117193,"comment_status":"open","ping_status":"closed","template":"","meta":{"_acf_changed":false,"inline_featured_image":false},"product_brand":[],"product_cat":[164],"product_tag":[],"class_list":{"0":"post-117192","1":"product","2":"type-product","3":"status-publish","4":"has-post-thumbnail","6":"product_cat-car-detailing","8":"first","9":"instock","10":"taxable","11":"shipping-taxable","12":"purchasable","13":"product-type-simple"},"acf":[],"custom_product_id":"12482","_links":{"self":[{"href":"https:\/\/autostil.ba\/maloprodaja\/wp-json\/wp\/v2\/product\/117192","targetHints":{"allow":["GET"]}}],"collection":[{"href":"https:\/\/autostil.ba\/maloprodaja\/wp-json\/wp\/v2\/product"}],"about":[{"href":"https:\/\/autostil.ba\/maloprodaja\/wp-json\/wp\/v2\/types\/product"}],"replies":[{"embeddable":true,"href":"https:\/\/autostil.ba\/maloprodaja\/wp-json\/wp\/v2\/comments?post=117192"}],"version-history":[{"count":1,"href":"https:\/\/autostil.ba\/maloprodaja\/wp-json\/wp\/v2\/product\/117192\/revisions"}],"predecessor-version":[{"id":117194,"href":"https:\/\/autostil.ba\/maloprodaja\/wp-json\/wp\/v2\/product\/117192\/revisions\/117194"}],"wp:featuredmedia":[{"embeddable":true,"href":"https:\/\/autostil.ba\/maloprodaja\/wp-json\/wp\/v2\/media\/117193"}],"wp:attachment":[{"href":"https:\/\/autostil.ba\/maloprodaja\/wp-json\/wp\/v2\/media?parent=117192"}],"wp:term":[{"taxonomy":"product_brand","embeddable":true,"href":"https:\/\/autostil.ba\/maloprodaja\/wp-json\/wp\/v2\/product_brand?post=117192"},{"taxonomy":"product_cat","embeddable":true,"href":"https:\/\/autostil.ba\/maloprodaja\/wp-json\/wp\/v2\/product_cat?post=117192"},{"taxonomy":"product_tag","embeddable":true,"href":"https:\/\/autostil.ba\/maloprodaja\/wp-json\/wp\/v2\/product_tag?post=117192"}],"curies":[{"name":"wp","href":"https:\/\/api.w.org\/{rel}","templated":true}]}}