{"id":117182,"date":"2024-07-18T08:13:32","date_gmt":"2024-07-18T06:13:32","guid":{"rendered":"https:\/\/autostil.ba\/maloprodaja\/?post_type=product&#038;p=117182"},"modified":"2026-04-08T11:44:50","modified_gmt":"2026-04-08T09:44:50","slug":"tecnost-za-odrzavanje-vanjske-plastike-na-bazi-silikona-500ml","status":"publish","type":"product","link":"https:\/\/autostil.ba\/maloprodaja\/proizvod\/12615\/tecnost-za-odrzavanje-vanjske-plastike-na-bazi-silikona-500ml\/","title":{"rendered":"TE\u010cNOST ZA ODR\u017dAVANJE VANJSKE PLASTIKE NA BAZI SILIKONA 500ml"},"content":{"rendered":"","protected":false},"excerpt":{"rendered":"<p>Proizvod na bazi gustog silikona za odr\u017eavanje vanjskih plasti\u010dnih dijelova automobila. Daje efekat duboke i \u010diste boje koja se zadr\u017eava na plasti\u010dnoj povr\u0161ini nekoliko pranja automobila. Daje povr\u0161ini hidrofobni efekat.<\/p>\n<p>Karakteristike proizvoda:<\/p>\n<p>proizvod za vanjske gume i plastike<br \/>\n\u0161titi od vremenskih uslova<br \/>\ndaje gumi i plastici zasi\u0107enu boju<br \/>\n\u010duva povr\u0161ine<br \/>\nformira za\u0161titni premaz sa hidrofobnim efektom<\/p>\n<p>Upotreba:<br \/>\no\u010distite povr\u0161inu koriste\u0107i BadBoys Plastic Cleaner<br \/>\nnanesite malu koli\u010dinu proizvoda na spu\u017evasti aplikator<br \/>\nrasporedite u ravnomernom sloju<br \/>\nuklonite vi\u0161ak premaza pomo\u0107u ru\u010dnika od mikrovlakana<\/p>\n<p>Napomene:<\/p>\n<p>nije primjenjivo na unutra\u0161nju plastiku<br \/>\npripremiti plasti\u010dnu povr\u0161inu za ve\u0107u izdr\u017eljivost<br \/>\n\u010cuvati na suvom i hladnom mestu na 5-25?<br \/>\nnemojte izlagati smrzavanju ili pregrijavanju<br \/>\nprije nano\u0161enja, uvjerite se da je povr\u0161ina koju \u010distite hladna, ne nanositi na direktnom suncu<br \/>\n\u010duvati izvan dohvata djece.<\/p>\n","protected":false},"featured_media":117183,"comment_status":"open","ping_status":"closed","template":"","meta":{"_acf_changed":false,"inline_featured_image":false},"product_brand":[],"product_cat":[164],"product_tag":[],"class_list":{"0":"post-117182","1":"product","2":"type-product","3":"status-publish","4":"has-post-thumbnail","6":"product_cat-car-detailing","8":"first","9":"instock","10":"taxable","11":"shipping-taxable","12":"purchasable","13":"product-type-simple"},"acf":[],"custom_product_id":"12615","_links":{"self":[{"href":"https:\/\/autostil.ba\/maloprodaja\/wp-json\/wp\/v2\/product\/117182","targetHints":{"allow":["GET"]}}],"collection":[{"href":"https:\/\/autostil.ba\/maloprodaja\/wp-json\/wp\/v2\/product"}],"about":[{"href":"https:\/\/autostil.ba\/maloprodaja\/wp-json\/wp\/v2\/types\/product"}],"replies":[{"embeddable":true,"href":"https:\/\/autostil.ba\/maloprodaja\/wp-json\/wp\/v2\/comments?post=117182"}],"version-history":[{"count":2,"href":"https:\/\/autostil.ba\/maloprodaja\/wp-json\/wp\/v2\/product\/117182\/revisions"}],"predecessor-version":[{"id":793050624,"href":"https:\/\/autostil.ba\/maloprodaja\/wp-json\/wp\/v2\/product\/117182\/revisions\/793050624"}],"wp:featuredmedia":[{"embeddable":true,"href":"https:\/\/autostil.ba\/maloprodaja\/wp-json\/wp\/v2\/media\/117183"}],"wp:attachment":[{"href":"https:\/\/autostil.ba\/maloprodaja\/wp-json\/wp\/v2\/media?parent=117182"}],"wp:term":[{"taxonomy":"product_brand","embeddable":true,"href":"https:\/\/autostil.ba\/maloprodaja\/wp-json\/wp\/v2\/product_brand?post=117182"},{"taxonomy":"product_cat","embeddable":true,"href":"https:\/\/autostil.ba\/maloprodaja\/wp-json\/wp\/v2\/product_cat?post=117182"},{"taxonomy":"product_tag","embeddable":true,"href":"https:\/\/autostil.ba\/maloprodaja\/wp-json\/wp\/v2\/product_tag?post=117182"}],"curies":[{"name":"wp","href":"https:\/\/api.w.org\/{rel}","templated":true}]}}