{"id":117172,"date":"2025-12-17T10:04:32","date_gmt":"2025-12-17T08:04:32","guid":{"rendered":"https:\/\/autostil.ba\/maloprodaja\/?post_type=product&#038;p=117172"},"modified":"2026-04-08T11:44:50","modified_gmt":"2026-04-08T09:44:50","slug":"keramicki-premaz-za-zastitu-laka-ucc-30ml","status":"publish","type":"product","link":"https:\/\/autostil.ba\/maloprodaja\/proizvod\/12426\/keramicki-premaz-za-zastitu-laka-ucc-30ml\/","title":{"rendered":"KERAMI\u010cKI PREMAZ ZA ZA\u0160TITU LAKA UCC 30ml"},"content":{"rendered":"","protected":false},"excerpt":{"rendered":"<p>\u0160titi od vanjskih faktora i agresivnih hemikalija i pobolj\u0161ava dubinu boje. Sastav i upotreba oboga\u0107uju\u0107ih supstanci u njemu daju premazu fenomenalnu klizavost, zahvaljuju\u0107i kojoj premaz pokazuje sna\u017ena hidrofobna svojstva i svojstva samo\u010di\u0161\u0107enja. Popunjava manje nesavr\u0161enosti i daje povr\u0161ini izvanredan efekat stakla, auto farba ne zahtijeva dodatno depiliranje ili poliranje. Sa jednim slojem, premaz traje do dvije godine, sa dva sloja do tri godine za\u0161tita boje od bledenja i oksidacije.<br \/>\nUpotreba:<br \/>\nPripremite povr\u0161inu boje temeljnim i sigurnim pranjem<br \/>\nZatim izvr\u0161ite potpunu hemijsko-mehani\u010dku dekontaminaciju laka<br \/>\ndoka\u017eite farbu s barem osvje\u017eenjem u jednom koraku, npr. Bad Boys One Step Polishing Paste<br \/>\nPrije nano\u0161enja, temeljno odmastite povr\u0161inu boje Bad Boys Panel Wipe-om (po mogu\u0107nosti dvaput)<br \/>\nNanesite premaz na hladnoj i suvoj povr\u0161ini boje, u prostoriji sa stalnim termodinami\u010dkim uslovima bez sun\u010deve svetlosti.<br \/>\n\u010cistim, suhim aplikatorom nanesite malu koli\u010dinu RRCeramic Coating Ultra i unakrsnim pokretom rasporedite proizvod po povr\u0161ini.<br \/>\nOvisno o temperaturi, pri\u010dekajte oko 30-60 sekundi da uklonite vi\u0161ak premaza odgovaraju\u0107im mikrovlaknom (premaz se brzo ve\u017ee za povr\u0161inu boje, pa \u0107e biti potrebno nekoliko dodatnih ru\u010dnika od mikrovlakana)<br \/>\nKoristite drugo mikrovlakno za poliranje povr\u0161ine dok ne postane sjajna bez pruga (pomo\u0107i \u0107e kori\u0161tenje lampe za pregled)<br \/>\nNakon zavr\u0161etka nano\u0161enja, ostavite automobil na optimalnoj temperaturi (ne manje od +10\u00b0C) 24 sata, radi boljeg vezivanja premaza za povr\u0161inu boje.<br \/>\nUpute za upotrebu:<br \/>\nKoristite samo namjenski RRC aplikator za najsigurniju primjenu<br \/>\nZapamtite dobro osvetljenje<br \/>\nDrugi sloj treba naneti nakon 10 ~ 12 sati od trenutka nano\u0161enja prvog sloja ili nakon prethodnog zagrevanja IR lampom<\/p>\n","protected":false},"featured_media":117173,"comment_status":"open","ping_status":"closed","template":"","meta":{"_acf_changed":false,"inline_featured_image":false},"product_brand":[],"product_cat":[164],"product_tag":[],"class_list":{"0":"post-117172","1":"product","2":"type-product","3":"status-publish","4":"has-post-thumbnail","6":"product_cat-car-detailing","8":"first","9":"instock","10":"taxable","11":"shipping-taxable","12":"purchasable","13":"product-type-simple"},"acf":[],"custom_product_id":"12426","_links":{"self":[{"href":"https:\/\/autostil.ba\/maloprodaja\/wp-json\/wp\/v2\/product\/117172","targetHints":{"allow":["GET"]}}],"collection":[{"href":"https:\/\/autostil.ba\/maloprodaja\/wp-json\/wp\/v2\/product"}],"about":[{"href":"https:\/\/autostil.ba\/maloprodaja\/wp-json\/wp\/v2\/types\/product"}],"replies":[{"embeddable":true,"href":"https:\/\/autostil.ba\/maloprodaja\/wp-json\/wp\/v2\/comments?post=117172"}],"version-history":[{"count":1,"href":"https:\/\/autostil.ba\/maloprodaja\/wp-json\/wp\/v2\/product\/117172\/revisions"}],"predecessor-version":[{"id":117174,"href":"https:\/\/autostil.ba\/maloprodaja\/wp-json\/wp\/v2\/product\/117172\/revisions\/117174"}],"wp:featuredmedia":[{"embeddable":true,"href":"https:\/\/autostil.ba\/maloprodaja\/wp-json\/wp\/v2\/media\/117173"}],"wp:attachment":[{"href":"https:\/\/autostil.ba\/maloprodaja\/wp-json\/wp\/v2\/media?parent=117172"}],"wp:term":[{"taxonomy":"product_brand","embeddable":true,"href":"https:\/\/autostil.ba\/maloprodaja\/wp-json\/wp\/v2\/product_brand?post=117172"},{"taxonomy":"product_cat","embeddable":true,"href":"https:\/\/autostil.ba\/maloprodaja\/wp-json\/wp\/v2\/product_cat?post=117172"},{"taxonomy":"product_tag","embeddable":true,"href":"https:\/\/autostil.ba\/maloprodaja\/wp-json\/wp\/v2\/product_tag?post=117172"}],"curies":[{"name":"wp","href":"https:\/\/api.w.org\/{rel}","templated":true}]}}