{"id":117112,"date":"2024-07-18T08:13:30","date_gmt":"2024-07-18T06:13:30","guid":{"rendered":"https:\/\/autostil.ba\/maloprodaja\/?post_type=product&#038;p=117112"},"modified":"2026-04-08T12:01:52","modified_gmt":"2026-04-08T10:01:52","slug":"keramicki-sampon-150ml","status":"publish","type":"product","link":"https:\/\/autostil.ba\/maloprodaja\/proizvod\/12607\/keramicki-sampon-150ml\/","title":{"rendered":"KERAMI\u010cKI \u0160AMPON 150ml"},"content":{"rendered":"","protected":false},"excerpt":{"rendered":"<p>Koncentrovani \u0161ampon za automobile na bazi SiO2, sastavljen od najkvalitetnijih surfaktanata, zajedno s najnovijom SiO2 tehnologijom, koja pru\u017ea za\u0161titni hidrofobni sloj.<br \/>\nKerami\u010dki \u0161ampon lako probija prljav\u0161tinu, kako bi osigurao dubinsko i sigurno \u010di\u0161\u0107enje eksterijera vozila, za\u0161ti\u0107enog kerami\u010dkim premazom. Kada se koristi na neoblo\u017eenim povr\u0161inama, stvara klizav, hidrofobni sloj, osiguravaju\u0107i za\u0161titu i svojstva samo\u010di\u0161\u0107enja.<\/p>\n<p>Upute za upotrebu:<\/p>\n<p>Isperite automobil vodom pod pritiskom da biste uklonili labavu prljav\u0161tinu (za pretpranje preporu\u010dujemo Bad Boys Active Foam)<br \/>\nDodajte 50 ml kerami\u010dkog \u0161ampona u kantu od 10 litara i dolijte toplom vodom. (proporcija 1: 200)<br \/>\nPomo\u0107u rukavice za pranje nanesite rastvor na povr\u0161inu vozila, rade\u0107i u pravoj liniji od vrha do dna, paze\u0107i da su sva podru\u010dja pokrivena.<br \/>\nIsperite vozilo vodom prije nego se proizvod osu\u0161i.<br \/>\nNa kraju osu\u0161ite odgovaraju\u0107im ru\u010dnikom od mikrovlakana.<\/p>\n<p>Savjet:<\/p>\n<p>Za jo\u0161 bolji efekat perlica, nanesite malu koli\u010dinu kerami\u010dkog \u0161ampona direktno na rukavicu za pranje prije ispiranja i rasporedite je po vanjskoj strani vozila.<\/p>\n","protected":false},"featured_media":117113,"comment_status":"open","ping_status":"closed","template":"","meta":{"_acf_changed":false,"inline_featured_image":false},"product_brand":[],"product_cat":[164],"product_tag":[],"class_list":{"0":"post-117112","1":"product","2":"type-product","3":"status-publish","4":"has-post-thumbnail","6":"product_cat-car-detailing","8":"first","9":"instock","10":"taxable","11":"shipping-taxable","12":"purchasable","13":"product-type-simple"},"acf":[],"custom_product_id":"12607","_links":{"self":[{"href":"https:\/\/autostil.ba\/maloprodaja\/wp-json\/wp\/v2\/product\/117112","targetHints":{"allow":["GET"]}}],"collection":[{"href":"https:\/\/autostil.ba\/maloprodaja\/wp-json\/wp\/v2\/product"}],"about":[{"href":"https:\/\/autostil.ba\/maloprodaja\/wp-json\/wp\/v2\/types\/product"}],"replies":[{"embeddable":true,"href":"https:\/\/autostil.ba\/maloprodaja\/wp-json\/wp\/v2\/comments?post=117112"}],"version-history":[{"count":1,"href":"https:\/\/autostil.ba\/maloprodaja\/wp-json\/wp\/v2\/product\/117112\/revisions"}],"predecessor-version":[{"id":117114,"href":"https:\/\/autostil.ba\/maloprodaja\/wp-json\/wp\/v2\/product\/117112\/revisions\/117114"}],"wp:featuredmedia":[{"embeddable":true,"href":"https:\/\/autostil.ba\/maloprodaja\/wp-json\/wp\/v2\/media\/117113"}],"wp:attachment":[{"href":"https:\/\/autostil.ba\/maloprodaja\/wp-json\/wp\/v2\/media?parent=117112"}],"wp:term":[{"taxonomy":"product_brand","embeddable":true,"href":"https:\/\/autostil.ba\/maloprodaja\/wp-json\/wp\/v2\/product_brand?post=117112"},{"taxonomy":"product_cat","embeddable":true,"href":"https:\/\/autostil.ba\/maloprodaja\/wp-json\/wp\/v2\/product_cat?post=117112"},{"taxonomy":"product_tag","embeddable":true,"href":"https:\/\/autostil.ba\/maloprodaja\/wp-json\/wp\/v2\/product_tag?post=117112"}],"curies":[{"name":"wp","href":"https:\/\/api.w.org\/{rel}","templated":true}]}}