{"id":117102,"date":"2024-07-18T08:13:29","date_gmt":"2024-07-18T08:13:29","guid":{"rendered":"https:\/\/autostil.ba\/maloprodaja\/?post_type=product&#038;p=117102"},"modified":"2026-04-08T11:44:44","modified_gmt":"2026-04-08T09:44:44","slug":"keramika-za-odrzavanje-gumenih-povrsina-150ml","status":"publish","type":"product","link":"https:\/\/autostil.ba\/maloprodaja\/proizvod\/12608\/keramika-za-odrzavanje-gumenih-povrsina-150ml\/","title":{"rendered":"KERAMIKA ZA ODR\u017dAVANJE GUMENIH POVR\u0160INA 150ml"},"content":{"rendered":"","protected":false},"excerpt":{"rendered":"<p>Preparat koji njeguje i daje gumama prirodan izgled dugo vremena. Kerami\u010dka obloga za gume stvara aktivnu SiO2 barijeru koja poma\u017ee u za\u0161titi guma od uticaja vremenskih uslova, prljav\u0161tine na putu i oksidacije.<br \/>\nProdire u gumu, stvaraju\u0107i vodoodbojni premaz koji du\u017ee zadr\u017eava njen sjaj i ujedna\u010den izgled.  <\/p>\n<p>Upute za upotrebu:<\/p>\n<p>Nanesite na temeljno \u010distu i suhu povr\u0161inu gume.<br \/>\nNanesite tanak sloj \u010detkom ili spu\u017evom.<br \/>\nUtrljajte u bo\u010dnu stranu gume kako biste osigurali ravnomjernu pokrivenost.<br \/>\nOstavite da se upije oko 5-20 minuta, u zavisnosti od toga koliko je guma upijaju\u0107a.<br \/>\nObri\u0161ite sav vi\u0161ak ru\u010dnikom od mikrovlakana koji ne ostavlja dla\u010dice.    <\/p>\n<p>Savjeti:<br \/>\nZa najbolje rezultate, gume moraju biti \u0161to je mogu\u0107e \u010distije i potpuno suhe prije nano\u0161enja kerami\u010dke obloge za gume, za ovo preporu\u010dujemo Bad Boys Tire &amp; Rubber Cleaner.<br \/>\nPrije vo\u017enje uvjerite se da na gumi nema vi\u0161ka obloge kako biste eliminirali rizik od prskanja karoserije automobila.<\/p>\n","protected":false},"featured_media":117103,"comment_status":"open","ping_status":"closed","template":"","meta":{"_acf_changed":false,"inline_featured_image":false},"product_brand":[],"product_cat":[164],"product_tag":[],"class_list":{"0":"post-117102","1":"product","2":"type-product","3":"status-publish","4":"has-post-thumbnail","6":"product_cat-car-detailing","8":"first","9":"instock","10":"taxable","11":"shipping-taxable","12":"purchasable","13":"product-type-simple"},"acf":[],"custom_product_id":"12608","_links":{"self":[{"href":"https:\/\/autostil.ba\/maloprodaja\/wp-json\/wp\/v2\/product\/117102","targetHints":{"allow":["GET"]}}],"collection":[{"href":"https:\/\/autostil.ba\/maloprodaja\/wp-json\/wp\/v2\/product"}],"about":[{"href":"https:\/\/autostil.ba\/maloprodaja\/wp-json\/wp\/v2\/types\/product"}],"replies":[{"embeddable":true,"href":"https:\/\/autostil.ba\/maloprodaja\/wp-json\/wp\/v2\/comments?post=117102"}],"version-history":[{"count":1,"href":"https:\/\/autostil.ba\/maloprodaja\/wp-json\/wp\/v2\/product\/117102\/revisions"}],"predecessor-version":[{"id":117104,"href":"https:\/\/autostil.ba\/maloprodaja\/wp-json\/wp\/v2\/product\/117102\/revisions\/117104"}],"wp:featuredmedia":[{"embeddable":true,"href":"https:\/\/autostil.ba\/maloprodaja\/wp-json\/wp\/v2\/media\/117103"}],"wp:attachment":[{"href":"https:\/\/autostil.ba\/maloprodaja\/wp-json\/wp\/v2\/media?parent=117102"}],"wp:term":[{"taxonomy":"product_brand","embeddable":true,"href":"https:\/\/autostil.ba\/maloprodaja\/wp-json\/wp\/v2\/product_brand?post=117102"},{"taxonomy":"product_cat","embeddable":true,"href":"https:\/\/autostil.ba\/maloprodaja\/wp-json\/wp\/v2\/product_cat?post=117102"},{"taxonomy":"product_tag","embeddable":true,"href":"https:\/\/autostil.ba\/maloprodaja\/wp-json\/wp\/v2\/product_tag?post=117102"}],"curies":[{"name":"wp","href":"https:\/\/api.w.org\/{rel}","templated":true}]}}