{"id":117062,"date":"2024-07-18T08:13:28","date_gmt":"2024-07-18T06:13:28","guid":{"rendered":"https:\/\/autostil.ba\/maloprodaja\/?post_type=product&#038;p=117062"},"modified":"2026-04-08T11:44:44","modified_gmt":"2026-04-08T09:44:44","slug":"keramicki-premaz-za-gume-500ml","status":"publish","type":"product","link":"https:\/\/autostil.ba\/maloprodaja\/proizvod\/12428\/keramicki-premaz-za-gume-500ml\/","title":{"rendered":"KERAMI\u010cKI PREMAZ ZA GUME 500ml"},"content":{"rendered":"","protected":false},"excerpt":{"rendered":"<p>RRCustoms BadBoys Ceramic Tire Dressing<br \/>\nje preparat koji njeguje i daje gumama prirodan izgled dugo vremena. Kerami\u010dka obloga za gume stvara aktivnu SiO\u2082 barijeru koja poma\u017ee u za\u0161titi guma od uticaja vremenskih uslova, prljav\u0161tine na putu i oksidacije. Prodire u gumu, stvaraju\u0107i vodoodbojni premaz koji du\u017ee zadr\u017eava njen sjaj i ujedna\u010den izgled.<br \/>\nUpute za upotrebu:<\/p>\n<p>Nanesite na temeljno \u010distu i suhu povr\u0161inu gume.<br \/>\nNanesite tanak sloj \u010detkom ili sun\u0111erom.<br \/>\nUtrljajte u bo\u010dnu stranu gume kako biste osigurali ravnomjernu pokrivenost.<br \/>\nOstavite da se upije oko 5-20 minuta, u zavisnosti od toga koliko je guma upijaju\u0107a.<br \/>\nObri\u0161ite sav vi\u0161ak ru\u010dnikom od mikrovlakana koji ne ostavlja dla\u010dice.<br \/>\nSavjeti:<br \/>\nZa najbolje rezultate, gume moraju biti \u0161to je mogu\u0107e \u010distije i potpuno suhe prije nano\u0161enja kerami\u010dke obloge za gume, za ovo preporu\u010dujemo Bad Boys Tire &amp; Rubber Cleaner. Prije vo\u017enje uvjerite se da na gumi nema vi\u0161ka obloge kako biste eliminirali rizik od prskanja karoserije automobila.<\/p>\n","protected":false},"featured_media":117063,"comment_status":"open","ping_status":"closed","template":"","meta":{"_acf_changed":false,"inline_featured_image":false},"product_brand":[],"product_cat":[164],"product_tag":[],"class_list":{"0":"post-117062","1":"product","2":"type-product","3":"status-publish","4":"has-post-thumbnail","6":"product_cat-car-detailing","8":"first","9":"instock","10":"taxable","11":"shipping-taxable","12":"purchasable","13":"product-type-simple"},"acf":[],"custom_product_id":"12428","_links":{"self":[{"href":"https:\/\/autostil.ba\/maloprodaja\/wp-json\/wp\/v2\/product\/117062","targetHints":{"allow":["GET"]}}],"collection":[{"href":"https:\/\/autostil.ba\/maloprodaja\/wp-json\/wp\/v2\/product"}],"about":[{"href":"https:\/\/autostil.ba\/maloprodaja\/wp-json\/wp\/v2\/types\/product"}],"replies":[{"embeddable":true,"href":"https:\/\/autostil.ba\/maloprodaja\/wp-json\/wp\/v2\/comments?post=117062"}],"version-history":[{"count":2,"href":"https:\/\/autostil.ba\/maloprodaja\/wp-json\/wp\/v2\/product\/117062\/revisions"}],"predecessor-version":[{"id":793050639,"href":"https:\/\/autostil.ba\/maloprodaja\/wp-json\/wp\/v2\/product\/117062\/revisions\/793050639"}],"wp:featuredmedia":[{"embeddable":true,"href":"https:\/\/autostil.ba\/maloprodaja\/wp-json\/wp\/v2\/media\/117063"}],"wp:attachment":[{"href":"https:\/\/autostil.ba\/maloprodaja\/wp-json\/wp\/v2\/media?parent=117062"}],"wp:term":[{"taxonomy":"product_brand","embeddable":true,"href":"https:\/\/autostil.ba\/maloprodaja\/wp-json\/wp\/v2\/product_brand?post=117062"},{"taxonomy":"product_cat","embeddable":true,"href":"https:\/\/autostil.ba\/maloprodaja\/wp-json\/wp\/v2\/product_cat?post=117062"},{"taxonomy":"product_tag","embeddable":true,"href":"https:\/\/autostil.ba\/maloprodaja\/wp-json\/wp\/v2\/product_tag?post=117062"}],"curies":[{"name":"wp","href":"https:\/\/api.w.org\/{rel}","templated":true}]}}