{"id":117042,"date":"2024-07-18T08:13:27","date_gmt":"2024-07-18T06:13:27","guid":{"rendered":"https:\/\/autostil.ba\/maloprodaja\/?post_type=product&#038;p=117042"},"modified":"2026-04-08T11:44:38","modified_gmt":"2026-04-08T09:44:38","slug":"ceramic-quick-detailer-500ml","status":"publish","type":"product","link":"https:\/\/autostil.ba\/maloprodaja\/proizvod\/12429\/ceramic-quick-detailer-500ml\/","title":{"rendered":"CERAMIC QUICK DETAILER 500ml"},"content":{"rendered":"","protected":false},"excerpt":{"rendered":"<p>RRCustoms BadBoys Ceramic Detailer<\/p>\n<p>Izuzetno je brz i jednostavan za kori\u0161tenje, posebno razvijen kozmeti\u010dki proizvod. Dizajniran za odr\u017eavanje i ishranu automobilskih boja za\u0161ti\u0107enih kerami\u010dkim premazom, kao i samodovoljan brzi detalj za za\u0161titu laka automobila. Zahvaljuju\u0107i visokom sadr\u017eaju aktivnog SiO2, produ\u017eava trajnost postoje\u0107e za\u0161tite i popunjava male nedostatke neprevu\u010dene boje, pru\u017eaju\u0107i efikasan i brz za\u0161titni premaz<br \/>\nUpute za upotrebu:<br \/>\nNanesite na suhu i o\u010di\u0161\u0107enu povr\u0161inu.<br \/>\nLagano nanesite Detailer na aplikator od mekog mikrovlakana ili direktno na lak.<br \/>\nNanesite rje\u0161enje u obliku re\u0161etke, osiguravaju\u0107i ravnomjernu pokrivenost, jedan po jedan panel.<br \/>\nOstavite proizvod da se osu\u0161i ne du\u017ee od 30 sekundi, izbjegavajte sunce i vru\u0107e nalete vjetra.<br \/>\nObri\u0161ite \u010distom i mekom krpom od mikrovlakana za maksimalan sjaj.<br \/>\nSavjeti<br \/>\nZa najbolje rezultate, nanesite proizvod na hladnom, zasjenjenom podru\u010dju i radite jednu po jednu plo\u010du kako biste osigurali da se proizvod ne osu\u0161i u potpunosti.<\/p>\n","protected":false},"featured_media":117043,"comment_status":"open","ping_status":"closed","template":"","meta":{"_acf_changed":false,"inline_featured_image":false},"product_brand":[],"product_cat":[164],"product_tag":[],"class_list":{"0":"post-117042","1":"product","2":"type-product","3":"status-publish","4":"has-post-thumbnail","6":"product_cat-car-detailing","8":"first","9":"instock","10":"taxable","11":"shipping-taxable","12":"purchasable","13":"product-type-simple"},"acf":[],"custom_product_id":"12429","_links":{"self":[{"href":"https:\/\/autostil.ba\/maloprodaja\/wp-json\/wp\/v2\/product\/117042","targetHints":{"allow":["GET"]}}],"collection":[{"href":"https:\/\/autostil.ba\/maloprodaja\/wp-json\/wp\/v2\/product"}],"about":[{"href":"https:\/\/autostil.ba\/maloprodaja\/wp-json\/wp\/v2\/types\/product"}],"replies":[{"embeddable":true,"href":"https:\/\/autostil.ba\/maloprodaja\/wp-json\/wp\/v2\/comments?post=117042"}],"version-history":[{"count":1,"href":"https:\/\/autostil.ba\/maloprodaja\/wp-json\/wp\/v2\/product\/117042\/revisions"}],"predecessor-version":[{"id":117044,"href":"https:\/\/autostil.ba\/maloprodaja\/wp-json\/wp\/v2\/product\/117042\/revisions\/117044"}],"wp:featuredmedia":[{"embeddable":true,"href":"https:\/\/autostil.ba\/maloprodaja\/wp-json\/wp\/v2\/media\/117043"}],"wp:attachment":[{"href":"https:\/\/autostil.ba\/maloprodaja\/wp-json\/wp\/v2\/media?parent=117042"}],"wp:term":[{"taxonomy":"product_brand","embeddable":true,"href":"https:\/\/autostil.ba\/maloprodaja\/wp-json\/wp\/v2\/product_brand?post=117042"},{"taxonomy":"product_cat","embeddable":true,"href":"https:\/\/autostil.ba\/maloprodaja\/wp-json\/wp\/v2\/product_cat?post=117042"},{"taxonomy":"product_tag","embeddable":true,"href":"https:\/\/autostil.ba\/maloprodaja\/wp-json\/wp\/v2\/product_tag?post=117042"}],"curies":[{"name":"wp","href":"https:\/\/api.w.org\/{rel}","templated":true}]}}