{"id":117022,"date":"2025-12-17T09:58:26","date_gmt":"2025-12-17T07:58:26","guid":{"rendered":"https:\/\/autostil.ba\/maloprodaja\/?post_type=product&#038;p=117022"},"modified":"2026-04-08T11:44:38","modified_gmt":"2026-04-08T09:44:38","slug":"polir-pasta-univerzalna-gruba-1kg","status":"publish","type":"product","link":"https:\/\/autostil.ba\/maloprodaja\/proizvod\/12448\/polir-pasta-univerzalna-gruba-1kg\/","title":{"rendered":"POLIR PASTA UNIVERZALNA GRUBA 1kg"},"content":{"rendered":"","protected":false},"excerpt":{"rendered":"<p>Bad Boys Ultra Heavy Cut Compound je grubo zrnasta, profesionalna pasta za poliranje. Pasta je dizajnirana za brzo uklanjanje dubokih ogrebotina i oksidacije sa povr\u0161ine boje, pa \u010dak i tragova brusnog papira P1200. Upotreba \u010dvrstog zrna u pasti omogu\u0107ava kori\u0161tenje punog potencijala rezanja \u010dak i na najzahtjevnijim automobilskim bojama. Pasta ne sadr\u017ei silikon i punila, pa je pogodna i za rad u farbarama i profesionalnim ateljeima. Posebna formula paste smanjuje u\u010dinak pra\u0161enja na minimum i zna\u010dajno pobolj\u0161ava vo\u0111enje polira. U kombinaciji sa Bad Boys serijom jastu\u010di\u0107a, pasta vam omogu\u0107ava da postignete najbolji efekat korekcije boje. Dizajniran za upotrebu sa svim vrstama ma\u0161ina za poliranje. Proizvod je oboga\u0107en mirisnom kompozicijom, \u0161to dodatno \u010dini rad ugodnijim. Bad Boys Ultra Heavy Cut Compound je prvi korak u trostepenom sistemu poliranja.<br \/>\nKarakteristika:<br \/>\n\u2022 Jednostavan i brz za rad<br \/>\n\u2022 Veoma visok nivo abrazije<br \/>\n\u2022 Efikasno uklanja tragove bru\u0161enja<br \/>\n\u2022 Bez silikona ili punila<br \/>\n\u2022 Malo pra\u0161ine<br \/>\n\u2022 Pogodan za sve vrste ma\u0161ina za poliranje i reznih plo\u010da<br \/>\n\u2022 Bez \u0161tetnih rastvara\u010da<br \/>\nUpute za upotrebu:<br \/>\n\u2022 Dobro protresite bocu prije upotrebe da se sastojci paste dobro promije\u0161aju<br \/>\n\u2022 Nanesite odgovaraju\u0107u koli\u010dinu paste na podlogu za poliranje.<br \/>\n\u2022 Koristite ma\u0161inu za nano\u0161enje paste po farbanju pri maloj brzini<br \/>\n\u2022 Radite na malim povr\u0161inama, prilago\u0111avaju\u0107i brzinu i pritisak ma\u0161ine na odgovaraju\u0107i na\u010din<br \/>\n\u2022 Stalno kontrolirajte temperaturu laka kako se ne bi pregrijala<br \/>\n\u2022 Radite umjerenim pritiskom dok se na povr\u0161ini boje ne pojavi karakteristi\u010dan film.<br \/>\n\u2022 Uklonite ostatke paste za poliranje finim mikrovlaknima.<br \/>\n\u2022 Provjeravajte efekte korekcije na stalnoj osnovi koriste\u0107i inspekcijsku svjetiljku i teku\u0107inu za inspekciju<br \/>\n\u2022 Ponovite operaciju ako je potrebno<\/p>\n","protected":false},"featured_media":117023,"comment_status":"open","ping_status":"closed","template":"","meta":{"_acf_changed":false,"inline_featured_image":false},"product_brand":[],"product_cat":[164],"product_tag":[],"class_list":{"0":"post-117022","1":"product","2":"type-product","3":"status-publish","4":"has-post-thumbnail","6":"product_cat-car-detailing","8":"first","9":"instock","10":"taxable","11":"shipping-taxable","12":"purchasable","13":"product-type-simple"},"acf":[],"custom_product_id":"12448","_links":{"self":[{"href":"https:\/\/autostil.ba\/maloprodaja\/wp-json\/wp\/v2\/product\/117022","targetHints":{"allow":["GET"]}}],"collection":[{"href":"https:\/\/autostil.ba\/maloprodaja\/wp-json\/wp\/v2\/product"}],"about":[{"href":"https:\/\/autostil.ba\/maloprodaja\/wp-json\/wp\/v2\/types\/product"}],"replies":[{"embeddable":true,"href":"https:\/\/autostil.ba\/maloprodaja\/wp-json\/wp\/v2\/comments?post=117022"}],"version-history":[{"count":1,"href":"https:\/\/autostil.ba\/maloprodaja\/wp-json\/wp\/v2\/product\/117022\/revisions"}],"predecessor-version":[{"id":117024,"href":"https:\/\/autostil.ba\/maloprodaja\/wp-json\/wp\/v2\/product\/117022\/revisions\/117024"}],"wp:featuredmedia":[{"embeddable":true,"href":"https:\/\/autostil.ba\/maloprodaja\/wp-json\/wp\/v2\/media\/117023"}],"wp:attachment":[{"href":"https:\/\/autostil.ba\/maloprodaja\/wp-json\/wp\/v2\/media?parent=117022"}],"wp:term":[{"taxonomy":"product_brand","embeddable":true,"href":"https:\/\/autostil.ba\/maloprodaja\/wp-json\/wp\/v2\/product_brand?post=117022"},{"taxonomy":"product_cat","embeddable":true,"href":"https:\/\/autostil.ba\/maloprodaja\/wp-json\/wp\/v2\/product_cat?post=117022"},{"taxonomy":"product_tag","embeddable":true,"href":"https:\/\/autostil.ba\/maloprodaja\/wp-json\/wp\/v2\/product_tag?post=117022"}],"curies":[{"name":"wp","href":"https:\/\/api.w.org\/{rel}","templated":true}]}}