{"id":116982,"date":"2025-12-17T10:02:25","date_gmt":"2025-12-17T08:02:25","guid":{"rendered":"https:\/\/autostil.ba\/maloprodaja\/?post_type=product&#038;p=116982"},"modified":"2026-04-08T11:44:38","modified_gmt":"2026-04-08T09:44:38","slug":"polir-pasta-srednje-gruba-250g","status":"publish","type":"product","link":"https:\/\/autostil.ba\/maloprodaja\/proizvod\/12449\/polir-pasta-srednje-gruba-250g\/","title":{"rendered":"POLIR PASTA SREDNJE GRUBA 250g"},"content":{"rendered":"","protected":false},"excerpt":{"rendered":"<p>Bad Boys Medium Cut Polishing Paste -je profesionalna pasta za poliranje srednjeg zrna optimizirana za postizanje najboljih rezultata tokom druge faze korekcije boje ili rada na novim, malo pohabanim lakiranim povr\u0161inama. Dizajniran za uklanjanje lakih i srednjih nedostataka sa boje i davanje povr\u0161ine visokog sjaja. Ne sadr\u017ei silikone i punila, a pra\u0161enje prilikom ma\u0161inskog poliranja svedeno je na minimum, \u0161to ga \u010dini pogodnim za rad u farbarama i profesionalnim ateljeima. U kombinaciji sa Bad Boys serijom jastu\u010di\u0107a, pasta vam omogu\u0107ava da postignete najbolji efekat korekcije boje. Dizajniran za upotrebu sa svim vrstama ma\u0161ina za poliranje. Proizvod je oboga\u0107en mirisnom kompozicijom, \u0161to dodatno \u010dini rad ugodnijim. Bad Boys Medium Cut Polishing Paste je drugi korak u trostepenom sistemu poliranja.<\/p>\n<p>Karakteristika:<\/p>\n<p>\u2022 Jednostavan i brz za rad<br \/>\n\u2022 Visok nivo sjaja<br \/>\n\u2022 Umjeren nivo abrazije<br \/>\n\u2022 Bez silikona ili punila<br \/>\n\u2022 Malo pra\u0161ine<br \/>\n\u2022 Pogodan za sve vrste ma\u0161ina za poliranje<br \/>\n\u2022 Bez \u0161tetnih rastvara\u010da<br \/>\nUpute za upotrebu:<br \/>\n\u2022 Dobro protresite bocu prije upotrebe da se sastojci paste dobro promije\u0161aju<br \/>\n\u2022 Nanesite odgovaraju\u0107u koli\u010dinu paste na podlogu za poliranje.<br \/>\n\u2022 Koristite ma\u0161inu za nano\u0161enje paste po farbanju pri maloj brzini<br \/>\n\u2022 Radite na malim povr\u0161inama, prilago\u0111avaju\u0107i brzinu i pritisak ma\u0161ine na odgovaraju\u0107i na\u010din<br \/>\n\u2022 Stalno kontrolirajte temperaturu laka kako se ne bi pregrijala<br \/>\n\u2022 Radite umjerenim pritiskom dok se na povr\u0161ini boje ne pojavi karakteristi\u010dan film.<br \/>\n\u2022 Uklonite ostatke paste za poliranje mekom mikrovlaknom.<br \/>\n\u2022 Provjeravajte efekte korekcije na stalnoj osnovi koriste\u0107i inspekcijsku svjetiljku i teku\u0107inu za inspekciju<br \/>\n\u2022 Ponovite operaciju ako je potrebno<br \/>\n\u2022 Da bi se postigao najvi\u0161i mogu\u0107i nivo sjaja, potrebno je izvr\u0161iti zavr\u0161ni korak<\/p>\n","protected":false},"featured_media":116983,"comment_status":"open","ping_status":"closed","template":"","meta":{"_acf_changed":false,"inline_featured_image":false},"product_brand":[],"product_cat":[164],"product_tag":[],"class_list":{"0":"post-116982","1":"product","2":"type-product","3":"status-publish","4":"has-post-thumbnail","6":"product_cat-car-detailing","8":"first","9":"instock","10":"taxable","11":"shipping-taxable","12":"purchasable","13":"product-type-simple"},"acf":[],"custom_product_id":"12449","_links":{"self":[{"href":"https:\/\/autostil.ba\/maloprodaja\/wp-json\/wp\/v2\/product\/116982","targetHints":{"allow":["GET"]}}],"collection":[{"href":"https:\/\/autostil.ba\/maloprodaja\/wp-json\/wp\/v2\/product"}],"about":[{"href":"https:\/\/autostil.ba\/maloprodaja\/wp-json\/wp\/v2\/types\/product"}],"replies":[{"embeddable":true,"href":"https:\/\/autostil.ba\/maloprodaja\/wp-json\/wp\/v2\/comments?post=116982"}],"version-history":[{"count":1,"href":"https:\/\/autostil.ba\/maloprodaja\/wp-json\/wp\/v2\/product\/116982\/revisions"}],"predecessor-version":[{"id":116984,"href":"https:\/\/autostil.ba\/maloprodaja\/wp-json\/wp\/v2\/product\/116982\/revisions\/116984"}],"wp:featuredmedia":[{"embeddable":true,"href":"https:\/\/autostil.ba\/maloprodaja\/wp-json\/wp\/v2\/media\/116983"}],"wp:attachment":[{"href":"https:\/\/autostil.ba\/maloprodaja\/wp-json\/wp\/v2\/media?parent=116982"}],"wp:term":[{"taxonomy":"product_brand","embeddable":true,"href":"https:\/\/autostil.ba\/maloprodaja\/wp-json\/wp\/v2\/product_brand?post=116982"},{"taxonomy":"product_cat","embeddable":true,"href":"https:\/\/autostil.ba\/maloprodaja\/wp-json\/wp\/v2\/product_cat?post=116982"},{"taxonomy":"product_tag","embeddable":true,"href":"https:\/\/autostil.ba\/maloprodaja\/wp-json\/wp\/v2\/product_tag?post=116982"}],"curies":[{"name":"wp","href":"https:\/\/api.w.org\/{rel}","templated":true}]}}