{"id":116962,"date":"2024-07-18T08:13:24","date_gmt":"2024-07-18T06:13:24","guid":{"rendered":"https:\/\/autostil.ba\/maloprodaja\/?post_type=product&#038;p=116962"},"modified":"2026-04-08T11:44:38","modified_gmt":"2026-04-08T09:44:38","slug":"apc-univerzalno-sredstvo-za-ciscenje-1l-sa-mirisom","status":"publish","type":"product","link":"https:\/\/autostil.ba\/maloprodaja\/proizvod\/12408\/apc-univerzalno-sredstvo-za-ciscenje-1l-sa-mirisom\/","title":{"rendered":"APC UNIVERZALNO SREDSTVO ZA \u010cI\u0160\u0106ENJE 1L SA MIRISOM"},"content":{"rendered":"","protected":false},"excerpt":{"rendered":"<p>RRCustoms BadBoys All Purpose Cleaner APC miris: Parfimisan<\/p>\n<p>Univerzalni koncentrat za \u010di\u0161\u0107enje. Efikasno prodire i razbija prljav\u0161tinu, masno\u0107u i te\u0161ke mrlje. Povezuju\u0107i ih zajedno kako bi se formirala suspenzija koja se lako uklanja. Ima alkalni pH, preporu\u010duje se za \u010di\u0161\u0107enje unutra\u0161njih i spolja\u0161njih delova automobila. Proizvod ugodnog mirisnog mirisa.<br \/>\nUpotreba:<\/p>\n<p>\u2022 Protresite bocu prije upotrebe;<br \/>\n\u2022 Razrijedite koncentrat vodom (pribli\u017eno 1:4 za te\u0161ku zaprljanost, 1:10 za laku zaprljanost);<br \/>\n\u2022 Nanesite otopinu na povr\u0161inu koju \u010distite, koristite \u010detku, \u010detku-olovku ili spu\u017evu<br \/>\n\u2022 Za prljav\u0161tinu koju je te\u0161ko ukloniti ostavite sredstvo da djeluje na povr\u0161ini nekoliko minuta;<br \/>\n\u2022 Obri\u0161ite povr\u0161inu vla\u017enom krpom od mikrovlakana, a zatim osu\u0161ite \u010distom krpom od mikrovlakana;<br \/>\n\u2022 Ako je potrebno, ponovite postupak \u010di\u0161\u0107enja.<br \/>\nPreporuke:<br \/>\nPrije prve upotrebe, testirajte proizvod na manje vidljivom mjestu; za\u0161titite ko\u017eu tokom nano\u0161enja; proizvod mo\u017ee biti iritantan za ko\u017eu; koristiti za\u0161titne rukavice\/odje\u0107u\/za\u0161titu za o\u010di\/za\u0161titu za lice; nakon upotrebe temeljito operite ruke; \u010duvati na suvom i hladnom mestu na 5-25\u00b0C; ne izlagati smrzavanju ili pregrijavanju; ne ostavljati da se osu\u0161i; prije nano\u0161enja uvjerite se da je povr\u0161ina koju \u0107ete \u010distiti hladna, ne nanositi na direktnom suncu i kada je izlo\u017een vjetru; \u010duvati izvan dohvata djece; proizvod za profesionalnu upotrebu.<\/p>\n","protected":false},"featured_media":116963,"comment_status":"open","ping_status":"closed","template":"","meta":{"_acf_changed":false,"inline_featured_image":false},"product_brand":[],"product_cat":[164],"product_tag":[],"class_list":{"0":"post-116962","1":"product","2":"type-product","3":"status-publish","4":"has-post-thumbnail","6":"product_cat-car-detailing","8":"first","9":"instock","10":"taxable","11":"shipping-taxable","12":"purchasable","13":"product-type-simple"},"acf":[],"custom_product_id":"12408","_links":{"self":[{"href":"https:\/\/autostil.ba\/maloprodaja\/wp-json\/wp\/v2\/product\/116962","targetHints":{"allow":["GET"]}}],"collection":[{"href":"https:\/\/autostil.ba\/maloprodaja\/wp-json\/wp\/v2\/product"}],"about":[{"href":"https:\/\/autostil.ba\/maloprodaja\/wp-json\/wp\/v2\/types\/product"}],"replies":[{"embeddable":true,"href":"https:\/\/autostil.ba\/maloprodaja\/wp-json\/wp\/v2\/comments?post=116962"}],"version-history":[{"count":1,"href":"https:\/\/autostil.ba\/maloprodaja\/wp-json\/wp\/v2\/product\/116962\/revisions"}],"predecessor-version":[{"id":116964,"href":"https:\/\/autostil.ba\/maloprodaja\/wp-json\/wp\/v2\/product\/116962\/revisions\/116964"}],"wp:featuredmedia":[{"embeddable":true,"href":"https:\/\/autostil.ba\/maloprodaja\/wp-json\/wp\/v2\/media\/116963"}],"wp:attachment":[{"href":"https:\/\/autostil.ba\/maloprodaja\/wp-json\/wp\/v2\/media?parent=116962"}],"wp:term":[{"taxonomy":"product_brand","embeddable":true,"href":"https:\/\/autostil.ba\/maloprodaja\/wp-json\/wp\/v2\/product_brand?post=116962"},{"taxonomy":"product_cat","embeddable":true,"href":"https:\/\/autostil.ba\/maloprodaja\/wp-json\/wp\/v2\/product_cat?post=116962"},{"taxonomy":"product_tag","embeddable":true,"href":"https:\/\/autostil.ba\/maloprodaja\/wp-json\/wp\/v2\/product_tag?post=116962"}],"curies":[{"name":"wp","href":"https:\/\/api.w.org\/{rel}","templated":true}]}}