{"id":116922,"date":"2025-12-17T09:53:22","date_gmt":"2025-12-17T07:53:22","guid":{"rendered":"https:\/\/autostil.ba\/maloprodaja\/?post_type=product&#038;p=116922"},"modified":"2026-04-08T11:44:33","modified_gmt":"2026-04-08T09:44:33","slug":"tecnost-za-odrzavanje-unutrasnje-plastike-1l","status":"publish","type":"product","link":"https:\/\/autostil.ba\/maloprodaja\/proizvod\/12442\/tecnost-za-odrzavanje-unutrasnje-plastike-1l\/","title":{"rendered":"TE\u010cNOST ZA ODR\u017dAVANJE UNUTRA\u0160NJE PLASTIKE 1L"},"content":{"rendered":"","protected":false},"excerpt":{"rendered":"<p>BadBoys Interior Dressing | Boys Perfume Miris<br \/>\nObloga za unutra\u0161nju plastiku, \u0161titi i pobolj\u0161ava dubinu boje plasti\u010dnih, gumenih i vinilnih elemenata. Savr\u0161eno za mat i sjajne povr\u0161ine. Proizvod sa fantasti\u010dnim mirisom kole.<br \/>\nKarakteristike:<br \/>\nBlagi proizvod za osvje\u017eavanje i za\u0161titu unutra\u0161nje plastike<br \/>\nFormira antistati\u010dki sloj<br \/>\nOstavlja UV filter da spre\u010di izbledenje elemenata<br \/>\nCola miris<br \/>\nGuste teksture<br \/>\nBezbedno za povr\u0161inu koja se \u010disti<br \/>\nPreparat je spreman za upotrebu<br \/>\nUpotreba:<br \/>\nPrije nano\u0161enja Interior Dressing-a, o\u010distite povr\u0161inu sa Interior Detailer BadBoys ili u slu\u010daju ve\u0107eg zaprljanja \u2014 Plastic Cleaner BadBoys<br \/>\nProtresti prije upotrebe<br \/>\nNanesite malu koli\u010dinu proizvoda aplikatorom ili mikrovlaknom<br \/>\nUklonite vi\u0161ak proizvoda krpom od mikrovlakana<br \/>\nZa pobolj\u0161anje efekta, ponovite akciju i nanesite drugi sloj<\/p>\n<p>Preporuke:<br \/>\nIzbjegavajte prskanje po presvlakama i prozorima<br \/>\n\u010cuvati na suvom i hladnom mestu na 5-25?<br \/>\nPrije nano\u0161enja provjerite je li povr\u0161ina koju \u010distite hladna<br \/>\nNemojte izlagati smrzavanju ili pregrijavanju<br \/>\nNe ostavljajte da se osu\u0161i na povr\u0161ini<br \/>\n\u010cuvati izvan dohvata djece<\/p>\n","protected":false},"featured_media":116923,"comment_status":"open","ping_status":"closed","template":"","meta":{"_acf_changed":false,"inline_featured_image":false},"product_brand":[],"product_cat":[164],"product_tag":[],"class_list":{"0":"post-116922","1":"product","2":"type-product","3":"status-publish","4":"has-post-thumbnail","6":"product_cat-car-detailing","8":"first","9":"instock","10":"taxable","11":"shipping-taxable","12":"purchasable","13":"product-type-simple"},"acf":[],"custom_product_id":"12442","_links":{"self":[{"href":"https:\/\/autostil.ba\/maloprodaja\/wp-json\/wp\/v2\/product\/116922","targetHints":{"allow":["GET"]}}],"collection":[{"href":"https:\/\/autostil.ba\/maloprodaja\/wp-json\/wp\/v2\/product"}],"about":[{"href":"https:\/\/autostil.ba\/maloprodaja\/wp-json\/wp\/v2\/types\/product"}],"replies":[{"embeddable":true,"href":"https:\/\/autostil.ba\/maloprodaja\/wp-json\/wp\/v2\/comments?post=116922"}],"version-history":[{"count":1,"href":"https:\/\/autostil.ba\/maloprodaja\/wp-json\/wp\/v2\/product\/116922\/revisions"}],"predecessor-version":[{"id":116924,"href":"https:\/\/autostil.ba\/maloprodaja\/wp-json\/wp\/v2\/product\/116922\/revisions\/116924"}],"wp:featuredmedia":[{"embeddable":true,"href":"https:\/\/autostil.ba\/maloprodaja\/wp-json\/wp\/v2\/media\/116923"}],"wp:attachment":[{"href":"https:\/\/autostil.ba\/maloprodaja\/wp-json\/wp\/v2\/media?parent=116922"}],"wp:term":[{"taxonomy":"product_brand","embeddable":true,"href":"https:\/\/autostil.ba\/maloprodaja\/wp-json\/wp\/v2\/product_brand?post=116922"},{"taxonomy":"product_cat","embeddable":true,"href":"https:\/\/autostil.ba\/maloprodaja\/wp-json\/wp\/v2\/product_cat?post=116922"},{"taxonomy":"product_tag","embeddable":true,"href":"https:\/\/autostil.ba\/maloprodaja\/wp-json\/wp\/v2\/product_tag?post=116922"}],"curies":[{"name":"wp","href":"https:\/\/api.w.org\/{rel}","templated":true}]}}