{"id":116912,"date":"2024-07-18T08:13:22","date_gmt":"2024-07-18T06:13:22","guid":{"rendered":"https:\/\/autostil.ba\/maloprodaja\/?post_type=product&#038;p=116912"},"modified":"2026-04-08T11:44:33","modified_gmt":"2026-04-08T09:44:33","slug":"tecnost-za-ciscenje-feluga-1l-crveni-efekat","status":"publish","type":"product","link":"https:\/\/autostil.ba\/maloprodaja\/proizvod\/12424\/tecnost-za-ciscenje-feluga-1l-crveni-efekat\/","title":{"rendered":"TE\u010cNOST ZA \u010cI\u0160\u0106ENJE FELUGA 1L CRVENI EFEKAT"},"content":{"rendered":"","protected":false},"excerpt":{"rendered":"<p>RRCustoms BadBoys Wheel Cleaner Bleeding<br \/>\nProizvod koji se koristi za \u010di\u0161\u0107enje felni. Efikasno prodire u prljav\u0161tinu. Proizvod sna\u017eno reaguje s metalnim naslagama, \u0161to rezultira intenzivnom, krvavom nijansom gela. Preporu\u010duje se za jako zaprljane felge.<br \/>\nKarakteristike proizvoda:<br \/>\nProizvod namijenjen \u010di\u0161\u0107enju felgi<br \/>\nGel formula omogu\u0107ava du\u017ee prodiranje prljav\u0161tine i sporije isparavanje<br \/>\nU kontaktu sa metalnim \u010desticama, postaje vrlo krvava boja<br \/>\nProizvod prijanja na povr\u0161inu kota\u010da u obliku ravnomjerne gel glazure, \u0161to \u010dini da du\u017ee te\u010de s povr\u0161ine.<br \/>\nSiguran pH<br \/>\nSpreman za upotrebu<br \/>\nSiguran za o\u010di\u0161\u0107ene povr\u0161ine, ako se nanosi prema preporuci<br \/>\nNeutralizirani miris (karakteristi\u010dan za druge takve proizvode)<br \/>\nUpotreba:<br \/>\nProtresti bocu prije upotrebe<br \/>\nObilno poprskajte felge gelom<br \/>\nZa bolji efekat, \u010detkom odvojite prljav\u0161tinu<br \/>\nZa prljav\u0161tinu koju je te\u0161ko ukloniti, ostavite sredstvo da djeluje na povr\u0161ini nekoliko minuta<br \/>\nisprati vodom, najbolje pod pritiskom<br \/>\nOsu\u0161ite povr\u0161inu komprimiranim zrakom ili \u010distim mikrovlaknima za savr\u0161enu zavr\u0161nu obradu<br \/>\nako je potrebno, ponovite gore navedene korake<\/p>\n<p>Preporuke:<br \/>\nPrije prve upotrebe, testirajte proizvod na manje vidljivom mjestu<br \/>\nZa\u0161titite ko\u017eu tokom nano\u0161enja; proizvod mo\u017ee izazvati iritaciju ko\u017ee;<br \/>\n\u010cuvati na suvom i hladnom mestu na 10-25?<br \/>\nNemojte izlagati smrzavanju ili pregrijavanju<br \/>\nNe ostavljajte da se osu\u0161i<br \/>\nPrije nano\u0161enja, uvjerite se da je povr\u0161ina koju \u010distite hladna, nemojte koristiti na direktnoj sun\u010devoj svjetlosti<br \/>\n\u010cuvati izvan dohvata djece<\/p>\n","protected":false},"featured_media":116913,"comment_status":"open","ping_status":"closed","template":"","meta":{"_acf_changed":false,"inline_featured_image":false},"product_brand":[],"product_cat":[164],"product_tag":[],"class_list":{"0":"post-116912","1":"product","2":"type-product","3":"status-publish","4":"has-post-thumbnail","6":"product_cat-car-detailing","8":"first","9":"instock","10":"taxable","11":"shipping-taxable","12":"purchasable","13":"product-type-simple"},"acf":[],"custom_product_id":"12424","_links":{"self":[{"href":"https:\/\/autostil.ba\/maloprodaja\/wp-json\/wp\/v2\/product\/116912","targetHints":{"allow":["GET"]}}],"collection":[{"href":"https:\/\/autostil.ba\/maloprodaja\/wp-json\/wp\/v2\/product"}],"about":[{"href":"https:\/\/autostil.ba\/maloprodaja\/wp-json\/wp\/v2\/types\/product"}],"replies":[{"embeddable":true,"href":"https:\/\/autostil.ba\/maloprodaja\/wp-json\/wp\/v2\/comments?post=116912"}],"version-history":[{"count":2,"href":"https:\/\/autostil.ba\/maloprodaja\/wp-json\/wp\/v2\/product\/116912\/revisions"}],"predecessor-version":[{"id":793050630,"href":"https:\/\/autostil.ba\/maloprodaja\/wp-json\/wp\/v2\/product\/116912\/revisions\/793050630"}],"wp:featuredmedia":[{"embeddable":true,"href":"https:\/\/autostil.ba\/maloprodaja\/wp-json\/wp\/v2\/media\/116913"}],"wp:attachment":[{"href":"https:\/\/autostil.ba\/maloprodaja\/wp-json\/wp\/v2\/media?parent=116912"}],"wp:term":[{"taxonomy":"product_brand","embeddable":true,"href":"https:\/\/autostil.ba\/maloprodaja\/wp-json\/wp\/v2\/product_brand?post=116912"},{"taxonomy":"product_cat","embeddable":true,"href":"https:\/\/autostil.ba\/maloprodaja\/wp-json\/wp\/v2\/product_cat?post=116912"},{"taxonomy":"product_tag","embeddable":true,"href":"https:\/\/autostil.ba\/maloprodaja\/wp-json\/wp\/v2\/product_tag?post=116912"}],"curies":[{"name":"wp","href":"https:\/\/api.w.org\/{rel}","templated":true}]}}