{"id":116902,"date":"2024-07-18T08:13:22","date_gmt":"2024-07-18T06:13:22","guid":{"rendered":"https:\/\/autostil.ba\/maloprodaja\/?post_type=product&#038;p=116902"},"modified":"2026-04-08T11:44:33","modified_gmt":"2026-04-08T09:44:33","slug":"tecnost-za-ciscenje-feluga-neon-1l","status":"publish","type":"product","link":"https:\/\/autostil.ba\/maloprodaja\/proizvod\/12425\/tecnost-za-ciscenje-feluga-neon-1l\/","title":{"rendered":"TE\u010cNOST ZA \u010cI\u0160\u0106ENJE FELUGA NEON 1L"},"content":{"rendered":"","protected":false},"excerpt":{"rendered":"<p>Ne sadr\u017eI kiseline odgovorne za krvarenje (deironizaciju). Zahvaljuju\u0107i upotrebi jake zelene boje mo\u017eete ta\u010dno videti gde je proizvod nanet. Konzistencija gela produ\u017eava u\u010dinak proizvoda. Proizvod sa briljantnim mirisom gro\u017e\u0111a. Siguran za farbane felge. Pobolj\u0161ana formula gela omogu\u0107ava du\u017ee prodiranje prljav\u0161tine i sporije isparavanje, proizvod prianja na povr\u0161inu kota\u010da u obliku ravnomjerne gel glazure, \u0161to \u010dini da du\u017ee oti\u010de s povr\u0161ine. alkalni pH proizvod spreman za upotrebu siguran za o\u010di\u0161\u0107ene povr\u0161ine.<br \/>\nProtresti bocu prije upotrebe.Obilno poprskajte felge gelom.Za bolji efekat, \u010detkom odvojite prljav\u0161tinu.Za prljav\u0161tinu koju je te\u0161ko ukloniti, ostavite sredstvo da djeluje na povr\u0161ini nekoliko minuta.Isprati vodom, najbolje pod pritiskom.Osu\u0161ite povr\u0161inu komprimiranim zrakom ili \u010distim mikrovlaknima za savr\u0161enu zavr\u0161nu obradu.Ako je potrebno, ponovite gore navedene korake.Prije prve upotrebe, testirajte proizvod na manje vidljivom mjestu ne koristite na neoriginalnoj boji kota\u010da ne koristite na poliranim felgama, goli aluminij proizvod sadr\u017ei inhibitor korozije, inhibira korozijske procese neonsku boju i miris sadr\u017eane u proizvodu mogu degradirati tokom vremena i izgubiti svoj intenzitet; promena boje proizvoda ili njegovog mirisa ne uti\u010de na efikasnost proizvoda; dr\u017eite proizvod dobro zatvorenim, koriste\u0107i samo originalnu kapicu; koristili smo specijalizirani, prozra\u010dni \u010dep za bocu, vrlo velika koli\u010dina mirisa sadr\u017eanog u proizvodu mo\u017ee uzrokovati skupljanje bo\u010dice; promijenjen oblik boce ne utje\u010de na kvalitetu proizvoda; tokom nano\u0161enja za\u0161titite ko\u017eu, proizvod mo\u017ee izazvati iritaciju ko\u017ee \u010duvajte na suvom i hladnom mestu na 10\u201325, ne izla\u017eite smrzavanju ili pregrijavanju ne ostavljajte da se osu\u0161i pre nano\u0161enja, uverite se da je povr\u0161ina koju \u010distite hladno ne koristiti na direktnoj sun\u010devoj svjetlosti i kada je izlo\u017een vjetru dr\u017eati van doma\u0161aja djece proizvod za profesionalnu upotrebu<\/p>\n","protected":false},"featured_media":116903,"comment_status":"open","ping_status":"closed","template":"","meta":{"_acf_changed":false,"inline_featured_image":false},"product_brand":[],"product_cat":[164],"product_tag":[],"class_list":{"0":"post-116902","1":"product","2":"type-product","3":"status-publish","4":"has-post-thumbnail","6":"product_cat-car-detailing","8":"first","9":"instock","10":"taxable","11":"shipping-taxable","12":"purchasable","13":"product-type-simple"},"acf":[],"custom_product_id":"12425","_links":{"self":[{"href":"https:\/\/autostil.ba\/maloprodaja\/wp-json\/wp\/v2\/product\/116902","targetHints":{"allow":["GET"]}}],"collection":[{"href":"https:\/\/autostil.ba\/maloprodaja\/wp-json\/wp\/v2\/product"}],"about":[{"href":"https:\/\/autostil.ba\/maloprodaja\/wp-json\/wp\/v2\/types\/product"}],"replies":[{"embeddable":true,"href":"https:\/\/autostil.ba\/maloprodaja\/wp-json\/wp\/v2\/comments?post=116902"}],"version-history":[{"count":1,"href":"https:\/\/autostil.ba\/maloprodaja\/wp-json\/wp\/v2\/product\/116902\/revisions"}],"predecessor-version":[{"id":116904,"href":"https:\/\/autostil.ba\/maloprodaja\/wp-json\/wp\/v2\/product\/116902\/revisions\/116904"}],"wp:featuredmedia":[{"embeddable":true,"href":"https:\/\/autostil.ba\/maloprodaja\/wp-json\/wp\/v2\/media\/116903"}],"wp:attachment":[{"href":"https:\/\/autostil.ba\/maloprodaja\/wp-json\/wp\/v2\/media?parent=116902"}],"wp:term":[{"taxonomy":"product_brand","embeddable":true,"href":"https:\/\/autostil.ba\/maloprodaja\/wp-json\/wp\/v2\/product_brand?post=116902"},{"taxonomy":"product_cat","embeddable":true,"href":"https:\/\/autostil.ba\/maloprodaja\/wp-json\/wp\/v2\/product_cat?post=116902"},{"taxonomy":"product_tag","embeddable":true,"href":"https:\/\/autostil.ba\/maloprodaja\/wp-json\/wp\/v2\/product_tag?post=116902"}],"curies":[{"name":"wp","href":"https:\/\/api.w.org\/{rel}","templated":true}]}}