{"id":116892,"date":"2024-07-18T08:13:21","date_gmt":"2024-07-18T06:13:21","guid":{"rendered":"https:\/\/autostil.ba\/maloprodaja\/?post_type=product&#038;p=116892"},"modified":"2026-04-08T11:44:33","modified_gmt":"2026-04-08T09:44:33","slug":"sredstvo-za-uklanjanje-insekata-1l-sa-mirisom-kupine","status":"publish","type":"product","link":"https:\/\/autostil.ba\/maloprodaja\/proizvod\/12412\/sredstvo-za-uklanjanje-insekata-1l-sa-mirisom-kupine\/","title":{"rendered":"SREDSTVO ZA UKLANJANJE INSEKATA 1L SA MIRISOM KUPINE"},"content":{"rendered":"","protected":false},"excerpt":{"rendered":"<p>RRCustoms BadBoys Bug Remover<br \/>\nU\u010dinkovito uklanja tragove osu\u0161enih insekata i pti\u010djeg izmeta. Idealan za upotrebu prije pranja automobila. Proizvod ugodnog mirisa kupine.<br \/>\nKarakteristike:<br \/>\n\u2022 proizvod za uklanjanje mrtvih insekata, pti\u010djeg izmeta i drugih organskih ne\u010disto\u0107a<br \/>\n\u2022 proizvod za upotrebu na lakiranim, staklenim, plasti\u010dnim, obojenim, poliranim metalima, hromiranim, eloksiranim, premazanim prahom, povr\u0161inama od karbonskih vlakana ili vinil folije<br \/>\n\u2022 beskontaktno kori\u0161tenje<br \/>\n\u2022 spreman za upotrebu<br \/>\n\u2022 siguran za o\u010di\u0161\u0107enu povr\u0161inu ako se nanosi kako je preporu\u010deno<br \/>\nUpotreba:<br \/>\n\u2022 protresti prije upotrebe<br \/>\n\u2022 naprskajte zaprljanu povr\u0161inu okida\u010dem sa udaljenosti od cca. 15 cm<br \/>\n\u2022 sa\u010dekajte 3-5 minuta<br \/>\n\u2022 isprati sa dosta vode pod pritiskom<br \/>\n\u2022 ako je potrebno, ponovite gore navedene korake<br \/>\nPreporuke:<br \/>\n\u2022 prije prve upotrebe, testirajte proizvod na manje vidljivom mjestu<br \/>\n\u2022 tokom nano\u0161enja za\u0161titite ko\u017eu proizvod je iritantan<br \/>\n\u2022 \u010cuvati na suvom i hladnom mestu na 5-25?<br \/>\n\u2022 nemojte izlagati smrzavanju ili pregrijavanju<br \/>\n\u2022 ne ostavljajte da se osu\u0161i<br \/>\n\u2022 prije nano\u0161enja, uvjerite se da je povr\u0161ina koju \u010distite hladna, nemojte koristiti na direktnoj sun\u010devoj svjetlosti<br \/>\n\u2022 \u010duvati izvan dohvata djece<br \/>\n\u2022 proizvod za profesionalnu upotrebu<\/p>\n","protected":false},"featured_media":116893,"comment_status":"open","ping_status":"closed","template":"","meta":{"_acf_changed":false,"inline_featured_image":false},"product_brand":[],"product_cat":[164],"product_tag":[],"class_list":{"0":"post-116892","1":"product","2":"type-product","3":"status-publish","4":"has-post-thumbnail","6":"product_cat-car-detailing","8":"first","9":"instock","10":"taxable","11":"shipping-taxable","12":"purchasable","13":"product-type-simple"},"acf":[],"custom_product_id":"12412","_links":{"self":[{"href":"https:\/\/autostil.ba\/maloprodaja\/wp-json\/wp\/v2\/product\/116892","targetHints":{"allow":["GET"]}}],"collection":[{"href":"https:\/\/autostil.ba\/maloprodaja\/wp-json\/wp\/v2\/product"}],"about":[{"href":"https:\/\/autostil.ba\/maloprodaja\/wp-json\/wp\/v2\/types\/product"}],"replies":[{"embeddable":true,"href":"https:\/\/autostil.ba\/maloprodaja\/wp-json\/wp\/v2\/comments?post=116892"}],"version-history":[{"count":2,"href":"https:\/\/autostil.ba\/maloprodaja\/wp-json\/wp\/v2\/product\/116892\/revisions"}],"predecessor-version":[{"id":793050633,"href":"https:\/\/autostil.ba\/maloprodaja\/wp-json\/wp\/v2\/product\/116892\/revisions\/793050633"}],"wp:featuredmedia":[{"embeddable":true,"href":"https:\/\/autostil.ba\/maloprodaja\/wp-json\/wp\/v2\/media\/116893"}],"wp:attachment":[{"href":"https:\/\/autostil.ba\/maloprodaja\/wp-json\/wp\/v2\/media?parent=116892"}],"wp:term":[{"taxonomy":"product_brand","embeddable":true,"href":"https:\/\/autostil.ba\/maloprodaja\/wp-json\/wp\/v2\/product_brand?post=116892"},{"taxonomy":"product_cat","embeddable":true,"href":"https:\/\/autostil.ba\/maloprodaja\/wp-json\/wp\/v2\/product_cat?post=116892"},{"taxonomy":"product_tag","embeddable":true,"href":"https:\/\/autostil.ba\/maloprodaja\/wp-json\/wp\/v2\/product_tag?post=116892"}],"curies":[{"name":"wp","href":"https:\/\/api.w.org\/{rel}","templated":true}]}}