{"id":116862,"date":"2025-12-17T09:52:20","date_gmt":"2025-12-17T07:52:20","guid":{"rendered":"https:\/\/autostil.ba\/maloprodaja\/?post_type=product&#038;p=116862"},"modified":"2026-04-08T11:44:32","modified_gmt":"2026-04-08T09:44:32","slug":"losion-za-njegu-i-odrzavanje-koze-mat-1l","status":"publish","type":"product","link":"https:\/\/autostil.ba\/maloprodaja\/proizvod\/12443\/losion-za-njegu-i-odrzavanje-koze-mat-1l\/","title":{"rendered":"LOSION ZA NJEGU I ODR\u017dAVANJE KO\u017dE MAT 1L"},"content":{"rendered":"","protected":false},"excerpt":{"rendered":"<p>Koristi se za impregnaciju i njegu ko\u017enih povr\u0161ina. Proizvod prodire duboko u ko\u017eu daju\u0107i joj fleksibilnost, elasti\u010dnost i miris ko\u017ee. Kori\u0161\u0107enjem BadBoys regeneratora za ko\u017eu, ko\u017ea ponovo postaje mekana i glatka i ostavlja mat.<br \/>\nKarakteristike proizvoda:<br \/>\nRegenerator za glatku ko\u017eu<br \/>\n\u010cini povr\u0161inu ko\u017ee elasti\u010dnijom, hidratiziranom i nahranjenijom<br \/>\nSpre\u010dava isu\u0161ivanje<br \/>\n\u010cuva i produ\u017eava vijek trajanja ko\u017ene povr\u0161ine<br \/>\nFormira prozirni sloj koji osigurava za\u0161titu boje i sigurnost<br \/>\n\u0160titi od UV zra\u010denja<br \/>\nPrijatnog mirisa ko\u017ee<br \/>\nProizvod spreman za upotrebu<br \/>\nSa\u010duvajte ako se koristi prema preporuci<br \/>\nProizvod se ne smije koristiti za grubu ko\u017eu (npr. nubuk, antilop, velur, anilinsku ko\u017eu)<br \/>\nUpotreba:<br \/>\nPrije nano\u0161enja regeneratora, preporu\u010duje se \u010di\u0161\u0107enje povr\u0161ine sa Leather Cleaner BadBoys<br \/>\nProtresti bocu prije upotrebe<br \/>\nRegenerator za ko\u017eu treba nanositi mekom krpom od mikrovlakana ili aplikatorom na suhu, \u010distu povr\u0161inu<br \/>\nNanositi kru\u017enim pokretima<br \/>\nRavnomjerno rasporedite i ostavite da se osu\u0161i<\/p>\n<p>Preporuke:<br \/>\nPrije prve upotrebe, testirajte proizvod na manje vidljivom mjestu<br \/>\nZa\u0161titite ko\u017eu tokom nano\u0161enja; proizvod mo\u017ee izazvati iritaciju ko\u017ee; koristiti za\u0161titne rukavice\/odje\u0107u\/za\u0161titu za o\u010di\/za\u0161titu za lice<br \/>\nTemeljito operite ruke nakon upotrebe<br \/>\n\u010cuvati na suvom i hladnom mestu na 5-25?<br \/>\nNemojte izlagati smrzavanju ili pregrijavanju<br \/>\n\u010cuvati izvan dohvata djece<\/p>\n","protected":false},"featured_media":116863,"comment_status":"open","ping_status":"closed","template":"","meta":{"_acf_changed":false,"inline_featured_image":false},"product_brand":[],"product_cat":[164],"product_tag":[],"class_list":{"0":"post-116862","1":"product","2":"type-product","3":"status-publish","4":"has-post-thumbnail","6":"product_cat-car-detailing","8":"first","9":"instock","10":"taxable","11":"shipping-taxable","12":"purchasable","13":"product-type-simple"},"acf":[],"custom_product_id":"12443","_links":{"self":[{"href":"https:\/\/autostil.ba\/maloprodaja\/wp-json\/wp\/v2\/product\/116862","targetHints":{"allow":["GET"]}}],"collection":[{"href":"https:\/\/autostil.ba\/maloprodaja\/wp-json\/wp\/v2\/product"}],"about":[{"href":"https:\/\/autostil.ba\/maloprodaja\/wp-json\/wp\/v2\/types\/product"}],"replies":[{"embeddable":true,"href":"https:\/\/autostil.ba\/maloprodaja\/wp-json\/wp\/v2\/comments?post=116862"}],"version-history":[{"count":1,"href":"https:\/\/autostil.ba\/maloprodaja\/wp-json\/wp\/v2\/product\/116862\/revisions"}],"predecessor-version":[{"id":116864,"href":"https:\/\/autostil.ba\/maloprodaja\/wp-json\/wp\/v2\/product\/116862\/revisions\/116864"}],"wp:featuredmedia":[{"embeddable":true,"href":"https:\/\/autostil.ba\/maloprodaja\/wp-json\/wp\/v2\/media\/116863"}],"wp:attachment":[{"href":"https:\/\/autostil.ba\/maloprodaja\/wp-json\/wp\/v2\/media?parent=116862"}],"wp:term":[{"taxonomy":"product_brand","embeddable":true,"href":"https:\/\/autostil.ba\/maloprodaja\/wp-json\/wp\/v2\/product_brand?post=116862"},{"taxonomy":"product_cat","embeddable":true,"href":"https:\/\/autostil.ba\/maloprodaja\/wp-json\/wp\/v2\/product_cat?post=116862"},{"taxonomy":"product_tag","embeddable":true,"href":"https:\/\/autostil.ba\/maloprodaja\/wp-json\/wp\/v2\/product_tag?post=116862"}],"curies":[{"name":"wp","href":"https:\/\/api.w.org\/{rel}","templated":true}]}}