{"id":116852,"date":"2024-07-18T08:13:20","date_gmt":"2024-07-18T06:13:20","guid":{"rendered":"https:\/\/autostil.ba\/maloprodaja\/?post_type=product&#038;p=116852"},"modified":"2026-04-24T16:00:21","modified_gmt":"2026-04-24T14:00:21","slug":"tecnost-za-ciscenje-stakla-1l-sa-mirisom-grejpfruta","status":"publish","type":"product","link":"https:\/\/autostil.ba\/maloprodaja\/proizvod\/12415\/tecnost-za-ciscenje-stakla-1l-sa-mirisom-grejpfruta\/","title":{"rendered":"TE\u010cNOST ZA \u010cI\u0160\u0106ENJE STAKLA 1L SA MIRISOM GREJPFRUTA"},"content":{"rendered":"","protected":false},"excerpt":{"rendered":"<p>RRCustoms BadBoys Sredstvo za \u010di\u0161\u0107enje stakla<br \/>\nSredstvo za \u010di\u0161\u0107enje vjetrobranskog stakla, stakla i retrovizora. Zahvaljuju\u0107i svojstvima odma\u0161\u0107ivanja, pogodan je i za jako podmazane staklene povr\u0161ine u unutra\u0161njosti automobila. Upotreba formule &#8216;Streak free&#8217; osigurava da povr\u0161ina koja se \u010disti ostaje bez mrlja, a staklo du\u017ee ostaje \u010disto. Preparat prijatnog mirisa grejpfruta.<br \/>\nKarakteristike proizvoda:<br \/>\n\u2022\tefikasno otapa prljav\u0161tinu na staklenoj povr\u0161ini<br \/>\n\u2022\tbaziran na formuli STREAK FREE<br \/>\n\u2022\tne ostavlja mrlje<br \/>\n\u2022\tsiguran za plastiku, vjetrobranska stakla, prozore i ogledala<br \/>\n\u2022\tsiguran za lakirane, obojene, polirane metalne, hromirane, eloksirane, pra\u0161kasto oblo\u017eene, povr\u0161ine od karbonskih vlakana ili vinil folije<br \/>\n\u2022\tproizvod spreman za upotrebu<br \/>\nUpotreba:<br \/>\n\u2022\tnanesite sredstvo za \u010di\u0161\u0107enje stakla sa okida\u010dem na krpu od mikrovlakana i operite staklo (na velike staklene povr\u0161ine nanesite proizvod direktno raspr\u0161iva\u010dem)<br \/>\n\u2022\tosu\u0161ite ru\u010dnikom bez pra\u0161ine, glatkom krpom od mikrovlakana ili oblatni<br \/>\n\u2022\tako je potrebno, ponovite gore navedene korake<br \/>\n\u2022\tuvijek koristite rukavice, jer masno\u0107a s va\u0161ih prstiju lako prelazi sa<br \/>\n\u2022\tmikrovlakana do stakla<br \/>\nPreporuke:<br \/>\n\u2022\t\u010cuvati na suvom i hladnom mestu na 5-25?<br \/>\n\u2022\tnemojte izlagati smrzavanju ili pregrijavanju<br \/>\n\u2022\tprije nano\u0161enja, uvjerite se da je povr\u0161ina koju \u010distite hladna, ne nanositi na direktnom suncu.<br \/>\n\u2022\t\u010duvati izvan dohvata djece<\/p>\n","protected":false},"featured_media":116853,"comment_status":"open","ping_status":"closed","template":"","meta":{"_acf_changed":false,"inline_featured_image":false},"product_brand":[],"product_cat":[164],"product_tag":[],"class_list":{"0":"post-116852","1":"product","2":"type-product","3":"status-publish","4":"has-post-thumbnail","6":"product_cat-car-detailing","8":"first","9":"instock","10":"taxable","11":"shipping-taxable","12":"purchasable","13":"product-type-simple"},"acf":[],"custom_product_id":"12415","_links":{"self":[{"href":"https:\/\/autostil.ba\/maloprodaja\/wp-json\/wp\/v2\/product\/116852","targetHints":{"allow":["GET"]}}],"collection":[{"href":"https:\/\/autostil.ba\/maloprodaja\/wp-json\/wp\/v2\/product"}],"about":[{"href":"https:\/\/autostil.ba\/maloprodaja\/wp-json\/wp\/v2\/types\/product"}],"replies":[{"embeddable":true,"href":"https:\/\/autostil.ba\/maloprodaja\/wp-json\/wp\/v2\/comments?post=116852"}],"version-history":[{"count":1,"href":"https:\/\/autostil.ba\/maloprodaja\/wp-json\/wp\/v2\/product\/116852\/revisions"}],"predecessor-version":[{"id":116854,"href":"https:\/\/autostil.ba\/maloprodaja\/wp-json\/wp\/v2\/product\/116852\/revisions\/116854"}],"wp:featuredmedia":[{"embeddable":true,"href":"https:\/\/autostil.ba\/maloprodaja\/wp-json\/wp\/v2\/media\/116853"}],"wp:attachment":[{"href":"https:\/\/autostil.ba\/maloprodaja\/wp-json\/wp\/v2\/media?parent=116852"}],"wp:term":[{"taxonomy":"product_brand","embeddable":true,"href":"https:\/\/autostil.ba\/maloprodaja\/wp-json\/wp\/v2\/product_brand?post=116852"},{"taxonomy":"product_cat","embeddable":true,"href":"https:\/\/autostil.ba\/maloprodaja\/wp-json\/wp\/v2\/product_cat?post=116852"},{"taxonomy":"product_tag","embeddable":true,"href":"https:\/\/autostil.ba\/maloprodaja\/wp-json\/wp\/v2\/product_tag?post=116852"}],"curies":[{"name":"wp","href":"https:\/\/api.w.org\/{rel}","templated":true}]}}