{"id":116842,"date":"2024-07-18T08:13:19","date_gmt":"2024-07-18T08:13:19","guid":{"rendered":"https:\/\/autostil.ba\/maloprodaja\/?post_type=product&#038;p=116842"},"modified":"2026-04-08T11:44:27","modified_gmt":"2026-04-08T09:44:27","slug":"tecnost-za-ciscenje-tkanine-siceva-1l","status":"publish","type":"product","link":"https:\/\/autostil.ba\/maloprodaja\/proizvod\/12436\/tecnost-za-ciscenje-tkanine-siceva-1l\/","title":{"rendered":"TE\u010cNOST ZA \u010cI\u0160\u0106ENJE TKANINE &#8211; SICEVA 1L"},"content":{"rendered":"","protected":false},"excerpt":{"rendered":"<p>RRCustoms BadBoys Fabric Cleaner<br \/>\nSpreman za upotrebu i ne zahtijeva razrje\u0111ivanje. Preporu\u010duje se za uklanjanje prljav\u0161tine sa sjedi\u0161ta, prostirki, obloga glave, bokova, materijala nalik ko\u017ei. Proizvod se mo\u017ee koristiti bez usisiva\u010da za pranje. Prijatan, svje\u017e miris.<br \/>\nKarakteristike proizvoda:<br \/>\nSvje\u017e, prijatan miris<br \/>\nProizvod za uklanjanje zaprljanja sa presvlaka, presvlake automobila<br \/>\nProizvod je spreman za upotrebu i ne zahtijeva razrje\u0111ivanje<br \/>\nPreporu\u010duje se za \u010di\u0161\u0107enje: sedi\u0161ta, prostirke, obloge, bo\u010dne strane itd.<br \/>\nSiguran za o\u010di\u0161\u0107enu povr\u0161inu ako se koristi kako je preporu\u010deno<br \/>\nUpotreba:<br \/>\nProtresti prije upotrebe<br \/>\nNanesite proizvod na krpu od mikrovlakana ili \u010detku<br \/>\n\u010cistite kru\u017enim pokretima, a rubove i \u0161avove uzdu\u017enim pokretima<br \/>\nOsu\u0161ite \u010distom, suhom i upijaju\u0107om krpom od mikrovlakana, ponovite postupak ako je potrebno<br \/>\nPreporuke:<br \/>\nPrije prve upotrebe, testirajte proizvod na manje vidljivom mjestu<br \/>\n\u010cuvati na suvom i hladnom mestu na 5-25?<br \/>\nNe nanositi na vru\u0107e povr\u0161ine<br \/>\nNemojte izlagati smrzavanju ili pregrijavanju<br \/>\n\u010cuvati izvan dohvata djece<\/p>\n","protected":false},"featured_media":116843,"comment_status":"open","ping_status":"closed","template":"","meta":{"_acf_changed":false,"inline_featured_image":false},"product_brand":[],"product_cat":[164],"product_tag":[],"class_list":{"0":"post-116842","1":"product","2":"type-product","3":"status-publish","4":"has-post-thumbnail","6":"product_cat-car-detailing","8":"first","9":"instock","10":"taxable","11":"shipping-taxable","12":"purchasable","13":"product-type-simple"},"acf":[],"custom_product_id":"12436","_links":{"self":[{"href":"https:\/\/autostil.ba\/maloprodaja\/wp-json\/wp\/v2\/product\/116842","targetHints":{"allow":["GET"]}}],"collection":[{"href":"https:\/\/autostil.ba\/maloprodaja\/wp-json\/wp\/v2\/product"}],"about":[{"href":"https:\/\/autostil.ba\/maloprodaja\/wp-json\/wp\/v2\/types\/product"}],"replies":[{"embeddable":true,"href":"https:\/\/autostil.ba\/maloprodaja\/wp-json\/wp\/v2\/comments?post=116842"}],"version-history":[{"count":1,"href":"https:\/\/autostil.ba\/maloprodaja\/wp-json\/wp\/v2\/product\/116842\/revisions"}],"predecessor-version":[{"id":116844,"href":"https:\/\/autostil.ba\/maloprodaja\/wp-json\/wp\/v2\/product\/116842\/revisions\/116844"}],"wp:featuredmedia":[{"embeddable":true,"href":"https:\/\/autostil.ba\/maloprodaja\/wp-json\/wp\/v2\/media\/116843"}],"wp:attachment":[{"href":"https:\/\/autostil.ba\/maloprodaja\/wp-json\/wp\/v2\/media?parent=116842"}],"wp:term":[{"taxonomy":"product_brand","embeddable":true,"href":"https:\/\/autostil.ba\/maloprodaja\/wp-json\/wp\/v2\/product_brand?post=116842"},{"taxonomy":"product_cat","embeddable":true,"href":"https:\/\/autostil.ba\/maloprodaja\/wp-json\/wp\/v2\/product_cat?post=116842"},{"taxonomy":"product_tag","embeddable":true,"href":"https:\/\/autostil.ba\/maloprodaja\/wp-json\/wp\/v2\/product_tag?post=116842"}],"curies":[{"name":"wp","href":"https:\/\/api.w.org\/{rel}","templated":true}]}}