{"id":116832,"date":"2024-07-18T08:13:19","date_gmt":"2024-07-18T08:13:19","guid":{"rendered":"https:\/\/autostil.ba\/maloprodaja\/?post_type=product&#038;p=116832"},"modified":"2026-04-08T11:44:27","modified_gmt":"2026-04-08T09:44:27","slug":"losion-sjaj-za-auto-lak-quick-detailer-1l","status":"publish","type":"product","link":"https:\/\/autostil.ba\/maloprodaja\/proizvod\/12434\/losion-sjaj-za-auto-lak-quick-detailer-1l\/","title":{"rendered":"LOSION SJAJ ZA AUTO LAK QUICK DETAILER 1L"},"content":{"rendered":"","protected":false},"excerpt":{"rendered":"<p>RRCustoms BadBoys Quick Detailer QD<br \/>\nPriprema za trenutni sjaj i za\u0161titu auto farbe. Daje povr\u0161ini dubok sjaj, klizav i hidrofoban efekat. Maskira mikro ogrebotine, uzrokuju\u0107i da povr\u0161ina du\u017ee ostane \u010dista. Proizvod prijatnog mirisa.<br \/>\nKarakteristike proizvoda:<br \/>\nIdealan za sjajnu farbu automobila<br \/>\nZa upotrebu na automobilima sa sterilnom farbom, kao i voskovima i premazima<br \/>\nIspunjava mikroogrebotine i \u0161upljine na farbanim povr\u0161inama<br \/>\nIsti\u010de dubinu boje iz obojenih elemenata<br \/>\nFormira hidrofobni ili vodoodbojni premaz<br \/>\nProizvod se mo\u017ee nanositi i na suhi i na mokri lak<br \/>\nQuick Detailer je tako\u0111er pogodan kao lubrikant za glinu<br \/>\nSiguran za o\u010di\u0161\u0107ene povr\u0161ine, ako se nanosi prema preporuci<br \/>\nPreparat je spreman za upotrebu i ne zahtijeva razrje\u0111ivanje<br \/>\n Upotreba:<br \/>\nPre nano\u0161enja Quick Detailer preparata za sjaj laka, preporu\u010duje se da se vozilo dobro opere<br \/>\nMokro nano\u0161enje Quick Detailera: poprskajte proizvod sa oko 20 ml, isperite vi\u0161ak i osu\u0161ite povr\u0161inu ru\u010dnikom; ne dozvoliti da se osu\u0161i!<br \/>\nNano\u0161enje na suhu boju: upotrijebite dva mekana ru\u010dnika od mikrovlakana, poprskajte sredstvo na mikrovlakna i utrljajte u povr\u0161inu, a drugim mikrovlaknom obri\u0161ite vi\u0161ak Quick Detailera kako biste postigli sjaj.<br \/>\nPreporu\u010dena koli\u010dina po automobilu: 10\u201330 ml.<br \/>\nPrimijeniti proizvod element po element<br \/>\nPrevi\u0161e preklapanja proizvoda dovodi do mrlja<br \/>\n Preporuke:<\/p>\n<p>\u010cuvati na suvom i hladnom mestu na 5\u201325? ne izlagati smrzavanju ili pregrevanju pre nano\u0161enja, uveriti se da je povr\u0161ina \u010dista i hladna ne nanositi na direktnom suncu i kada je izlo\u017een vetru! \u010duvati izvan dohvata djece<\/p>\n","protected":false},"featured_media":116833,"comment_status":"open","ping_status":"closed","template":"","meta":{"_acf_changed":false,"inline_featured_image":false},"product_brand":[],"product_cat":[164],"product_tag":[],"class_list":{"0":"post-116832","1":"product","2":"type-product","3":"status-publish","4":"has-post-thumbnail","6":"product_cat-car-detailing","8":"first","9":"instock","10":"taxable","11":"shipping-taxable","12":"purchasable","13":"product-type-simple"},"acf":[],"custom_product_id":"12434","_links":{"self":[{"href":"https:\/\/autostil.ba\/maloprodaja\/wp-json\/wp\/v2\/product\/116832","targetHints":{"allow":["GET"]}}],"collection":[{"href":"https:\/\/autostil.ba\/maloprodaja\/wp-json\/wp\/v2\/product"}],"about":[{"href":"https:\/\/autostil.ba\/maloprodaja\/wp-json\/wp\/v2\/types\/product"}],"replies":[{"embeddable":true,"href":"https:\/\/autostil.ba\/maloprodaja\/wp-json\/wp\/v2\/comments?post=116832"}],"version-history":[{"count":1,"href":"https:\/\/autostil.ba\/maloprodaja\/wp-json\/wp\/v2\/product\/116832\/revisions"}],"predecessor-version":[{"id":116834,"href":"https:\/\/autostil.ba\/maloprodaja\/wp-json\/wp\/v2\/product\/116832\/revisions\/116834"}],"wp:featuredmedia":[{"embeddable":true,"href":"https:\/\/autostil.ba\/maloprodaja\/wp-json\/wp\/v2\/media\/116833"}],"wp:attachment":[{"href":"https:\/\/autostil.ba\/maloprodaja\/wp-json\/wp\/v2\/media?parent=116832"}],"wp:term":[{"taxonomy":"product_brand","embeddable":true,"href":"https:\/\/autostil.ba\/maloprodaja\/wp-json\/wp\/v2\/product_brand?post=116832"},{"taxonomy":"product_cat","embeddable":true,"href":"https:\/\/autostil.ba\/maloprodaja\/wp-json\/wp\/v2\/product_cat?post=116832"},{"taxonomy":"product_tag","embeddable":true,"href":"https:\/\/autostil.ba\/maloprodaja\/wp-json\/wp\/v2\/product_tag?post=116832"}],"curies":[{"name":"wp","href":"https:\/\/api.w.org\/{rel}","templated":true}]}}