{"id":116822,"date":"2024-07-18T08:13:18","date_gmt":"2024-07-18T08:13:18","guid":{"rendered":"https:\/\/autostil.ba\/maloprodaja\/?post_type=product&#038;p=116822"},"modified":"2026-04-08T11:44:27","modified_gmt":"2026-04-08T09:44:27","slug":"sampon-za-auto-aktivni-i-pjena-sa-mirisom-tuti-fruti","status":"publish","type":"product","link":"https:\/\/autostil.ba\/maloprodaja\/proizvod\/12410\/sampon-za-auto-aktivni-i-pjena-sa-mirisom-tuti-fruti\/","title":{"rendered":"\u0160AMPON ZA AUTO AKTIVNI I PJENA SA MIRISOM TUTI FRUTI"},"content":{"rendered":"","protected":false},"excerpt":{"rendered":"<p>RRCustoms BadBoys Acid Shampoo &amp; Foam miris: TUTTI FRUTTI<br \/>\nTo je svestran proizvod visokih performansi sa kiselim pH, za upotrebu kao \u0161ampon za automobile i u obliku kiselinske aktivne pjene. Efikasno omek\u0161ava prljav\u0161tinu i podr\u017eava uklanjanje mineralnih naslaga, \u010dime se povr\u0161ina brzo \u010disti od nakupljene prljav\u0161tine.<br \/>\nNapravljen za odr\u017eavanje razli\u010ditih oblika za\u0161tite boje kao i za stalnu njegu automobila.<br \/>\n Zbog jakih svojstava odma\u0161\u0107ivanja, pogodan je za ku\u0107nu pripremu povr\u0161ine za nano\u0161enje voska. Bezbedan za boje i za\u0161titne premaze. Bez aditiva za poliranje i sastojaka koji pove\u0107avaju klizanje. Sadr\u017ei supstance koje omek\u0161avaju vodu i odla\u017eu su\u0161enje na povr\u0161ini, zahvaljuju\u0107i \u010demu se preparat lako ispire, a istovremeno smanjuje rizik od mrlja.<br \/>\nDoziranje:<br \/>\n\u2022\tPreporu\u010dena rje\u0161enja pjene &#8211; 1:4 za te\u0161ku prljav\u0161tinu, 1:12 za laganu prljav\u0161tinu<br \/>\n\u2022\tPreporu\u010deni rastvori \u0161ampona &#8211; 50ml na 10L vode<br \/>\n Na\u010din upotrebe za pretpranje:<br \/>\n\u2022\tZa nano\u0161enje koristite raspr\u0161iva\u010d PA pjene, nanijev\u0161i ravnomjeran sloj na povr\u0161inu koju \u010distite,<br \/>\n\u2022\tOstavite nekoliko minuta za reakciju, ne dopu\u0161taju\u0107i da se otopina osu\u0161i,<br \/>\n\u2022\tTemeljito isperite vodom koriste\u0107i visokotla\u010dni pera\u010d, po\u010dev\u0161i od donjih dijelova vozila na gore,<br \/>\n\u2022\tDobro operite i osu\u0161ite vozilo, imaju\u0107i u vidu principe bezbednog pranja<br \/>\nKako koristiti za pravilno pranje:<br \/>\n\u2022\tPreporu\u010dujemo pranje metodom &#8220;dvije kante&#8221;, opremljeno separatorima i odgovaraju\u0107om rukavicom,<br \/>\n\u2022\tU jednu kantu sipajte odgovaraju\u0107u koli\u010dinu preparata, u drugu \u010distu vodu,<br \/>\n\u2022\tNapunite kantu sa preparatom vodom, po mogu\u0107nosti pomo\u0107u pera\u010da pod pritiskom,<br \/>\n\u2022\tOperite vozilo po\u010dev\u0161i od smjera nani\u017ee, ne dopu\u0161taju\u0107i da se otopina osu\u0161i,<br \/>\n\u2022\tTemeljito isperite vozilo vodom, najbolje pera\u010dem pod pritiskom,<br \/>\n\u2022\tDobro osu\u0161ite vozilo<br \/>\nNapomene:<\/p>\n<p>Izbegavajte pranje vozila na direktnoj sun\u010devoj svetlosti, \u010cuvajte na suvom i hladnom mestu na temperaturi od + 5 ? do + 25 ?, Ne dozvolite da se proizvod zamrzne, Uvek se pridr\u017eavajte pravila bezbednog pranja<\/p>\n","protected":false},"featured_media":116823,"comment_status":"open","ping_status":"closed","template":"","meta":{"_acf_changed":false,"inline_featured_image":false},"product_brand":[],"product_cat":[164],"product_tag":[],"class_list":{"0":"post-116822","1":"product","2":"type-product","3":"status-publish","4":"has-post-thumbnail","6":"product_cat-car-detailing","8":"first","9":"instock","10":"taxable","11":"shipping-taxable","12":"purchasable","13":"product-type-simple"},"acf":[],"custom_product_id":"12410","_links":{"self":[{"href":"https:\/\/autostil.ba\/maloprodaja\/wp-json\/wp\/v2\/product\/116822","targetHints":{"allow":["GET"]}}],"collection":[{"href":"https:\/\/autostil.ba\/maloprodaja\/wp-json\/wp\/v2\/product"}],"about":[{"href":"https:\/\/autostil.ba\/maloprodaja\/wp-json\/wp\/v2\/types\/product"}],"replies":[{"embeddable":true,"href":"https:\/\/autostil.ba\/maloprodaja\/wp-json\/wp\/v2\/comments?post=116822"}],"version-history":[{"count":1,"href":"https:\/\/autostil.ba\/maloprodaja\/wp-json\/wp\/v2\/product\/116822\/revisions"}],"predecessor-version":[{"id":116824,"href":"https:\/\/autostil.ba\/maloprodaja\/wp-json\/wp\/v2\/product\/116822\/revisions\/116824"}],"wp:featuredmedia":[{"embeddable":true,"href":"https:\/\/autostil.ba\/maloprodaja\/wp-json\/wp\/v2\/media\/116823"}],"wp:attachment":[{"href":"https:\/\/autostil.ba\/maloprodaja\/wp-json\/wp\/v2\/media?parent=116822"}],"wp:term":[{"taxonomy":"product_brand","embeddable":true,"href":"https:\/\/autostil.ba\/maloprodaja\/wp-json\/wp\/v2\/product_brand?post=116822"},{"taxonomy":"product_cat","embeddable":true,"href":"https:\/\/autostil.ba\/maloprodaja\/wp-json\/wp\/v2\/product_cat?post=116822"},{"taxonomy":"product_tag","embeddable":true,"href":"https:\/\/autostil.ba\/maloprodaja\/wp-json\/wp\/v2\/product_tag?post=116822"}],"curies":[{"name":"wp","href":"https:\/\/api.w.org\/{rel}","templated":true}]}}