{"id":116792,"date":"2025-12-17T09:54:17","date_gmt":"2025-12-17T07:54:17","guid":{"rendered":"https:\/\/autostil.ba\/maloprodaja\/?post_type=product&#038;p=116792"},"modified":"2026-04-08T11:44:27","modified_gmt":"2026-04-08T09:44:27","slug":"tecnost-na-bazi-slikona-za-odrzavanje-plastike-1l","status":"publish","type":"product","link":"https:\/\/autostil.ba\/maloprodaja\/proizvod\/12433\/tecnost-na-bazi-slikona-za-odrzavanje-plastike-1l\/","title":{"rendered":"TE\u010cNOST NA BAZI SLIKONA ZA ODR\u017dAVANJE PLASTIKE 1L"},"content":{"rendered":"","protected":false},"excerpt":{"rendered":"<p>RRCustoms BadBoys Exterior Plastic Dressing<br \/>\nProizvod na bazi gustog silikona za odr\u017eavanje vanjskih plasti\u010dnih dijelova automobila. Daje efekat duboke i \u010diste boje koja se zadr\u017eava na plasti\u010dnoj povr\u0161ini nekoliko pranja automobila. Daje povr\u0161ini hidrofobni efekat.<br \/>\nKarakteristike proizvoda:<br \/>\nProizvod za vanjske gume i plastike<br \/>\n\u0160titi od vremenskih uslova<br \/>\nDaje gumi i plastici zasi\u0107enu boju<br \/>\n\u010cuva povr\u0161ine<br \/>\nFormira za\u0161titni premaz sa hidrofobnim efektom<br \/>\nUpotreba:<br \/>\nO\u010distite povr\u0161inu koriste\u0107i BadBoys Plastic Cleaner<br \/>\nNanesite malu koli\u010dinu proizvoda na spu\u017evasti aplikator<br \/>\nRasporedite u ravnomernom sloju<br \/>\nUklonite vi\u0161ak zavoja pomo\u0107u ru\u010dnika od mikrovlakana<br \/>\nNapomene:<br \/>\nNije primjenjivo na unutra\u0161nju plastiku<br \/>\nPripremiti plasti\u010dnu povr\u0161inu za ve\u0107u izdr\u017eljivost<br \/>\n\u010cuvati na suvom i hladnom mestu na 5-25?<br \/>\nNemojte izlagati smrzavanju ili pregrijavanju<br \/>\nPrije nano\u0161enja, uvjerite se da je povr\u0161ina koju \u010distite hladna, ne nanositi na direktnom suncu<br \/>\n\u010cuvati izvan dohvata djece<\/p>\n","protected":false},"featured_media":116793,"comment_status":"open","ping_status":"closed","template":"","meta":{"_acf_changed":false,"inline_featured_image":false},"product_brand":[],"product_cat":[164],"product_tag":[],"class_list":{"0":"post-116792","1":"product","2":"type-product","3":"status-publish","4":"has-post-thumbnail","6":"product_cat-car-detailing","8":"first","9":"instock","10":"taxable","11":"shipping-taxable","12":"purchasable","13":"product-type-simple"},"acf":[],"custom_product_id":"12433","_links":{"self":[{"href":"https:\/\/autostil.ba\/maloprodaja\/wp-json\/wp\/v2\/product\/116792","targetHints":{"allow":["GET"]}}],"collection":[{"href":"https:\/\/autostil.ba\/maloprodaja\/wp-json\/wp\/v2\/product"}],"about":[{"href":"https:\/\/autostil.ba\/maloprodaja\/wp-json\/wp\/v2\/types\/product"}],"replies":[{"embeddable":true,"href":"https:\/\/autostil.ba\/maloprodaja\/wp-json\/wp\/v2\/comments?post=116792"}],"version-history":[{"count":2,"href":"https:\/\/autostil.ba\/maloprodaja\/wp-json\/wp\/v2\/product\/116792\/revisions"}],"predecessor-version":[{"id":793055967,"href":"https:\/\/autostil.ba\/maloprodaja\/wp-json\/wp\/v2\/product\/116792\/revisions\/793055967"}],"wp:featuredmedia":[{"embeddable":true,"href":"https:\/\/autostil.ba\/maloprodaja\/wp-json\/wp\/v2\/media\/116793"}],"wp:attachment":[{"href":"https:\/\/autostil.ba\/maloprodaja\/wp-json\/wp\/v2\/media?parent=116792"}],"wp:term":[{"taxonomy":"product_brand","embeddable":true,"href":"https:\/\/autostil.ba\/maloprodaja\/wp-json\/wp\/v2\/product_brand?post=116792"},{"taxonomy":"product_cat","embeddable":true,"href":"https:\/\/autostil.ba\/maloprodaja\/wp-json\/wp\/v2\/product_cat?post=116792"},{"taxonomy":"product_tag","embeddable":true,"href":"https:\/\/autostil.ba\/maloprodaja\/wp-json\/wp\/v2\/product_tag?post=116792"}],"curies":[{"name":"wp","href":"https:\/\/api.w.org\/{rel}","templated":true}]}}