{"id":116782,"date":"2024-07-18T08:13:17","date_gmt":"2024-07-18T06:13:17","guid":{"rendered":"https:\/\/autostil.ba\/maloprodaja\/?post_type=product&#038;p=116782"},"modified":"2026-04-08T11:44:26","modified_gmt":"2026-04-08T09:44:26","slug":"pjena-aktivna-neutralna-1l-sa-mirisom-coca-cola","status":"publish","type":"product","link":"https:\/\/autostil.ba\/maloprodaja\/proizvod\/12418\/pjena-aktivna-neutralna-1l-sa-mirisom-coca-cola\/","title":{"rendered":"PJENA AKTIVNA NEUTRALNA 1L SA MIRISOM COCA COLA"},"content":{"rendered":"","protected":false},"excerpt":{"rendered":"<p>RRCustoms BadBoys Neutral Snow Foam<br \/>\nKoncentrirani proizvod za sigurno pretpranje automobila. Aktivna pjena otapa i odvaja prljav\u0161tinu sa povr\u0161ine koju treba o\u010distiti, \u0161to olak\u0161ava pravilno \u010di\u0161\u0107enje nakon toga. Bezbedan za voskove i kerami\u010dke premaze. Proizvod ugodnog mirisa kole.<br \/>\nKarakteristike proizvoda:<br \/>\n\u2022 Efikasan koncentrat za stvaranje aktivne pjene<br \/>\n\u2022 Rastvara prljav\u0161tinu i olak\u0161ava uklanjanje zaga\u0111iva\u010da<br \/>\n\u2022 Bezbedan za kerami\u010dke premaze, QD i voskove<br \/>\n\u2022 Neutralni pH<br \/>\n\u2022 siguran za o\u010di\u0161\u0107ene povr\u0161ine, ako se nanosi prema preporuci<br \/>\n\u2022 Nakon nano\u0161enja aktivne pjene tokom pretpranja, potrebno je pravilno oprati automobil kori\u0161tenjem auto \u0161ampona BadBoys<br \/>\nUpotreba:<br \/>\n\u2022 Pripremite otopinu mije\u0161anjem pjene s vodom, obi\u010dno 1:10 za generator pjene spojen na pera\u010d pod pritiskom. Da bi se dobila druga\u010dija konzistencija pjene, mo\u017ee se primijeniti ve\u0107a koncentracija; proizvod je siguran \u010dak i kada je razrije\u0111en u omjeru 1:1<br \/>\n\u2022 Pokrijte suhi auto aktivnom pjenom, nanesite odozdo prema gore<br \/>\n\u2022 Ostavite pjenu nekoliko minuta da omek\u0161a i otpusti prljav\u0161tinu, ne dozvolite da se osu\u0161i<br \/>\n\u2022 Isperite automobil vodom, najbolje pod pritiskom<br \/>\n\u2022 Imajte na umu da neutralna aktivna pjena ne\u0107e oprati automobil, ona slu\u017ei kao pretpranje za pripremu povr\u0161ine za pravilno pranje.<br \/>\nPreporuke:<br \/>\n\u2022 \u010cuvati na suvom i hladnom mestu na 5-25?<br \/>\n\u2022 Nemojte izlagati smrzavanju ili pregrijavanju<br \/>\n\u2022 Ne ostavljati da se osu\u0161i<br \/>\n\u2022 Prije nano\u0161enja provjerite je li povr\u0161ina koju \u010distite hladna<br \/>\n\u2022 Ne perite auto na direktnom suncu<br \/>\n\u2022 Dr\u017eite proizvod dobro zatvoren, koriste\u0107i samo originalni poklopac<br \/>\n\u2022 Koristili smo specijalizirani, prozra\u010dni \u010dep za bocu, vrlo velika koli\u010dina mirisa sadr\u017eanog u proizvodu mo\u017ee uzrokovati skupljanje bo\u010dice<br \/>\n\u2022 Promijenjen oblik boce ne uti\u010de na kvalitet proizvoda<br \/>\n\u2022 \u010cuvati izvan dohvata djece<br \/>\nProizvod za profesionalnu upotrebu<\/p>\n","protected":false},"featured_media":116783,"comment_status":"open","ping_status":"closed","template":"","meta":{"_acf_changed":false,"inline_featured_image":false},"product_brand":[],"product_cat":[164],"product_tag":[],"class_list":{"0":"post-116782","1":"product","2":"type-product","3":"status-publish","4":"has-post-thumbnail","6":"product_cat-car-detailing","8":"first","9":"instock","10":"taxable","11":"shipping-taxable","12":"purchasable","13":"product-type-simple"},"acf":[],"custom_product_id":"12418","_links":{"self":[{"href":"https:\/\/autostil.ba\/maloprodaja\/wp-json\/wp\/v2\/product\/116782","targetHints":{"allow":["GET"]}}],"collection":[{"href":"https:\/\/autostil.ba\/maloprodaja\/wp-json\/wp\/v2\/product"}],"about":[{"href":"https:\/\/autostil.ba\/maloprodaja\/wp-json\/wp\/v2\/types\/product"}],"replies":[{"embeddable":true,"href":"https:\/\/autostil.ba\/maloprodaja\/wp-json\/wp\/v2\/comments?post=116782"}],"version-history":[{"count":1,"href":"https:\/\/autostil.ba\/maloprodaja\/wp-json\/wp\/v2\/product\/116782\/revisions"}],"predecessor-version":[{"id":116784,"href":"https:\/\/autostil.ba\/maloprodaja\/wp-json\/wp\/v2\/product\/116782\/revisions\/116784"}],"wp:featuredmedia":[{"embeddable":true,"href":"https:\/\/autostil.ba\/maloprodaja\/wp-json\/wp\/v2\/media\/116783"}],"wp:attachment":[{"href":"https:\/\/autostil.ba\/maloprodaja\/wp-json\/wp\/v2\/media?parent=116782"}],"wp:term":[{"taxonomy":"product_brand","embeddable":true,"href":"https:\/\/autostil.ba\/maloprodaja\/wp-json\/wp\/v2\/product_brand?post=116782"},{"taxonomy":"product_cat","embeddable":true,"href":"https:\/\/autostil.ba\/maloprodaja\/wp-json\/wp\/v2\/product_cat?post=116782"},{"taxonomy":"product_tag","embeddable":true,"href":"https:\/\/autostil.ba\/maloprodaja\/wp-json\/wp\/v2\/product_tag?post=116782"}],"curies":[{"name":"wp","href":"https:\/\/api.w.org\/{rel}","templated":true}]}}