{"id":116772,"date":"2024-07-18T08:13:17","date_gmt":"2024-07-18T06:13:17","guid":{"rendered":"https:\/\/autostil.ba\/maloprodaja\/?post_type=product&#038;p=116772"},"modified":"2026-04-08T11:44:26","modified_gmt":"2026-04-08T09:44:26","slug":"tecnost-za-ciscenje-alkantare-1l","status":"publish","type":"product","link":"https:\/\/autostil.ba\/maloprodaja\/proizvod\/12435\/tecnost-za-ciscenje-alkantare-1l\/","title":{"rendered":"TE\u010cNOST ZA \u010cI\u0160\u0106ENJE ALKANTARE 1L"},"content":{"rendered":"","protected":false},"excerpt":{"rendered":"<p>RRCustoms BadBoys Alcantara Cleaner<br \/>\nEfikasno uklanja prljav\u0161tinu i neutrali\u0161e neprijatne mirise kao \u0161to su dim cigarete, ljudski znoj itd. Prijatan mirisni miris.<br \/>\nKarakteristike proizvoda:<br \/>\nPoma\u017ee u uklanjanju prljav\u0161tine sa alkantare<br \/>\n\u010cisti i uklanja mirise znoja ili duhana<br \/>\nOsvje\u017eava povr\u0161inu za du\u017ei vijek trajanja<br \/>\nSpreman za upotrebu<br \/>\nAlkalni pH<br \/>\nPrijatnog mirisa<br \/>\nAko se nanosi kako je preporu\u010deno, sigurno je za o\u010di\u0161\u0107ene povr\u0161ine<br \/>\nUpotreba:<br \/>\nProtresti bocu prije upotrebe<br \/>\nTemeljno usisajte povr\u0161inu prije nano\u0161enja<br \/>\nDa se koristi sa pri\u010dvr\u0161\u0107enim okida\u010dem<br \/>\nMetoda 1: koristite pjenu tako \u0161to \u0107ete je nanijeti na \u010detku, o\u010distite povr\u0161inu u smjeru &#8216;protiv dlake&#8217; od \u0161ava do \u0161ava<br \/>\nMetod 2: koristite okida\u010d za ravnomjerno prskanje po povr\u0161ini materijala i o\u010distite tamponiranjem \u2014 uklonite vi\u0161ak sredstva za \u010di\u0161\u0107enje nje\u017enim pritiskom \u010distog ru\u010dnika na povr\u0161inu koju \u010distite; ne trljajte, izbjegavajte pretjerano namakanje<br \/>\nUklonite ostatak proizvoda vla\u017enom krpom od mikrovlakana, nemojte ispirati<br \/>\nNakon \u010di\u0161\u0107enja \u010distom \u010detkom ra\u0161\u010de\u0161ljajte povr\u0161inu u smjeru &#8220;sa dla\u010dicama&#8221;.<br \/>\nPreporuke:<br \/>\nPrije prve upotrebe, testirajte proizvod na manje vidljivom mjestu<br \/>\nNe dozvolite da se materijal smo\u010di prilikom \u010di\u0161\u0107enja<br \/>\nKoristiti za\u0161titu za o\u010di tokom nano\u0161enja<br \/>\n\u010cuvati na suvom i hladnom mestu na 5-25?<br \/>\nNemojte izlagati smrzavanju ili pregrijavanju<br \/>\n\u010cuvati izvan dohvata djece<\/p>\n","protected":false},"featured_media":116773,"comment_status":"open","ping_status":"closed","template":"","meta":{"_acf_changed":false,"inline_featured_image":false},"product_brand":[],"product_cat":[164],"product_tag":[],"class_list":{"0":"post-116772","1":"product","2":"type-product","3":"status-publish","4":"has-post-thumbnail","6":"product_cat-car-detailing","8":"first","9":"instock","10":"taxable","11":"shipping-taxable","12":"purchasable","13":"product-type-simple"},"acf":[],"custom_product_id":"12435","_links":{"self":[{"href":"https:\/\/autostil.ba\/maloprodaja\/wp-json\/wp\/v2\/product\/116772","targetHints":{"allow":["GET"]}}],"collection":[{"href":"https:\/\/autostil.ba\/maloprodaja\/wp-json\/wp\/v2\/product"}],"about":[{"href":"https:\/\/autostil.ba\/maloprodaja\/wp-json\/wp\/v2\/types\/product"}],"replies":[{"embeddable":true,"href":"https:\/\/autostil.ba\/maloprodaja\/wp-json\/wp\/v2\/comments?post=116772"}],"version-history":[{"count":2,"href":"https:\/\/autostil.ba\/maloprodaja\/wp-json\/wp\/v2\/product\/116772\/revisions"}],"predecessor-version":[{"id":793046778,"href":"https:\/\/autostil.ba\/maloprodaja\/wp-json\/wp\/v2\/product\/116772\/revisions\/793046778"}],"wp:featuredmedia":[{"embeddable":true,"href":"https:\/\/autostil.ba\/maloprodaja\/wp-json\/wp\/v2\/media\/116773"}],"wp:attachment":[{"href":"https:\/\/autostil.ba\/maloprodaja\/wp-json\/wp\/v2\/media?parent=116772"}],"wp:term":[{"taxonomy":"product_brand","embeddable":true,"href":"https:\/\/autostil.ba\/maloprodaja\/wp-json\/wp\/v2\/product_brand?post=116772"},{"taxonomy":"product_cat","embeddable":true,"href":"https:\/\/autostil.ba\/maloprodaja\/wp-json\/wp\/v2\/product_cat?post=116772"},{"taxonomy":"product_tag","embeddable":true,"href":"https:\/\/autostil.ba\/maloprodaja\/wp-json\/wp\/v2\/product_tag?post=116772"}],"curies":[{"name":"wp","href":"https:\/\/api.w.org\/{rel}","templated":true}]}}