{"id":116762,"date":"2024-07-18T08:13:16","date_gmt":"2024-07-18T08:13:16","guid":{"rendered":"https:\/\/autostil.ba\/maloprodaja\/?post_type=product&#038;p=116762"},"modified":"2026-04-08T11:44:26","modified_gmt":"2026-04-08T09:44:26","slug":"tecnost-za-beskontaktno-pranje-automobila-tfr-1l","status":"publish","type":"product","link":"https:\/\/autostil.ba\/maloprodaja\/proizvod\/12619\/tecnost-za-beskontaktno-pranje-automobila-tfr-1l\/","title":{"rendered":"TE\u010cNOST ZA BESKONTAKTNO PRANJE AUTOMOBILA TFR 1L"},"content":{"rendered":"","protected":false},"excerpt":{"rendered":"<p>Proizvod za beskontaktno uklanjanje prljav\u0161tine sa karoserije automobila. Ovisno o omjeru razrje\u0111ivanja mo\u017ee se koristiti i kao pretpranje prije samog ru\u010dnog pranja. Spira vi\u0161ednevnu pra\u0161inu sa povr\u0161ine automobila, ali i te\u0161ku prljav\u0161tinu sa gra\u0111evinskih ma\u0161ina.<\/p>\n<p>Karakteristike proizvoda:<\/p>\n<p>proizvod u obliku koncentrata<br \/>\nza nano\u0161enje direktno na lak\/karoseriju automobila<br \/>\ndizajniran za uklanjanje prljav\u0161tine sa laka automobila \u2014 od vi\u0161ednevne pra\u0161ine do jakog zaprljanja<br \/>\nalkalni pH<br \/>\nproizvod sa omjerom ve\u0107im od 1:20 siguran je za kerami\u010dke premaze i tvrde voskove<br \/>\nefikasan i jednostavan za upotrebu<br \/>\nbeskontaktno kori\u0161tenje<br \/>\nprijatnog svje\u017eeg mirisa<\/p>\n<p>Upotreba:<br \/>\nprotresti bocu prije upotrebe<br \/>\npreporu\u010deno razrje\u0111ivanje od 1% do 10%<br \/>\nprekrijte suhi automobil te\u010dno\u0161\u0107u pomo\u0107u pera\u010da pod pritiskom<br \/>\nnanositi odozdo prema gore<br \/>\nostavite maksimalno 5 minuta da omek\u0161aju i razbla\u017ee prljav\u0161tinu<br \/>\nispirati odozdo prema gore, po mogu\u0107nosti pod pritiskom<br \/>\nnastavite sa pranjem vozila (npr. metodom &#8216;dvije kante&#8217; koriste\u0107i Shampoo BadBoys)<\/p>\n<p>Preporuke:<br \/>\nprotresti prije upotrebe<br \/>\nprije prve upotrebe, testirajte proizvod na manje vidljivom mjestu<br \/>\n\u010cuvati na suvom i hladnom mestu na 5-25 ?<br \/>\nako nije pravilno razrije\u0111en, mo\u017ee utjecati na naneseni vosak<br \/>\nnemojte izlagati smrzavanju ili pregrijavanju<br \/>\nne ostavljajte da se osu\u0161i<br \/>\nprije nano\u0161enja, uvjerite se da je povr\u0161ina koju \u010distite hladna, ne perite automobil na direktnom suncu<br \/>\n\u010duvati izvan dohvata djece.<\/p>\n","protected":false},"featured_media":116763,"comment_status":"open","ping_status":"closed","template":"","meta":{"_acf_changed":false,"inline_featured_image":false},"product_brand":[],"product_cat":[164],"product_tag":[],"class_list":{"0":"post-116762","1":"product","2":"type-product","3":"status-publish","4":"has-post-thumbnail","6":"product_cat-car-detailing","8":"first","9":"instock","10":"taxable","11":"shipping-taxable","12":"purchasable","13":"product-type-simple"},"acf":[],"custom_product_id":"12619","_links":{"self":[{"href":"https:\/\/autostil.ba\/maloprodaja\/wp-json\/wp\/v2\/product\/116762","targetHints":{"allow":["GET"]}}],"collection":[{"href":"https:\/\/autostil.ba\/maloprodaja\/wp-json\/wp\/v2\/product"}],"about":[{"href":"https:\/\/autostil.ba\/maloprodaja\/wp-json\/wp\/v2\/types\/product"}],"replies":[{"embeddable":true,"href":"https:\/\/autostil.ba\/maloprodaja\/wp-json\/wp\/v2\/comments?post=116762"}],"version-history":[{"count":1,"href":"https:\/\/autostil.ba\/maloprodaja\/wp-json\/wp\/v2\/product\/116762\/revisions"}],"predecessor-version":[{"id":116764,"href":"https:\/\/autostil.ba\/maloprodaja\/wp-json\/wp\/v2\/product\/116762\/revisions\/116764"}],"wp:featuredmedia":[{"embeddable":true,"href":"https:\/\/autostil.ba\/maloprodaja\/wp-json\/wp\/v2\/media\/116763"}],"wp:attachment":[{"href":"https:\/\/autostil.ba\/maloprodaja\/wp-json\/wp\/v2\/media?parent=116762"}],"wp:term":[{"taxonomy":"product_brand","embeddable":true,"href":"https:\/\/autostil.ba\/maloprodaja\/wp-json\/wp\/v2\/product_brand?post=116762"},{"taxonomy":"product_cat","embeddable":true,"href":"https:\/\/autostil.ba\/maloprodaja\/wp-json\/wp\/v2\/product_cat?post=116762"},{"taxonomy":"product_tag","embeddable":true,"href":"https:\/\/autostil.ba\/maloprodaja\/wp-json\/wp\/v2\/product_tag?post=116762"}],"curies":[{"name":"wp","href":"https:\/\/api.w.org\/{rel}","templated":true}]}}