{"id":116752,"date":"2024-07-18T08:13:16","date_gmt":"2024-07-18T06:13:16","guid":{"rendered":"https:\/\/autostil.ba\/maloprodaja\/?post_type=product&#038;p=116752"},"modified":"2026-04-08T11:44:21","modified_gmt":"2026-04-08T09:44:21","slug":"miris-za-auto-aroma-car-premium-wood-card-oudpeper","status":"publish","type":"product","link":"https:\/\/autostil.ba\/maloprodaja\/proizvod\/11835\/miris-za-auto-aroma-car-premium-wood-card-oudpeper\/","title":{"rendered":"MIRIS ZA AUTO AROMA CAR PREMIUM WOOD CARD OUD&amp;PEPER"},"content":{"rendered":"","protected":false},"excerpt":{"rendered":"<p>Elegantnog i jednostavnog oblika, osvje\u017eiva\u010d zraka Aroma Car od hrastovog drveta savr\u0161eno \u0107e se uklopiti u unutra\u0161njost svakog automobila. Zahvaljuju\u0107i jedinstvenoj formuli i kori\u0161tenoj tehnologiji, miris traje do 60 dana! Celuloza \u2013 vise\u0107i osvje\u017eiva\u010d s mirisom celuloze. Miris se osloba\u0111a tokom procesa isparavanja. Na\u010din upotrebe: Remove the freshener from the foil. Hang the product vertically on the rear view mirror and enjoy your favourite fragrance.<\/p>\n","protected":false},"featured_media":116753,"comment_status":"open","ping_status":"closed","template":"","meta":{"_acf_changed":false,"inline_featured_image":false},"product_brand":[],"product_cat":[78],"product_tag":[],"class_list":{"0":"post-116752","1":"product","2":"type-product","3":"status-publish","4":"has-post-thumbnail","6":"product_cat-mirisi-za-auto","8":"first","9":"instock","10":"taxable","11":"shipping-taxable","12":"purchasable","13":"product-type-simple"},"acf":[],"custom_product_id":"11835","_links":{"self":[{"href":"https:\/\/autostil.ba\/maloprodaja\/wp-json\/wp\/v2\/product\/116752","targetHints":{"allow":["GET"]}}],"collection":[{"href":"https:\/\/autostil.ba\/maloprodaja\/wp-json\/wp\/v2\/product"}],"about":[{"href":"https:\/\/autostil.ba\/maloprodaja\/wp-json\/wp\/v2\/types\/product"}],"replies":[{"embeddable":true,"href":"https:\/\/autostil.ba\/maloprodaja\/wp-json\/wp\/v2\/comments?post=116752"}],"version-history":[{"count":1,"href":"https:\/\/autostil.ba\/maloprodaja\/wp-json\/wp\/v2\/product\/116752\/revisions"}],"predecessor-version":[{"id":116754,"href":"https:\/\/autostil.ba\/maloprodaja\/wp-json\/wp\/v2\/product\/116752\/revisions\/116754"}],"wp:featuredmedia":[{"embeddable":true,"href":"https:\/\/autostil.ba\/maloprodaja\/wp-json\/wp\/v2\/media\/116753"}],"wp:attachment":[{"href":"https:\/\/autostil.ba\/maloprodaja\/wp-json\/wp\/v2\/media?parent=116752"}],"wp:term":[{"taxonomy":"product_brand","embeddable":true,"href":"https:\/\/autostil.ba\/maloprodaja\/wp-json\/wp\/v2\/product_brand?post=116752"},{"taxonomy":"product_cat","embeddable":true,"href":"https:\/\/autostil.ba\/maloprodaja\/wp-json\/wp\/v2\/product_cat?post=116752"},{"taxonomy":"product_tag","embeddable":true,"href":"https:\/\/autostil.ba\/maloprodaja\/wp-json\/wp\/v2\/product_tag?post=116752"}],"curies":[{"name":"wp","href":"https:\/\/api.w.org\/{rel}","templated":true}]}}