{"id":116662,"date":"2024-12-03T09:40:12","date_gmt":"2024-12-03T07:40:12","guid":{"rendered":"https:\/\/autostil.ba\/maloprodaja\/?post_type=product&#038;p=116662"},"modified":"2026-04-08T11:44:21","modified_gmt":"2026-04-08T09:44:21","slug":"sprej-za-suvo-ciscenje-sjedista-pjena-400ml","status":"publish","type":"product","link":"https:\/\/autostil.ba\/maloprodaja\/proizvod\/3691\/sprej-za-suvo-ciscenje-sjedista-pjena-400ml\/","title":{"rendered":"SPREJ ZA SUVO \u010cI\u0160\u0106ENJE SJEDI\u0160TA PJENA 400ml"},"content":{"rendered":"","protected":false},"excerpt":{"rendered":"<p>SPREJ ZA SUVO \u010cI\u0160\u0106ENJE SJEDI\u0160TA PJENA 400ml Univerzalno sredstvo za \u010di\u0161\u0107enje za sve vrste presvlaka. Prodiraju\u0107a pjena u\u010dinkovito uklanja prljav\u0161tinu i mrlje s dubljih slojeva tkanine, ostavljaju\u0107i sjedala prekrivena tkaninom, presvlake, vinilne povr\u0161ine i podne prostirke kao nove.<\/p>\n","protected":false},"featured_media":116663,"comment_status":"open","ping_status":"closed","template":"","meta":{"_acf_changed":false,"inline_featured_image":false},"product_brand":[],"product_cat":[73],"product_tag":[],"class_list":{"0":"post-116662","1":"product","2":"type-product","3":"status-publish","4":"has-post-thumbnail","6":"product_cat-sredstva-za-pranje-i-odrzavanje","8":"first","9":"instock","10":"taxable","11":"shipping-taxable","12":"purchasable","13":"product-type-simple"},"acf":[],"custom_product_id":"3691","_links":{"self":[{"href":"https:\/\/autostil.ba\/maloprodaja\/wp-json\/wp\/v2\/product\/116662","targetHints":{"allow":["GET"]}}],"collection":[{"href":"https:\/\/autostil.ba\/maloprodaja\/wp-json\/wp\/v2\/product"}],"about":[{"href":"https:\/\/autostil.ba\/maloprodaja\/wp-json\/wp\/v2\/types\/product"}],"replies":[{"embeddable":true,"href":"https:\/\/autostil.ba\/maloprodaja\/wp-json\/wp\/v2\/comments?post=116662"}],"version-history":[{"count":1,"href":"https:\/\/autostil.ba\/maloprodaja\/wp-json\/wp\/v2\/product\/116662\/revisions"}],"predecessor-version":[{"id":116664,"href":"https:\/\/autostil.ba\/maloprodaja\/wp-json\/wp\/v2\/product\/116662\/revisions\/116664"}],"wp:featuredmedia":[{"embeddable":true,"href":"https:\/\/autostil.ba\/maloprodaja\/wp-json\/wp\/v2\/media\/116663"}],"wp:attachment":[{"href":"https:\/\/autostil.ba\/maloprodaja\/wp-json\/wp\/v2\/media?parent=116662"}],"wp:term":[{"taxonomy":"product_brand","embeddable":true,"href":"https:\/\/autostil.ba\/maloprodaja\/wp-json\/wp\/v2\/product_brand?post=116662"},{"taxonomy":"product_cat","embeddable":true,"href":"https:\/\/autostil.ba\/maloprodaja\/wp-json\/wp\/v2\/product_cat?post=116662"},{"taxonomy":"product_tag","embeddable":true,"href":"https:\/\/autostil.ba\/maloprodaja\/wp-json\/wp\/v2\/product_tag?post=116662"}],"curies":[{"name":"wp","href":"https:\/\/api.w.org\/{rel}","templated":true}]}}