{"id":116632,"date":"2024-12-03T09:39:11","date_gmt":"2024-12-03T07:39:11","guid":{"rendered":"https:\/\/autostil.ba\/maloprodaja\/?post_type=product&#038;p=116632"},"modified":"2026-04-08T11:44:15","modified_gmt":"2026-04-08T09:44:15","slug":"sampon-za-auto-sa-voskom-1l-amtra","status":"publish","type":"product","link":"https:\/\/autostil.ba\/maloprodaja\/proizvod\/2801\/sampon-za-auto-sa-voskom-1l-amtra\/","title":{"rendered":"\u0160AMPON ZA AUTO SA VOSKOM 1L AMTRA"},"content":{"rendered":"","protected":false},"excerpt":{"rendered":"<p>\u0160AMPON ZA AUTO SA VOSKOM 1L AMTRA<br \/>\nAuto \u0161ampon koji efikasno ispire naj\u010dvr\u0161\u0107e prljav\u0161tine i sedimente i polira tijelo.<br \/>\nAuto \u0161ampon efikasno ispire svu prljav\u0161tinu i naslage te polira karoseriju automobila. Stalno pranje omogu\u0107ava vam odr\u017eavanje izvornog sjaja boje automobila. Biorazgradiv.<\/p>\n<p>UPUTSTVO ZA UPOTREBU:<br \/>\n1. Protresti prije upotrebe<\/p>\n<p>2. Isperite automobil vodom<\/p>\n<p>3. Pomije\u0161ajte 100 ml \u0161ampona sa 10 l tople vode<\/p>\n<p>4. Operite automobil mekom sun\u0111erom<\/p>\n<p>5. Temeljno isperite \u010distom vodom<\/p>\n<p>6. Obri\u0161ite suhom krpom od ko\u017ee<\/p>\n","protected":false},"featured_media":116633,"comment_status":"open","ping_status":"closed","template":"","meta":{"_acf_changed":false,"inline_featured_image":false},"product_brand":[],"product_cat":[73],"product_tag":[],"class_list":{"0":"post-116632","1":"product","2":"type-product","3":"status-publish","4":"has-post-thumbnail","6":"product_cat-sredstva-za-pranje-i-odrzavanje","8":"first","9":"instock","10":"taxable","11":"shipping-taxable","12":"purchasable","13":"product-type-simple"},"acf":[],"custom_product_id":"2801","_links":{"self":[{"href":"https:\/\/autostil.ba\/maloprodaja\/wp-json\/wp\/v2\/product\/116632","targetHints":{"allow":["GET"]}}],"collection":[{"href":"https:\/\/autostil.ba\/maloprodaja\/wp-json\/wp\/v2\/product"}],"about":[{"href":"https:\/\/autostil.ba\/maloprodaja\/wp-json\/wp\/v2\/types\/product"}],"replies":[{"embeddable":true,"href":"https:\/\/autostil.ba\/maloprodaja\/wp-json\/wp\/v2\/comments?post=116632"}],"version-history":[{"count":2,"href":"https:\/\/autostil.ba\/maloprodaja\/wp-json\/wp\/v2\/product\/116632\/revisions"}],"predecessor-version":[{"id":793047485,"href":"https:\/\/autostil.ba\/maloprodaja\/wp-json\/wp\/v2\/product\/116632\/revisions\/793047485"}],"wp:featuredmedia":[{"embeddable":true,"href":"https:\/\/autostil.ba\/maloprodaja\/wp-json\/wp\/v2\/media\/116633"}],"wp:attachment":[{"href":"https:\/\/autostil.ba\/maloprodaja\/wp-json\/wp\/v2\/media?parent=116632"}],"wp:term":[{"taxonomy":"product_brand","embeddable":true,"href":"https:\/\/autostil.ba\/maloprodaja\/wp-json\/wp\/v2\/product_brand?post=116632"},{"taxonomy":"product_cat","embeddable":true,"href":"https:\/\/autostil.ba\/maloprodaja\/wp-json\/wp\/v2\/product_cat?post=116632"},{"taxonomy":"product_tag","embeddable":true,"href":"https:\/\/autostil.ba\/maloprodaja\/wp-json\/wp\/v2\/product_tag?post=116632"}],"curies":[{"name":"wp","href":"https:\/\/api.w.org\/{rel}","templated":true}]}}