{"id":116622,"date":"2024-12-03T09:38:11","date_gmt":"2024-12-03T07:38:11","guid":{"rendered":"https:\/\/autostil.ba\/maloprodaja\/?post_type=product&#038;p=116622"},"modified":"2026-04-08T11:44:15","modified_gmt":"2026-04-08T09:44:15","slug":"sampon-za-auto-obicni-1l-amtra","status":"publish","type":"product","link":"https:\/\/autostil.ba\/maloprodaja\/proizvod\/3335\/sampon-za-auto-obicni-1l-amtra\/","title":{"rendered":"\u0160AMPON ZA AUTO OBI\u010cNI 1L. AMTRA"},"content":{"rendered":"","protected":false},"excerpt":{"rendered":"<p>\u0160AMPON ZA AUTO OBI\u010cNI 1L. AMTRA<br \/>\nAuto \u0161ampon na efikasan na\u010din ispira svu prljav\u0161tinu i naslage. Stalno pranje omogu\u0107ava vam odr\u017eavanje izvornog sjaja boje automobila. Biorazgradiv.<br \/>\nUPUTSTVO ZA UPOTREBU<br \/>\nProtresti pred upotrebu, isprati automobil vodom,100 ml \u0161ampona pomije\u0161ati sa 10l tople vode. Oprati auto mekim sun\u0111erom. Temeljno isprati \u010distom vodom i obrisati suhom krpom od ko\u017ee.<\/p>\n","protected":false},"featured_media":793045669,"comment_status":"open","ping_status":"closed","template":"","meta":{"_acf_changed":false,"inline_featured_image":false},"product_brand":[],"product_cat":[73],"product_tag":[],"class_list":{"0":"post-116622","1":"product","2":"type-product","3":"status-publish","4":"has-post-thumbnail","6":"product_cat-sredstva-za-pranje-i-odrzavanje","8":"first","9":"instock","10":"taxable","11":"shipping-taxable","12":"purchasable","13":"product-type-simple"},"acf":[],"custom_product_id":"3335","_links":{"self":[{"href":"https:\/\/autostil.ba\/maloprodaja\/wp-json\/wp\/v2\/product\/116622","targetHints":{"allow":["GET"]}}],"collection":[{"href":"https:\/\/autostil.ba\/maloprodaja\/wp-json\/wp\/v2\/product"}],"about":[{"href":"https:\/\/autostil.ba\/maloprodaja\/wp-json\/wp\/v2\/types\/product"}],"replies":[{"embeddable":true,"href":"https:\/\/autostil.ba\/maloprodaja\/wp-json\/wp\/v2\/comments?post=116622"}],"version-history":[{"count":1,"href":"https:\/\/autostil.ba\/maloprodaja\/wp-json\/wp\/v2\/product\/116622\/revisions"}],"predecessor-version":[{"id":116624,"href":"https:\/\/autostil.ba\/maloprodaja\/wp-json\/wp\/v2\/product\/116622\/revisions\/116624"}],"wp:featuredmedia":[{"embeddable":true,"href":"https:\/\/autostil.ba\/maloprodaja\/wp-json\/wp\/v2\/media\/793045669"}],"wp:attachment":[{"href":"https:\/\/autostil.ba\/maloprodaja\/wp-json\/wp\/v2\/media?parent=116622"}],"wp:term":[{"taxonomy":"product_brand","embeddable":true,"href":"https:\/\/autostil.ba\/maloprodaja\/wp-json\/wp\/v2\/product_brand?post=116622"},{"taxonomy":"product_cat","embeddable":true,"href":"https:\/\/autostil.ba\/maloprodaja\/wp-json\/wp\/v2\/product_cat?post=116622"},{"taxonomy":"product_tag","embeddable":true,"href":"https:\/\/autostil.ba\/maloprodaja\/wp-json\/wp\/v2\/product_tag?post=116622"}],"curies":[{"name":"wp","href":"https:\/\/api.w.org\/{rel}","templated":true}]}}