{"id":116562,"date":"2026-02-03T10:29:09","date_gmt":"2026-02-03T08:29:09","guid":{"rendered":"https:\/\/autostil.ba\/maloprodaja\/?post_type=product&#038;p=116562"},"modified":"2026-04-08T11:44:15","modified_gmt":"2026-04-08T09:44:15","slug":"sprej-za-odledivanje-brave-50ml-amtra","status":"publish","type":"product","link":"https:\/\/autostil.ba\/maloprodaja\/proizvod\/3695\/sprej-za-odledivanje-brave-50ml-amtra\/","title":{"rendered":"SPREJ ZA ODLE\u0110IVANJE BRAVE 50ml AMTRA"},"content":{"rendered":"","protected":false},"excerpt":{"rendered":"<p>SPREJ ZA ODLE\u0110IVANJE BRAVE 50ml AMTRA Brzo odmrzava, podmazuje, \u010duva i spre\u010dava ponovno zamrzavanje. Uklanja led, masti, spe\u010dava ponovno smrzavanje. Antikorozivna svojstva.<\/p>\n","protected":false},"featured_media":116563,"comment_status":"open","ping_status":"closed","template":"","meta":{"_acf_changed":false,"inline_featured_image":false},"product_brand":[],"product_cat":[182],"product_tag":[],"class_list":{"0":"post-116562","1":"product","2":"type-product","3":"status-publish","4":"has-post-thumbnail","6":"product_cat-sredstva-za-grijanje-odledivanje-i-sprijecavanje-smrzavanja","8":"first","9":"instock","10":"taxable","11":"shipping-taxable","12":"purchasable","13":"product-type-simple"},"acf":[],"custom_product_id":"3695","_links":{"self":[{"href":"https:\/\/autostil.ba\/maloprodaja\/wp-json\/wp\/v2\/product\/116562","targetHints":{"allow":["GET"]}}],"collection":[{"href":"https:\/\/autostil.ba\/maloprodaja\/wp-json\/wp\/v2\/product"}],"about":[{"href":"https:\/\/autostil.ba\/maloprodaja\/wp-json\/wp\/v2\/types\/product"}],"replies":[{"embeddable":true,"href":"https:\/\/autostil.ba\/maloprodaja\/wp-json\/wp\/v2\/comments?post=116562"}],"version-history":[{"count":1,"href":"https:\/\/autostil.ba\/maloprodaja\/wp-json\/wp\/v2\/product\/116562\/revisions"}],"predecessor-version":[{"id":116564,"href":"https:\/\/autostil.ba\/maloprodaja\/wp-json\/wp\/v2\/product\/116562\/revisions\/116564"}],"wp:featuredmedia":[{"embeddable":true,"href":"https:\/\/autostil.ba\/maloprodaja\/wp-json\/wp\/v2\/media\/116563"}],"wp:attachment":[{"href":"https:\/\/autostil.ba\/maloprodaja\/wp-json\/wp\/v2\/media?parent=116562"}],"wp:term":[{"taxonomy":"product_brand","embeddable":true,"href":"https:\/\/autostil.ba\/maloprodaja\/wp-json\/wp\/v2\/product_brand?post=116562"},{"taxonomy":"product_cat","embeddable":true,"href":"https:\/\/autostil.ba\/maloprodaja\/wp-json\/wp\/v2\/product_cat?post=116562"},{"taxonomy":"product_tag","embeddable":true,"href":"https:\/\/autostil.ba\/maloprodaja\/wp-json\/wp\/v2\/product_tag?post=116562"}],"curies":[{"name":"wp","href":"https:\/\/api.w.org\/{rel}","templated":true}]}}