{"id":116522,"date":"2024-07-18T08:13:07","date_gmt":"2024-07-18T06:13:07","guid":{"rendered":"https:\/\/autostil.ba\/maloprodaja\/?post_type=product&#038;p=116522"},"modified":"2026-04-08T11:44:09","modified_gmt":"2026-04-08T09:44:09","slug":"sampon-za-auto-sa-voskom-5l-clinex","status":"publish","type":"product","link":"https:\/\/autostil.ba\/maloprodaja\/proizvod\/4158\/sampon-za-auto-sa-voskom-5l-clinex\/","title":{"rendered":"\u0160AMPON ZA AUTO SA VOSKOM 5L. CLINEX"},"content":{"rendered":"","protected":false},"excerpt":{"rendered":"<p>\u0160AMPON ZA AUTO SA VOSKOM 5L. CLINEX<br \/>\n\u0160ampon sa dodatkom prirodnog voska, dizajniran za pranje automobila i kamiona. Njegov specifi\u010dni sastav \u0161titi automobilsku boju od negativnih utjecaja vremenskih i putnih prilika. Uspje\u0161no uklanja velike prljav\u0161tine, odr\u017eava o\u010duvanje, daje sjaj. UPUTSTVO ZA UPOTREBU:<br \/>\nRazrijedite u vodi, temeljno operite automobil spu\u017evom ili krpom, isperite vodom,<br \/>\nispitajte na nevidljivom mjestu, ako test nije bio uspje\u0161an, ne koristite preparat.<br \/>\nNe koristite direktno na suncu ili kada je povr\u0161ina vru\u0107a na dodir.<\/p>\n","protected":false},"featured_media":116523,"comment_status":"open","ping_status":"closed","template":"","meta":{"_acf_changed":false,"inline_featured_image":false},"product_brand":[],"product_cat":[73],"product_tag":[],"class_list":{"0":"post-116522","1":"product","2":"type-product","3":"status-publish","4":"has-post-thumbnail","6":"product_cat-sredstva-za-pranje-i-odrzavanje","8":"first","9":"instock","10":"taxable","11":"shipping-taxable","12":"purchasable","13":"product-type-simple"},"acf":[],"custom_product_id":"4158","_links":{"self":[{"href":"https:\/\/autostil.ba\/maloprodaja\/wp-json\/wp\/v2\/product\/116522","targetHints":{"allow":["GET"]}}],"collection":[{"href":"https:\/\/autostil.ba\/maloprodaja\/wp-json\/wp\/v2\/product"}],"about":[{"href":"https:\/\/autostil.ba\/maloprodaja\/wp-json\/wp\/v2\/types\/product"}],"replies":[{"embeddable":true,"href":"https:\/\/autostil.ba\/maloprodaja\/wp-json\/wp\/v2\/comments?post=116522"}],"version-history":[{"count":1,"href":"https:\/\/autostil.ba\/maloprodaja\/wp-json\/wp\/v2\/product\/116522\/revisions"}],"predecessor-version":[{"id":116524,"href":"https:\/\/autostil.ba\/maloprodaja\/wp-json\/wp\/v2\/product\/116522\/revisions\/116524"}],"wp:featuredmedia":[{"embeddable":true,"href":"https:\/\/autostil.ba\/maloprodaja\/wp-json\/wp\/v2\/media\/116523"}],"wp:attachment":[{"href":"https:\/\/autostil.ba\/maloprodaja\/wp-json\/wp\/v2\/media?parent=116522"}],"wp:term":[{"taxonomy":"product_brand","embeddable":true,"href":"https:\/\/autostil.ba\/maloprodaja\/wp-json\/wp\/v2\/product_brand?post=116522"},{"taxonomy":"product_cat","embeddable":true,"href":"https:\/\/autostil.ba\/maloprodaja\/wp-json\/wp\/v2\/product_cat?post=116522"},{"taxonomy":"product_tag","embeddable":true,"href":"https:\/\/autostil.ba\/maloprodaja\/wp-json\/wp\/v2\/product_tag?post=116522"}],"curies":[{"name":"wp","href":"https:\/\/api.w.org\/{rel}","templated":true}]}}