{"id":116512,"date":"2024-07-18T08:13:06","date_gmt":"2024-07-18T06:13:06","guid":{"rendered":"https:\/\/autostil.ba\/maloprodaja\/?post_type=product&#038;p=116512"},"modified":"2026-04-24T16:00:21","modified_gmt":"2026-04-24T14:00:21","slug":"tecnost-za-ciscenje-motora-5l-clinex-expert","status":"publish","type":"product","link":"https:\/\/autostil.ba\/maloprodaja\/proizvod\/13214\/tecnost-za-ciscenje-motora-5l-clinex-expert\/","title":{"rendered":"TE\u010cNOST ZA \u010cI\u0160\u0106ENJE MOTORA 5L CLINEX EXPERT+"},"content":{"rendered":"","protected":false},"excerpt":{"rendered":"<p>Te\u010dnost za pranje motora i komponenti automobila. Zahvaljuju\u0107i sadr\u017eaju organskih rastvara\u010da, uklanja i najtvrdokorniju prljav\u0161tinu ulja i drugih naftnih derivata. Izbjegavajte kori\u0161tenje proizvoda na vru\u0107im povr\u0161inama. Ne koristiti na farbanim elementima. Primjena: Proizvod za pranje motora automobila i ostalih komponenti.<\/p>\n","protected":false},"featured_media":116513,"comment_status":"open","ping_status":"closed","template":"","meta":{"_acf_changed":false,"inline_featured_image":false},"product_brand":[],"product_cat":[73],"product_tag":[],"class_list":{"0":"post-116512","1":"product","2":"type-product","3":"status-publish","4":"has-post-thumbnail","6":"product_cat-sredstva-za-pranje-i-odrzavanje","8":"first","9":"instock","10":"taxable","11":"shipping-taxable","12":"purchasable","13":"product-type-simple"},"acf":[],"custom_product_id":"13214","_links":{"self":[{"href":"https:\/\/autostil.ba\/maloprodaja\/wp-json\/wp\/v2\/product\/116512","targetHints":{"allow":["GET"]}}],"collection":[{"href":"https:\/\/autostil.ba\/maloprodaja\/wp-json\/wp\/v2\/product"}],"about":[{"href":"https:\/\/autostil.ba\/maloprodaja\/wp-json\/wp\/v2\/types\/product"}],"replies":[{"embeddable":true,"href":"https:\/\/autostil.ba\/maloprodaja\/wp-json\/wp\/v2\/comments?post=116512"}],"version-history":[{"count":1,"href":"https:\/\/autostil.ba\/maloprodaja\/wp-json\/wp\/v2\/product\/116512\/revisions"}],"predecessor-version":[{"id":116514,"href":"https:\/\/autostil.ba\/maloprodaja\/wp-json\/wp\/v2\/product\/116512\/revisions\/116514"}],"wp:featuredmedia":[{"embeddable":true,"href":"https:\/\/autostil.ba\/maloprodaja\/wp-json\/wp\/v2\/media\/116513"}],"wp:attachment":[{"href":"https:\/\/autostil.ba\/maloprodaja\/wp-json\/wp\/v2\/media?parent=116512"}],"wp:term":[{"taxonomy":"product_brand","embeddable":true,"href":"https:\/\/autostil.ba\/maloprodaja\/wp-json\/wp\/v2\/product_brand?post=116512"},{"taxonomy":"product_cat","embeddable":true,"href":"https:\/\/autostil.ba\/maloprodaja\/wp-json\/wp\/v2\/product_cat?post=116512"},{"taxonomy":"product_tag","embeddable":true,"href":"https:\/\/autostil.ba\/maloprodaja\/wp-json\/wp\/v2\/product_tag?post=116512"}],"curies":[{"name":"wp","href":"https:\/\/api.w.org\/{rel}","templated":true}]}}