{"id":116502,"date":"2024-07-18T08:13:06","date_gmt":"2024-07-18T08:13:06","guid":{"rendered":"https:\/\/autostil.ba\/maloprodaja\/?post_type=product&#038;p=116502"},"modified":"2026-04-08T11:44:09","modified_gmt":"2026-04-08T09:44:09","slug":"vosak-za-auto-5l-hidro-vosak","status":"publish","type":"product","link":"https:\/\/autostil.ba\/maloprodaja\/proizvod\/7850\/vosak-za-auto-5l-hidro-vosak\/","title":{"rendered":"VOSAK ZA AUTO 5L (hidro vosak)"},"content":{"rendered":"","protected":false},"excerpt":{"rendered":"<p>VOSAK ZA AUTO 5L (hidro vosak) Osigurava dugotrajan vodoodbojni efekat, sjaj i \u0161titi karoseriju automobila.<br \/>\nZahvaljuju\u0107i savremenoj tehnologiji, proizvod ima odli\u010dna umiruju\u0107a svojstva \u010dak i vrlo tvrde vode \u0161to mu omogu\u0107ava jo\u0161 efikasnije djelovanje.<br \/>\nAntistati\u010dke supstance kori\u0161c\u0301ene u proizvodu efikasno \u0161tite od spoljnih faktora. Ne ostavlja tragove na povr\u0161ini<br \/>\nNanosi se nakon \u0161to aktivna pjena skrati vreme su\u0161enja vozila.<\/p>\n","protected":false},"featured_media":116503,"comment_status":"open","ping_status":"closed","template":"","meta":{"_acf_changed":false,"inline_featured_image":false},"product_brand":[],"product_cat":[164],"product_tag":[],"class_list":{"0":"post-116502","1":"product","2":"type-product","3":"status-publish","4":"has-post-thumbnail","6":"product_cat-car-detailing","8":"first","9":"instock","10":"taxable","11":"shipping-taxable","12":"purchasable","13":"product-type-simple"},"acf":[],"custom_product_id":"7850","_links":{"self":[{"href":"https:\/\/autostil.ba\/maloprodaja\/wp-json\/wp\/v2\/product\/116502","targetHints":{"allow":["GET"]}}],"collection":[{"href":"https:\/\/autostil.ba\/maloprodaja\/wp-json\/wp\/v2\/product"}],"about":[{"href":"https:\/\/autostil.ba\/maloprodaja\/wp-json\/wp\/v2\/types\/product"}],"replies":[{"embeddable":true,"href":"https:\/\/autostil.ba\/maloprodaja\/wp-json\/wp\/v2\/comments?post=116502"}],"version-history":[{"count":1,"href":"https:\/\/autostil.ba\/maloprodaja\/wp-json\/wp\/v2\/product\/116502\/revisions"}],"predecessor-version":[{"id":116504,"href":"https:\/\/autostil.ba\/maloprodaja\/wp-json\/wp\/v2\/product\/116502\/revisions\/116504"}],"wp:featuredmedia":[{"embeddable":true,"href":"https:\/\/autostil.ba\/maloprodaja\/wp-json\/wp\/v2\/media\/116503"}],"wp:attachment":[{"href":"https:\/\/autostil.ba\/maloprodaja\/wp-json\/wp\/v2\/media?parent=116502"}],"wp:term":[{"taxonomy":"product_brand","embeddable":true,"href":"https:\/\/autostil.ba\/maloprodaja\/wp-json\/wp\/v2\/product_brand?post=116502"},{"taxonomy":"product_cat","embeddable":true,"href":"https:\/\/autostil.ba\/maloprodaja\/wp-json\/wp\/v2\/product_cat?post=116502"},{"taxonomy":"product_tag","embeddable":true,"href":"https:\/\/autostil.ba\/maloprodaja\/wp-json\/wp\/v2\/product_tag?post=116502"}],"curies":[{"name":"wp","href":"https:\/\/api.w.org\/{rel}","templated":true}]}}