{"id":116442,"date":"2026-02-03T11:38:04","date_gmt":"2026-02-03T09:38:04","guid":{"rendered":"https:\/\/autostil.ba\/maloprodaja\/?post_type=product&#038;p=116442"},"modified":"2026-04-08T11:44:09","modified_gmt":"2026-04-08T09:44:09","slug":"tecnost-protiv-zamagljivanja-stakla-250ml-amtra","status":"publish","type":"product","link":"https:\/\/autostil.ba\/maloprodaja\/proizvod\/3361\/tecnost-protiv-zamagljivanja-stakla-250ml-amtra\/","title":{"rendered":"TE\u010cNOST PROTIV ZAMAGLJIVANJA STAKLA 250ml AMTRA"},"content":{"rendered":"","protected":false},"excerpt":{"rendered":"<p>TE\u010cNOST PROTIV ZAMAGLJIVANJA STAKLA 250ml AMTRA Ovaj proizvod koristi najnoviju tehnologiju od nano srebra za smanjenje zamagljivanja stakla na prozorima, retrovizorima i drugim staklenim povr\u0161inama. Nakon nano\u0161enja na prozore vozila, vidljivost se uveliko pobolj\u0161ava, naro\u010dito za vrijeme vo\u017enje po ki\u0161i i no\u0107u.<\/p>\n","protected":false},"featured_media":116443,"comment_status":"open","ping_status":"closed","template":"","meta":{"_acf_changed":false,"inline_featured_image":false},"product_brand":[],"product_cat":[73],"product_tag":[],"class_list":{"0":"post-116442","1":"product","2":"type-product","3":"status-publish","4":"has-post-thumbnail","6":"product_cat-sredstva-za-pranje-i-odrzavanje","8":"first","9":"instock","10":"taxable","11":"shipping-taxable","12":"purchasable","13":"product-type-simple"},"acf":[],"custom_product_id":"3361","_links":{"self":[{"href":"https:\/\/autostil.ba\/maloprodaja\/wp-json\/wp\/v2\/product\/116442","targetHints":{"allow":["GET"]}}],"collection":[{"href":"https:\/\/autostil.ba\/maloprodaja\/wp-json\/wp\/v2\/product"}],"about":[{"href":"https:\/\/autostil.ba\/maloprodaja\/wp-json\/wp\/v2\/types\/product"}],"replies":[{"embeddable":true,"href":"https:\/\/autostil.ba\/maloprodaja\/wp-json\/wp\/v2\/comments?post=116442"}],"version-history":[{"count":1,"href":"https:\/\/autostil.ba\/maloprodaja\/wp-json\/wp\/v2\/product\/116442\/revisions"}],"predecessor-version":[{"id":116444,"href":"https:\/\/autostil.ba\/maloprodaja\/wp-json\/wp\/v2\/product\/116442\/revisions\/116444"}],"wp:featuredmedia":[{"embeddable":true,"href":"https:\/\/autostil.ba\/maloprodaja\/wp-json\/wp\/v2\/media\/116443"}],"wp:attachment":[{"href":"https:\/\/autostil.ba\/maloprodaja\/wp-json\/wp\/v2\/media?parent=116442"}],"wp:term":[{"taxonomy":"product_brand","embeddable":true,"href":"https:\/\/autostil.ba\/maloprodaja\/wp-json\/wp\/v2\/product_brand?post=116442"},{"taxonomy":"product_cat","embeddable":true,"href":"https:\/\/autostil.ba\/maloprodaja\/wp-json\/wp\/v2\/product_cat?post=116442"},{"taxonomy":"product_tag","embeddable":true,"href":"https:\/\/autostil.ba\/maloprodaja\/wp-json\/wp\/v2\/product_tag?post=116442"}],"curies":[{"name":"wp","href":"https:\/\/api.w.org\/{rel}","templated":true}]}}