{"id":116432,"date":"2024-12-03T09:35:03","date_gmt":"2024-12-03T07:35:03","guid":{"rendered":"https:\/\/autostil.ba\/maloprodaja\/?post_type=product&#038;p=116432"},"modified":"2026-04-08T11:44:09","modified_gmt":"2026-04-08T09:44:09","slug":"maramice-za-ciscenje-instrument-table-24kom-mat-amtra","status":"publish","type":"product","link":"https:\/\/autostil.ba\/maloprodaja\/proizvod\/6836\/maramice-za-ciscenje-instrument-table-24kom-mat-amtra\/","title":{"rendered":"MARAMICE ZA \u010cI\u0160\u0106ENJE INSTRUMENT TABLE 24kom MAT AMTRA"},"content":{"rendered":"","protected":false},"excerpt":{"rendered":"<p>MARAMICE ZA \u010cI\u0160\u0106ENJE INSTRUMENT TABLE 24kom MAT AMTRA Antistati\u010dke maramice za \u010di\u0161\u0107enje instrument table jednostavne su za upotrebu. Napravljene od vrhunske tkanine impregnirane u\u010dinkovitim formulama za \u010di\u0161\u0107enje koje su sigurne za kontakt s ko\u017eom. Ostavlja povr\u0161inu mat sa mirisom limuna. 24 maramice po paketu.<\/p>\n","protected":false},"featured_media":116433,"comment_status":"open","ping_status":"closed","template":"","meta":{"_acf_changed":false,"inline_featured_image":false},"product_brand":[],"product_cat":[73],"product_tag":[],"class_list":{"0":"post-116432","1":"product","2":"type-product","3":"status-publish","4":"has-post-thumbnail","6":"product_cat-sredstva-za-pranje-i-odrzavanje","8":"first","9":"instock","10":"taxable","11":"shipping-taxable","12":"purchasable","13":"product-type-simple"},"acf":[],"custom_product_id":"6836","_links":{"self":[{"href":"https:\/\/autostil.ba\/maloprodaja\/wp-json\/wp\/v2\/product\/116432","targetHints":{"allow":["GET"]}}],"collection":[{"href":"https:\/\/autostil.ba\/maloprodaja\/wp-json\/wp\/v2\/product"}],"about":[{"href":"https:\/\/autostil.ba\/maloprodaja\/wp-json\/wp\/v2\/types\/product"}],"replies":[{"embeddable":true,"href":"https:\/\/autostil.ba\/maloprodaja\/wp-json\/wp\/v2\/comments?post=116432"}],"version-history":[{"count":1,"href":"https:\/\/autostil.ba\/maloprodaja\/wp-json\/wp\/v2\/product\/116432\/revisions"}],"predecessor-version":[{"id":116434,"href":"https:\/\/autostil.ba\/maloprodaja\/wp-json\/wp\/v2\/product\/116432\/revisions\/116434"}],"wp:featuredmedia":[{"embeddable":true,"href":"https:\/\/autostil.ba\/maloprodaja\/wp-json\/wp\/v2\/media\/116433"}],"wp:attachment":[{"href":"https:\/\/autostil.ba\/maloprodaja\/wp-json\/wp\/v2\/media?parent=116432"}],"wp:term":[{"taxonomy":"product_brand","embeddable":true,"href":"https:\/\/autostil.ba\/maloprodaja\/wp-json\/wp\/v2\/product_brand?post=116432"},{"taxonomy":"product_cat","embeddable":true,"href":"https:\/\/autostil.ba\/maloprodaja\/wp-json\/wp\/v2\/product_cat?post=116432"},{"taxonomy":"product_tag","embeddable":true,"href":"https:\/\/autostil.ba\/maloprodaja\/wp-json\/wp\/v2\/product_tag?post=116432"}],"curies":[{"name":"wp","href":"https:\/\/api.w.org\/{rel}","templated":true}]}}